{"id":1355,"date":"2021-12-28T11:12:12","date_gmt":"2021-12-28T11:12:12","guid":{"rendered":"https:\/\/nauticacentelles.cat\/amarratges\/"},"modified":"2021-12-28T11:12:14","modified_gmt":"2021-12-28T11:12:14","slug":"amarratges","status":"publish","type":"page","link":"https:\/\/nauticacentelles.cat\/ca\/amarratges\/","title":{"rendered":"Amarratges"},"content":{"rendered":"<p>Disposem d&#8217;amarradors propis, en venda o lloguer, per als clients.<\/p>\n<p>Oferim servei a les poblacions de: Portbou, Roses, Llan\u00e7\u00e0, Colera, Banyuls, Cerbere, Figueres.<\/p>\n<p>Per a m\u00e9s informaci\u00f3 trucar al Tel: <strong><a href=\"tel:0034972390388\">972 39 03 88<\/a><\/strong> o envieu un email a <a href=\"https:\/\/nauticacentelles.cat\/ca\/situacio-i-contacte\/\"><strong>info@nauticacentelles.cat<\/strong><\/a><\/p>\n<p>\t\t\t\t\t\t\t\t\t\t\t\t\t\t\t<img decoding=\"async\" width=\"900\" height=\"617\" src=\"https:\/\/nauticacentelles.cat\/wp-content\/uploads\/2021\/12\/Amarres-2.jpg\" alt=\"AMARRES\" loading=\"lazy\" srcset=\"https:\/\/nauticacentelles.cat\/wp-content\/uploads\/2021\/12\/Amarres-2.jpg 900w, https:\/\/nauticacentelles.cat\/wp-content\/uploads\/2021\/12\/Amarres-2-768x527.jpg 768w, https:\/\/nauticacentelles.cat\/wp-content\/uploads\/2021\/12\/Amarres-2-600x411.jpg 600w\" sizes=\"auto, (max-width: 900px) 100vw, 900px\" \/><br \/>\n\t\t\t\t\t\t\t\t\t\t\t\t\t\t\t<img decoding=\"async\" width=\"900\" height=\"617\" src=\"https:\/\/nauticacentelles.cat\/wp-content\/uploads\/2021\/12\/Amarres-3.jpg\" alt=\"AMARRES\" loading=\"lazy\" srcset=\"https:\/\/nauticacentelles.cat\/wp-content\/uploads\/2021\/12\/Amarres-3.jpg 900w, https:\/\/nauticacentelles.cat\/wp-content\/uploads\/2021\/12\/Amarres-3-768x527.jpg 768w, https:\/\/nauticacentelles.cat\/wp-content\/uploads\/2021\/12\/Amarres-3-600x411.jpg 600w\" sizes=\"auto, (max-width: 900px) 100vw, 900px\" \/><br \/>\n\t\t\t\t\t\t\t\t\t\t\t\t\t\t\t<img decoding=\"async\" width=\"900\" height=\"617\" src=\"https:\/\/nauticacentelles.cat\/wp-content\/uploads\/2021\/12\/Amarres-1.jpg\" alt=\"AMARRES\" loading=\"lazy\" srcset=\"https:\/\/nauticacentelles.cat\/wp-content\/uploads\/2021\/12\/Amarres-1.jpg 900w, https:\/\/nauticacentelles.cat\/wp-content\/uploads\/2021\/12\/Amarres-1-768x527.jpg 768w, https:\/\/nauticacentelles.cat\/wp-content\/uploads\/2021\/12\/Amarres-1-600x411.jpg 600w\" sizes=\"auto, (max-width: 900px) 100vw, 900px\" \/><\/p>\n","protected":false},"excerpt":{"rendered":"<p>Disposem d&#8217;amarradors propis, en venda o lloguer, per als clients. Oferim servei a les poblacions de: Portbou, Roses, Llan\u00e7\u00e0, Colera, Banyuls, Cerbere, Figueres. Per a m\u00e9s informaci\u00f3 trucar al Tel: 972 39 03 88 o envieu un email a info@nauticacentelles.cat<\/p>\n","protected":false},"author":1,"featured_media":1106,"parent":0,"menu_order":0,"comment_status":"closed","ping_status":"closed","template":"","meta":{"_monsterinsights_skip_tracking":false,"_monsterinsights_sitenote_active":false,"_monsterinsights_sitenote_note":"","_monsterinsights_sitenote_category":0,"footnotes":""},"class_list":["post-1355","page","type-page","status-publish","has-post-thumbnail","hentry"],"yoast_head":"<!-- This site is optimized with the Yoast SEO plugin v27.2 - https:\/\/yoast.com\/product\/yoast-seo-wordpress\/ -->\n<title>Amarratges - Nautica Centelles - Serveis de n\u00e0utica<\/title>\n<meta name=\"robots\" content=\"index, follow, max-snippet:-1, max-image-preview:large, max-video-preview:-1\" \/>\n<link rel=\"canonical\" href=\"https:\/\/nauticacentelles.cat\/ca\/amarratges\/\" \/>\n<meta property=\"og:locale\" content=\"ca_ES\" \/>\n<meta property=\"og:type\" content=\"article\" \/>\n<meta property=\"og:title\" content=\"Amarratges - Nautica Centelles - Serveis de n\u00e0utica\" \/>\n<meta property=\"og:description\" content=\"Disposem d&#8217;amarradors propis, en venda o lloguer, per als clients. Oferim servei a les poblacions de: Portbou, Roses, Llan\u00e7\u00e0, Colera, Banyuls, Cerbere, Figueres. Per a m\u00e9s informaci\u00f3 trucar al Tel: 972 39 03 88 o envieu un email a info@nauticacentelles.cat\" \/>\n<meta property=\"og:url\" content=\"https:\/\/nauticacentelles.cat\/ca\/amarratges\/\" \/>\n<meta property=\"og:site_name\" content=\"Nautica Centelles - Serveis de n\u00e0utica\" \/>\n<meta property=\"article:modified_time\" content=\"2021-12-28T11:12:14+00:00\" \/>\n<meta property=\"og:image\" content=\"https:\/\/nauticacentelles.cat\/wp-content\/uploads\/2021\/12\/img16.jpg\" \/>\n\t<meta property=\"og:image:width\" content=\"1880\" \/>\n\t<meta property=\"og:image:height\" content=\"600\" \/>\n\t<meta property=\"og:image:type\" content=\"image\/jpeg\" \/>\n<meta name=\"twitter:card\" content=\"summary_large_image\" \/>\n<script type=\"application\/ld+json\" class=\"yoast-schema-graph\">{\"@context\":\"https:\/\/schema.org\",\"@graph\":[{\"@type\":\"WebPage\",\"@id\":\"https:\/\/nauticacentelles.cat\/ca\/amarratges\/\",\"url\":\"https:\/\/nauticacentelles.cat\/ca\/amarratges\/\",\"name\":\"Amarratges - Nautica Centelles - Serveis de n\u00e0utica\",\"isPartOf\":{\"@id\":\"https:\/\/nauticacentelles.cat\/ca\/#website\"},\"primaryImageOfPage\":{\"@id\":\"https:\/\/nauticacentelles.cat\/ca\/amarratges\/#primaryimage\"},\"image\":{\"@id\":\"https:\/\/nauticacentelles.cat\/ca\/amarratges\/#primaryimage\"},\"thumbnailUrl\":\"https:\/\/nauticacentelles.cat\/wp-content\/uploads\/2021\/12\/img16.jpg\",\"datePublished\":\"2021-12-28T11:12:12+00:00\",\"dateModified\":\"2021-12-28T11:12:14+00:00\",\"breadcrumb\":{\"@id\":\"https:\/\/nauticacentelles.cat\/ca\/amarratges\/#breadcrumb\"},\"inLanguage\":\"ca\",\"potentialAction\":[{\"@type\":\"ReadAction\",\"target\":[\"https:\/\/nauticacentelles.cat\/ca\/amarratges\/\"]}]},{\"@type\":\"ImageObject\",\"inLanguage\":\"ca\",\"@id\":\"https:\/\/nauticacentelles.cat\/ca\/amarratges\/#primaryimage\",\"url\":\"https:\/\/nauticacentelles.cat\/wp-content\/uploads\/2021\/12\/img16.jpg\",\"contentUrl\":\"https:\/\/nauticacentelles.cat\/wp-content\/uploads\/2021\/12\/img16.jpg\",\"width\":1880,\"height\":600},{\"@type\":\"BreadcrumbList\",\"@id\":\"https:\/\/nauticacentelles.cat\/ca\/amarratges\/#breadcrumb\",\"itemListElement\":[{\"@type\":\"ListItem\",\"position\":1,\"name\":\"Portada\",\"item\":\"https:\/\/nauticacentelles.cat\/ca\/\"},{\"@type\":\"ListItem\",\"position\":2,\"name\":\"Amarratges\"}]},{\"@type\":\"WebSite\",\"@id\":\"https:\/\/nauticacentelles.cat\/ca\/#website\",\"url\":\"https:\/\/nauticacentelles.cat\/ca\/\",\"name\":\"Nautica Centelles - Serveis de n\u00e0utica\",\"description\":\"Empresa especialitzada en tota mena de serveis n\u00e0utics, reparaci\u00f3 i manteniment d'embarcacions.\",\"publisher\":{\"@id\":\"https:\/\/nauticacentelles.cat\/ca\/#organization\"},\"potentialAction\":[{\"@type\":\"SearchAction\",\"target\":{\"@type\":\"EntryPoint\",\"urlTemplate\":\"https:\/\/nauticacentelles.cat\/ca\/?s={search_term_string}\"},\"query-input\":{\"@type\":\"PropertyValueSpecification\",\"valueRequired\":true,\"valueName\":\"search_term_string\"}}],\"inLanguage\":\"ca\"},{\"@type\":\"Organization\",\"@id\":\"https:\/\/nauticacentelles.cat\/ca\/#organization\",\"name\":\"Nautica Centelles\",\"url\":\"https:\/\/nauticacentelles.cat\/ca\/\",\"logo\":{\"@type\":\"ImageObject\",\"inLanguage\":\"ca\",\"@id\":\"https:\/\/nauticacentelles.cat\/ca\/#\/schema\/logo\/image\/\",\"url\":\"https:\/\/nauticacentelles.cat\/wp-content\/uploads\/2021\/12\/Logo-Nautica-Centelles-1024x445-1.png\",\"contentUrl\":\"https:\/\/nauticacentelles.cat\/wp-content\/uploads\/2021\/12\/Logo-Nautica-Centelles-1024x445-1.png\",\"width\":1024,\"height\":445,\"caption\":\"Nautica Centelles\"},\"image\":{\"@id\":\"https:\/\/nauticacentelles.cat\/ca\/#\/schema\/logo\/image\/\"}}]}<\/script>\n<!-- \/ Yoast SEO plugin. -->","yoast_head_json":{"title":"Amarratges - Nautica Centelles - Serveis de n\u00e0utica","robots":{"index":"index","follow":"follow","max-snippet":"max-snippet:-1","max-image-preview":"max-image-preview:large","max-video-preview":"max-video-preview:-1"},"canonical":"https:\/\/nauticacentelles.cat\/ca\/amarratges\/","og_locale":"ca_ES","og_type":"article","og_title":"Amarratges - Nautica Centelles - Serveis de n\u00e0utica","og_description":"Disposem d&#8217;amarradors propis, en venda o lloguer, per als clients. Oferim servei a les poblacions de: Portbou, Roses, Llan\u00e7\u00e0, Colera, Banyuls, Cerbere, Figueres. Per a m\u00e9s informaci\u00f3 trucar al Tel: 972 39 03 88 o envieu un email a info@nauticacentelles.cat","og_url":"https:\/\/nauticacentelles.cat\/ca\/amarratges\/","og_site_name":"Nautica Centelles - Serveis de n\u00e0utica","article_modified_time":"2021-12-28T11:12:14+00:00","og_image":[{"width":1880,"height":600,"url":"https:\/\/nauticacentelles.cat\/wp-content\/uploads\/2021\/12\/img16.jpg","type":"image\/jpeg"}],"twitter_card":"summary_large_image","schema":{"@context":"https:\/\/schema.org","@graph":[{"@type":"WebPage","@id":"https:\/\/nauticacentelles.cat\/ca\/amarratges\/","url":"https:\/\/nauticacentelles.cat\/ca\/amarratges\/","name":"Amarratges - Nautica Centelles - Serveis de n\u00e0utica","isPartOf":{"@id":"https:\/\/nauticacentelles.cat\/ca\/#website"},"primaryImageOfPage":{"@id":"https:\/\/nauticacentelles.cat\/ca\/amarratges\/#primaryimage"},"image":{"@id":"https:\/\/nauticacentelles.cat\/ca\/amarratges\/#primaryimage"},"thumbnailUrl":"https:\/\/nauticacentelles.cat\/wp-content\/uploads\/2021\/12\/img16.jpg","datePublished":"2021-12-28T11:12:12+00:00","dateModified":"2021-12-28T11:12:14+00:00","breadcrumb":{"@id":"https:\/\/nauticacentelles.cat\/ca\/amarratges\/#breadcrumb"},"inLanguage":"ca","potentialAction":[{"@type":"ReadAction","target":["https:\/\/nauticacentelles.cat\/ca\/amarratges\/"]}]},{"@type":"ImageObject","inLanguage":"ca","@id":"https:\/\/nauticacentelles.cat\/ca\/amarratges\/#primaryimage","url":"https:\/\/nauticacentelles.cat\/wp-content\/uploads\/2021\/12\/img16.jpg","contentUrl":"https:\/\/nauticacentelles.cat\/wp-content\/uploads\/2021\/12\/img16.jpg","width":1880,"height":600},{"@type":"BreadcrumbList","@id":"https:\/\/nauticacentelles.cat\/ca\/amarratges\/#breadcrumb","itemListElement":[{"@type":"ListItem","position":1,"name":"Portada","item":"https:\/\/nauticacentelles.cat\/ca\/"},{"@type":"ListItem","position":2,"name":"Amarratges"}]},{"@type":"WebSite","@id":"https:\/\/nauticacentelles.cat\/ca\/#website","url":"https:\/\/nauticacentelles.cat\/ca\/","name":"Nautica Centelles - Serveis de n\u00e0utica","description":"Empresa especialitzada en tota mena de serveis n\u00e0utics, reparaci\u00f3 i manteniment d'embarcacions.","publisher":{"@id":"https:\/\/nauticacentelles.cat\/ca\/#organization"},"potentialAction":[{"@type":"SearchAction","target":{"@type":"EntryPoint","urlTemplate":"https:\/\/nauticacentelles.cat\/ca\/?s={search_term_string}"},"query-input":{"@type":"PropertyValueSpecification","valueRequired":true,"valueName":"search_term_string"}}],"inLanguage":"ca"},{"@type":"Organization","@id":"https:\/\/nauticacentelles.cat\/ca\/#organization","name":"Nautica Centelles","url":"https:\/\/nauticacentelles.cat\/ca\/","logo":{"@type":"ImageObject","inLanguage":"ca","@id":"https:\/\/nauticacentelles.cat\/ca\/#\/schema\/logo\/image\/","url":"https:\/\/nauticacentelles.cat\/wp-content\/uploads\/2021\/12\/Logo-Nautica-Centelles-1024x445-1.png","contentUrl":"https:\/\/nauticacentelles.cat\/wp-content\/uploads\/2021\/12\/Logo-Nautica-Centelles-1024x445-1.png","width":1024,"height":445,"caption":"Nautica Centelles"},"image":{"@id":"https:\/\/nauticacentelles.cat\/ca\/#\/schema\/logo\/image\/"}}]}},"_links":{"self":[{"href":"https:\/\/nauticacentelles.cat\/ca\/wp-json\/wp\/v2\/pages\/1355","targetHints":{"allow":["GET"]}}],"collection":[{"href":"https:\/\/nauticacentelles.cat\/ca\/wp-json\/wp\/v2\/pages"}],"about":[{"href":"https:\/\/nauticacentelles.cat\/ca\/wp-json\/wp\/v2\/types\/page"}],"author":[{"embeddable":true,"href":"https:\/\/nauticacentelles.cat\/ca\/wp-json\/wp\/v2\/users\/1"}],"replies":[{"embeddable":true,"href":"https:\/\/nauticacentelles.cat\/ca\/wp-json\/wp\/v2\/comments?post=1355"}],"version-history":[{"count":0,"href":"https:\/\/nauticacentelles.cat\/ca\/wp-json\/wp\/v2\/pages\/1355\/revisions"}],"wp:featuredmedia":[{"embeddable":true,"href":"https:\/\/nauticacentelles.cat\/ca\/wp-json\/wp\/v2\/media\/1106"}],"wp:attachment":[{"href":"https:\/\/nauticacentelles.cat\/ca\/wp-json\/wp\/v2\/media?parent=1355"}],"curies":[{"name":"wp","href":"https:\/\/api.w.org\/{rel}","templated":true}]}}