{"id":1351,"date":"2021-12-20T14:05:14","date_gmt":"2021-12-28T10:41:32","guid":{"rendered":"https:\/\/nauticacentelles.cat\/producto\/scarani-day-cruiser-30\/"},"modified":"2021-12-28T10:41:32","modified_gmt":"2021-12-28T10:41:32","slug":"scarani-day-cruiser-30-2","status":"publish","type":"product","link":"https:\/\/nauticacentelles.cat\/ca\/producte\/scarani-day-cruiser-30-2\/","title":{"rendered":"Scarani Day Cruiser 30"},"content":{"rendered":"<p>Els amplis interiors i la perspectiva d&#8217;espai continuada ens permet parlar d&#8217;una embarcaci\u00f3 sense limitacions amb uns resultats mai vist fins ara. Hem imaginat un cockpit que pot estar revestit amb fusta de teca de 2,5 m. d&#8217;ample. Un astut sof\u00e0 en forma de L fins a la plataforma de bany sense per aix\u00f2 minvar la utilitzaci\u00f3 de la plataforma i la possibilitat de col\u00b7locar un tender. La banyera est\u00e0 equipada amb un elegant moble funcional i de disseny combinant amb harmonia la cuina, el frigor\u00edfic, i el lavabo, suportant alhora el seient pilot i copilot. <\/p>\n<p>Un altre \u00e8xit \u00e9s el concepte del canap\u00e8 de popa amb el respatller abatible i transformable en sol\u00e0rium. Els profunds passadissos asim\u00e8trics d&#8217;acc\u00e9s a proa ofereixen una seguretat total, permetent el despla\u00e7ament des de l&#8217;espai de popa cap a proa amb tota llibertat. El sol\u00e0rium de proa de grans dimensions ocupa tota la coberta fent aquesta embarcaci\u00f3 ideal pels que estimen la vida a l&#8217;aire lliure. El subtil arc de radar opcional permet accedir al complement de programes com ara protegir-nos del sol o del mal temps.<\/p>\n<p>El parabrisa deflector invertit de forma allargada, associat a les grans finestres laterals del casc donen un toc final encara m\u00e9s esportiu a aquest estil innovador d&#8217;aquest \u00e0gil navili. La gran porta lluminosa d&#8217;acc\u00e9s a la cabina ofereix un acc\u00e9s perfecte cap a un sof\u00e0 transformable en llit de grans dimensions.<\/p>\n<p>La cabina de popa amb un espai\u00f3s llit doble ofereix la possibilitat de dividir-se en dos ambients mitjan\u00e7ant una separaci\u00f3 individual i amb porta, preservant d&#8217;aquesta manera la intimitat a bord, cosa que no trobarem en altres embarcacions de similar eslora, aix\u00ed com el quart de bany complet de refinat disseny. Aquest assortiment d&#8217;articles i possibilitats tan particulars d&#8217;\u00fas fan d&#8217;aquest Day Cruiser una \u00fanica excepci\u00f3 a la seva categoria.<\/p>\n<p>Caracter\u00edstiques t\u00e8cniques:<\/p>\n<p>Eslora total(m): 9,15<br \/>\nEslora homologaci\u00f3(m): 7,95<br \/>\nM\u00e0niga(m): 3,00<br \/>\nPes en buit(kg): 3300<br \/>\nCapacitat(pax): 8<br \/>\nDip\u00f2sit combustible(l): 400<br \/>\nDip\u00f2sit aigua(l): 80<br \/>\nCategoria del projecte: B<br \/>\nPot\u00e8ncies aconsellada: D.F.B. Benzina: 440-520 HP \/ D.F.B. T.Diesel: 340-440 HP<br \/>\nBanyera autobuidant: S\u00ed<br \/>\nRemolcable: S\u00ed<\/p>\n","protected":false},"excerpt":{"rendered":"<p>Una embarcaci\u00f3 sense limitacions amb uns resultats mai vist fins ara.<\/p>\n","protected":false},"featured_media":1086,"comment_status":"closed","ping_status":"closed","template":"","meta":{"_monsterinsights_skip_tracking":false,"_monsterinsights_sitenote_active":false,"_monsterinsights_sitenote_note":"","_monsterinsights_sitenote_category":0},"pwb-brand":[],"product_brand":[],"product_cat":[36,41],"product_tag":[],"class_list":{"0":"post-1351","1":"product","2":"type-product","3":"status-publish","4":"has-post-thumbnail","6":"product_cat-embarcacions-noves","7":"product_cat-scarani-ca","9":"first","10":"instock","11":"shipping-taxable","12":"product-type-simple"},"yoast_head":"<!-- This site is optimized with the Yoast SEO plugin v27.2 - https:\/\/yoast.com\/product\/yoast-seo-wordpress\/ -->\n<title>Scarani Day Cruiser 30 - Nautica Centelles - Serveis de n\u00e0utica<\/title>\n<meta name=\"robots\" content=\"index, follow, max-snippet:-1, max-image-preview:large, max-video-preview:-1\" \/>\n<link rel=\"canonical\" href=\"https:\/\/nauticacentelles.cat\/ca\/producte\/scarani-day-cruiser-30-2\/\" \/>\n<meta property=\"og:locale\" content=\"ca_ES\" \/>\n<meta property=\"og:type\" content=\"article\" \/>\n<meta property=\"og:title\" content=\"Scarani Day Cruiser 30 - Nautica Centelles - Serveis de n\u00e0utica\" \/>\n<meta property=\"og:description\" content=\"Una embarcaci\u00f3 sense limitacions amb uns resultats mai vist fins ara.\" \/>\n<meta property=\"og:url\" content=\"https:\/\/nauticacentelles.cat\/ca\/producte\/scarani-day-cruiser-30-2\/\" \/>\n<meta property=\"og:site_name\" content=\"Nautica Centelles - Serveis de n\u00e0utica\" \/>\n<meta property=\"og:image\" content=\"https:\/\/nauticacentelles.cat\/wp-content\/uploads\/2021\/12\/Scarani-Day-Cruiser-30-01.jpg\" \/>\n\t<meta property=\"og:image:width\" content=\"1180\" \/>\n\t<meta property=\"og:image:height\" content=\"774\" \/>\n\t<meta property=\"og:image:type\" content=\"image\/jpeg\" \/>\n<meta name=\"twitter:card\" content=\"summary_large_image\" \/>\n<meta name=\"twitter:label1\" content=\"Temps estimat de lectura\" \/>\n\t<meta name=\"twitter:data1\" content=\"2 minuts\" \/>\n<script type=\"application\/ld+json\" class=\"yoast-schema-graph\">{\"@context\":\"https:\/\/schema.org\",\"@graph\":[{\"@type\":\"WebPage\",\"@id\":\"https:\/\/nauticacentelles.cat\/ca\/producte\/scarani-day-cruiser-30-2\/\",\"url\":\"https:\/\/nauticacentelles.cat\/ca\/producte\/scarani-day-cruiser-30-2\/\",\"name\":\"Scarani Day Cruiser 30 - Nautica Centelles - Serveis de n\u00e0utica\",\"isPartOf\":{\"@id\":\"https:\/\/nauticacentelles.cat\/ca\/#website\"},\"primaryImageOfPage\":{\"@id\":\"https:\/\/nauticacentelles.cat\/ca\/producte\/scarani-day-cruiser-30-2\/#primaryimage\"},\"image\":{\"@id\":\"https:\/\/nauticacentelles.cat\/ca\/producte\/scarani-day-cruiser-30-2\/#primaryimage\"},\"thumbnailUrl\":\"https:\/\/nauticacentelles.cat\/wp-content\/uploads\/2021\/12\/Scarani-Day-Cruiser-30-01.jpg\",\"datePublished\":\"2021-12-28T10:41:32+00:00\",\"breadcrumb\":{\"@id\":\"https:\/\/nauticacentelles.cat\/ca\/producte\/scarani-day-cruiser-30-2\/#breadcrumb\"},\"inLanguage\":\"ca\",\"potentialAction\":[{\"@type\":\"ReadAction\",\"target\":[\"https:\/\/nauticacentelles.cat\/ca\/producte\/scarani-day-cruiser-30-2\/\"]}]},{\"@type\":\"ImageObject\",\"inLanguage\":\"ca\",\"@id\":\"https:\/\/nauticacentelles.cat\/ca\/producte\/scarani-day-cruiser-30-2\/#primaryimage\",\"url\":\"https:\/\/nauticacentelles.cat\/wp-content\/uploads\/2021\/12\/Scarani-Day-Cruiser-30-01.jpg\",\"contentUrl\":\"https:\/\/nauticacentelles.cat\/wp-content\/uploads\/2021\/12\/Scarani-Day-Cruiser-30-01.jpg\",\"width\":1180,\"height\":774,\"caption\":\"Scarani Day Cruiser 30\"},{\"@type\":\"BreadcrumbList\",\"@id\":\"https:\/\/nauticacentelles.cat\/ca\/producte\/scarani-day-cruiser-30-2\/#breadcrumb\",\"itemListElement\":[{\"@type\":\"ListItem\",\"position\":1,\"name\":\"Portada\",\"item\":\"https:\/\/nauticacentelles.cat\/ca\/\"},{\"@type\":\"ListItem\",\"position\":2,\"name\":\"La Botiga\",\"item\":\"https:\/\/nauticacentelles.cat\/ca\/la-botiga\/\"},{\"@type\":\"ListItem\",\"position\":3,\"name\":\"Scarani Day Cruiser 30\"}]},{\"@type\":\"WebSite\",\"@id\":\"https:\/\/nauticacentelles.cat\/ca\/#website\",\"url\":\"https:\/\/nauticacentelles.cat\/ca\/\",\"name\":\"Nautica Centelles - Serveis de n\u00e0utica\",\"description\":\"Empresa especialitzada en tota mena de serveis n\u00e0utics, reparaci\u00f3 i manteniment d'embarcacions.\",\"publisher\":{\"@id\":\"https:\/\/nauticacentelles.cat\/ca\/#organization\"},\"potentialAction\":[{\"@type\":\"SearchAction\",\"target\":{\"@type\":\"EntryPoint\",\"urlTemplate\":\"https:\/\/nauticacentelles.cat\/ca\/?s={search_term_string}\"},\"query-input\":{\"@type\":\"PropertyValueSpecification\",\"valueRequired\":true,\"valueName\":\"search_term_string\"}}],\"inLanguage\":\"ca\"},{\"@type\":\"Organization\",\"@id\":\"https:\/\/nauticacentelles.cat\/ca\/#organization\",\"name\":\"Nautica Centelles\",\"url\":\"https:\/\/nauticacentelles.cat\/ca\/\",\"logo\":{\"@type\":\"ImageObject\",\"inLanguage\":\"ca\",\"@id\":\"https:\/\/nauticacentelles.cat\/ca\/#\/schema\/logo\/image\/\",\"url\":\"https:\/\/nauticacentelles.cat\/wp-content\/uploads\/2021\/12\/Logo-Nautica-Centelles-1024x445-1.png\",\"contentUrl\":\"https:\/\/nauticacentelles.cat\/wp-content\/uploads\/2021\/12\/Logo-Nautica-Centelles-1024x445-1.png\",\"width\":1024,\"height\":445,\"caption\":\"Nautica Centelles\"},\"image\":{\"@id\":\"https:\/\/nauticacentelles.cat\/ca\/#\/schema\/logo\/image\/\"}}]}<\/script>\n<!-- \/ Yoast SEO plugin. -->","yoast_head_json":{"title":"Scarani Day Cruiser 30 - Nautica Centelles - Serveis de n\u00e0utica","robots":{"index":"index","follow":"follow","max-snippet":"max-snippet:-1","max-image-preview":"max-image-preview:large","max-video-preview":"max-video-preview:-1"},"canonical":"https:\/\/nauticacentelles.cat\/ca\/producte\/scarani-day-cruiser-30-2\/","og_locale":"ca_ES","og_type":"article","og_title":"Scarani Day Cruiser 30 - Nautica Centelles - Serveis de n\u00e0utica","og_description":"Una embarcaci\u00f3 sense limitacions amb uns resultats mai vist fins ara.","og_url":"https:\/\/nauticacentelles.cat\/ca\/producte\/scarani-day-cruiser-30-2\/","og_site_name":"Nautica Centelles - Serveis de n\u00e0utica","og_image":[{"width":1180,"height":774,"url":"https:\/\/nauticacentelles.cat\/wp-content\/uploads\/2021\/12\/Scarani-Day-Cruiser-30-01.jpg","type":"image\/jpeg"}],"twitter_card":"summary_large_image","twitter_misc":{"Temps estimat de lectura":"2 minuts"},"schema":{"@context":"https:\/\/schema.org","@graph":[{"@type":"WebPage","@id":"https:\/\/nauticacentelles.cat\/ca\/producte\/scarani-day-cruiser-30-2\/","url":"https:\/\/nauticacentelles.cat\/ca\/producte\/scarani-day-cruiser-30-2\/","name":"Scarani Day Cruiser 30 - Nautica Centelles - Serveis de n\u00e0utica","isPartOf":{"@id":"https:\/\/nauticacentelles.cat\/ca\/#website"},"primaryImageOfPage":{"@id":"https:\/\/nauticacentelles.cat\/ca\/producte\/scarani-day-cruiser-30-2\/#primaryimage"},"image":{"@id":"https:\/\/nauticacentelles.cat\/ca\/producte\/scarani-day-cruiser-30-2\/#primaryimage"},"thumbnailUrl":"https:\/\/nauticacentelles.cat\/wp-content\/uploads\/2021\/12\/Scarani-Day-Cruiser-30-01.jpg","datePublished":"2021-12-28T10:41:32+00:00","breadcrumb":{"@id":"https:\/\/nauticacentelles.cat\/ca\/producte\/scarani-day-cruiser-30-2\/#breadcrumb"},"inLanguage":"ca","potentialAction":[{"@type":"ReadAction","target":["https:\/\/nauticacentelles.cat\/ca\/producte\/scarani-day-cruiser-30-2\/"]}]},{"@type":"ImageObject","inLanguage":"ca","@id":"https:\/\/nauticacentelles.cat\/ca\/producte\/scarani-day-cruiser-30-2\/#primaryimage","url":"https:\/\/nauticacentelles.cat\/wp-content\/uploads\/2021\/12\/Scarani-Day-Cruiser-30-01.jpg","contentUrl":"https:\/\/nauticacentelles.cat\/wp-content\/uploads\/2021\/12\/Scarani-Day-Cruiser-30-01.jpg","width":1180,"height":774,"caption":"Scarani Day Cruiser 30"},{"@type":"BreadcrumbList","@id":"https:\/\/nauticacentelles.cat\/ca\/producte\/scarani-day-cruiser-30-2\/#breadcrumb","itemListElement":[{"@type":"ListItem","position":1,"name":"Portada","item":"https:\/\/nauticacentelles.cat\/ca\/"},{"@type":"ListItem","position":2,"name":"La Botiga","item":"https:\/\/nauticacentelles.cat\/ca\/la-botiga\/"},{"@type":"ListItem","position":3,"name":"Scarani Day Cruiser 30"}]},{"@type":"WebSite","@id":"https:\/\/nauticacentelles.cat\/ca\/#website","url":"https:\/\/nauticacentelles.cat\/ca\/","name":"Nautica Centelles - Serveis de n\u00e0utica","description":"Empresa especialitzada en tota mena de serveis n\u00e0utics, reparaci\u00f3 i manteniment d'embarcacions.","publisher":{"@id":"https:\/\/nauticacentelles.cat\/ca\/#organization"},"potentialAction":[{"@type":"SearchAction","target":{"@type":"EntryPoint","urlTemplate":"https:\/\/nauticacentelles.cat\/ca\/?s={search_term_string}"},"query-input":{"@type":"PropertyValueSpecification","valueRequired":true,"valueName":"search_term_string"}}],"inLanguage":"ca"},{"@type":"Organization","@id":"https:\/\/nauticacentelles.cat\/ca\/#organization","name":"Nautica Centelles","url":"https:\/\/nauticacentelles.cat\/ca\/","logo":{"@type":"ImageObject","inLanguage":"ca","@id":"https:\/\/nauticacentelles.cat\/ca\/#\/schema\/logo\/image\/","url":"https:\/\/nauticacentelles.cat\/wp-content\/uploads\/2021\/12\/Logo-Nautica-Centelles-1024x445-1.png","contentUrl":"https:\/\/nauticacentelles.cat\/wp-content\/uploads\/2021\/12\/Logo-Nautica-Centelles-1024x445-1.png","width":1024,"height":445,"caption":"Nautica Centelles"},"image":{"@id":"https:\/\/nauticacentelles.cat\/ca\/#\/schema\/logo\/image\/"}}]}},"brands":[],"_links":{"self":[{"href":"https:\/\/nauticacentelles.cat\/ca\/wp-json\/wp\/v2\/product\/1351","targetHints":{"allow":["GET"]}}],"collection":[{"href":"https:\/\/nauticacentelles.cat\/ca\/wp-json\/wp\/v2\/product"}],"about":[{"href":"https:\/\/nauticacentelles.cat\/ca\/wp-json\/wp\/v2\/types\/product"}],"replies":[{"embeddable":true,"href":"https:\/\/nauticacentelles.cat\/ca\/wp-json\/wp\/v2\/comments?post=1351"}],"wp:featuredmedia":[{"embeddable":true,"href":"https:\/\/nauticacentelles.cat\/ca\/wp-json\/wp\/v2\/media\/1086"}],"wp:attachment":[{"href":"https:\/\/nauticacentelles.cat\/ca\/wp-json\/wp\/v2\/media?parent=1351"}],"wp:term":[{"taxonomy":"pwb-brand","embeddable":true,"href":"https:\/\/nauticacentelles.cat\/ca\/wp-json\/wp\/v2\/pwb-brand?post=1351"},{"taxonomy":"product_brand","embeddable":true,"href":"https:\/\/nauticacentelles.cat\/ca\/wp-json\/wp\/v2\/product_brand?post=1351"},{"taxonomy":"product_cat","embeddable":true,"href":"https:\/\/nauticacentelles.cat\/ca\/wp-json\/wp\/v2\/product_cat?post=1351"},{"taxonomy":"product_tag","embeddable":true,"href":"https:\/\/nauticacentelles.cat\/ca\/wp-json\/wp\/v2\/product_tag?post=1351"}],"curies":[{"name":"wp","href":"https:\/\/api.w.org\/{rel}","templated":true}]}}