{"id":1354,"date":"2021-12-20T13:54:39","date_gmt":"2021-12-28T11:09:09","guid":{"rendered":"https:\/\/nauticacentelles.cat\/producto\/scarani-cruiser-31\/"},"modified":"2021-12-28T11:09:09","modified_gmt":"2021-12-28T11:09:09","slug":"scarani-cruiser-31-2","status":"publish","type":"product","link":"https:\/\/nauticacentelles.cat\/ca\/producte\/scarani-cruiser-31-2\/","title":{"rendered":"Scarani Cruiser 31"},"content":{"rendered":"<p>La seva potent imatge, el seu gran volum interior, la seva \u00e0mplia banyera captivaran la fam\u00edlia i els amics. Imagini&#8217;s una setmana a les illes fondejat al lloc del seu gust m\u00e9s gran a bord de la seva pr\u00f2pia embarcaci\u00f3.<\/p>\n<p>A l&#8217;exterior una taula de picnic transformable en sol\u00e0rium aix\u00ed com una espectacular plataforma de bany, formen part del seu encant. La nit els llums de l&#8217;arc de radar il\u00b7luminaran el sopar en fam\u00edlia. La gran plataforma de bany, equipada amb un allotjament per a les defenses, escales de bany, dutxa i porta d&#8217;acc\u00e9s a la banyera us assegura una zona de bany privilegiada. Un moble exterior amb lavabo i frigor\u00edfic augmentar\u00e0 el confort.<\/p>\n<p>A l&#8217;interior, una cambra de bany completa amb una entrada independent per a cada cabina aix\u00ed com una cuina en angle totalment equipada formen l&#8217;espai interior. Una disposici\u00f3 intel\u00b7ligent que ofereix confort, i dues cabines totalment independents. El treball d&#8217;ebenisteria dels mobles es va elaborar amb suc cuidat donant a l&#8217;ambient una atmosfera calorosa i acollidora.<\/p>\n<p>Caracter\u00edstiques t\u00e8cniques:<\/p>\n<p>Eslora total(m): 9,47<br \/>\nEslora homologaci\u00f3(m): 7,95<br \/>\nM\u00e0niga(m): 2,95<br \/>\nCapacitat(pax): 8<br \/>\nDip\u00f2sit combustible(l): 330<br \/>\nDip\u00f2sit aigua(l): 190<br \/>\nCategoria del projecte: B<br \/>\nPot\u00e8ncies aconsellada: D.F.B. Benzina: 440 HP \/ D.F.B. T.Diesel: 320-380 HP<br \/>\nBanyera autobuidant: S\u00ed<br \/>\nRemolcable: S\u00ed<\/p>\n","protected":false},"excerpt":{"rendered":"<p>La seva potent imatge, el seu gran volum interior, la seva \u00e0mplia banyera captivaran la fam\u00edlia i els amics.<\/p>\n","protected":false},"featured_media":1083,"comment_status":"closed","ping_status":"closed","template":"","meta":{"_monsterinsights_skip_tracking":false,"_monsterinsights_sitenote_active":false,"_monsterinsights_sitenote_note":"","_monsterinsights_sitenote_category":0},"pwb-brand":[],"product_brand":[],"product_cat":[36,41],"product_tag":[],"class_list":{"0":"post-1354","1":"product","2":"type-product","3":"status-publish","4":"has-post-thumbnail","6":"product_cat-embarcacions-noves","7":"product_cat-scarani-ca","9":"first","10":"instock","11":"shipping-taxable","12":"product-type-simple"},"yoast_head":"<!-- This site is optimized with the Yoast SEO plugin v27.2 - https:\/\/yoast.com\/product\/yoast-seo-wordpress\/ -->\n<title>Scarani Cruiser 31 - Nautica Centelles - Serveis de n\u00e0utica<\/title>\n<meta name=\"robots\" content=\"index, follow, max-snippet:-1, max-image-preview:large, max-video-preview:-1\" \/>\n<link rel=\"canonical\" href=\"https:\/\/nauticacentelles.cat\/ca\/producte\/scarani-cruiser-31-2\/\" \/>\n<meta property=\"og:locale\" content=\"ca_ES\" \/>\n<meta property=\"og:type\" content=\"article\" \/>\n<meta property=\"og:title\" content=\"Scarani Cruiser 31 - Nautica Centelles - Serveis de n\u00e0utica\" \/>\n<meta property=\"og:description\" content=\"La seva potent imatge, el seu gran volum interior, la seva \u00e0mplia banyera captivaran la fam\u00edlia i els amics.\" \/>\n<meta property=\"og:url\" content=\"https:\/\/nauticacentelles.cat\/ca\/producte\/scarani-cruiser-31-2\/\" \/>\n<meta property=\"og:site_name\" content=\"Nautica Centelles - Serveis de n\u00e0utica\" \/>\n<meta property=\"og:image\" content=\"https:\/\/nauticacentelles.cat\/wp-content\/uploads\/2021\/12\/Scarani-Cruiser-31-01.jpg\" \/>\n\t<meta property=\"og:image:width\" content=\"913\" \/>\n\t<meta property=\"og:image:height\" content=\"662\" \/>\n\t<meta property=\"og:image:type\" content=\"image\/jpeg\" \/>\n<meta name=\"twitter:card\" content=\"summary_large_image\" \/>\n<meta name=\"twitter:label1\" content=\"Temps estimat de lectura\" \/>\n\t<meta name=\"twitter:data1\" content=\"1 minut\" \/>\n<script type=\"application\/ld+json\" class=\"yoast-schema-graph\">{\"@context\":\"https:\/\/schema.org\",\"@graph\":[{\"@type\":\"WebPage\",\"@id\":\"https:\/\/nauticacentelles.cat\/ca\/producte\/scarani-cruiser-31-2\/\",\"url\":\"https:\/\/nauticacentelles.cat\/ca\/producte\/scarani-cruiser-31-2\/\",\"name\":\"Scarani Cruiser 31 - Nautica Centelles - Serveis de n\u00e0utica\",\"isPartOf\":{\"@id\":\"https:\/\/nauticacentelles.cat\/ca\/#website\"},\"primaryImageOfPage\":{\"@id\":\"https:\/\/nauticacentelles.cat\/ca\/producte\/scarani-cruiser-31-2\/#primaryimage\"},\"image\":{\"@id\":\"https:\/\/nauticacentelles.cat\/ca\/producte\/scarani-cruiser-31-2\/#primaryimage\"},\"thumbnailUrl\":\"https:\/\/nauticacentelles.cat\/wp-content\/uploads\/2021\/12\/Scarani-Cruiser-31-01.jpg\",\"datePublished\":\"2021-12-28T11:09:09+00:00\",\"breadcrumb\":{\"@id\":\"https:\/\/nauticacentelles.cat\/ca\/producte\/scarani-cruiser-31-2\/#breadcrumb\"},\"inLanguage\":\"ca\",\"potentialAction\":[{\"@type\":\"ReadAction\",\"target\":[\"https:\/\/nauticacentelles.cat\/ca\/producte\/scarani-cruiser-31-2\/\"]}]},{\"@type\":\"ImageObject\",\"inLanguage\":\"ca\",\"@id\":\"https:\/\/nauticacentelles.cat\/ca\/producte\/scarani-cruiser-31-2\/#primaryimage\",\"url\":\"https:\/\/nauticacentelles.cat\/wp-content\/uploads\/2021\/12\/Scarani-Cruiser-31-01.jpg\",\"contentUrl\":\"https:\/\/nauticacentelles.cat\/wp-content\/uploads\/2021\/12\/Scarani-Cruiser-31-01.jpg\",\"width\":913,\"height\":662,\"caption\":\"Scarani Cruiser 31\"},{\"@type\":\"BreadcrumbList\",\"@id\":\"https:\/\/nauticacentelles.cat\/ca\/producte\/scarani-cruiser-31-2\/#breadcrumb\",\"itemListElement\":[{\"@type\":\"ListItem\",\"position\":1,\"name\":\"Portada\",\"item\":\"https:\/\/nauticacentelles.cat\/ca\/\"},{\"@type\":\"ListItem\",\"position\":2,\"name\":\"La Botiga\",\"item\":\"https:\/\/nauticacentelles.cat\/ca\/la-botiga\/\"},{\"@type\":\"ListItem\",\"position\":3,\"name\":\"Scarani Cruiser 31\"}]},{\"@type\":\"WebSite\",\"@id\":\"https:\/\/nauticacentelles.cat\/ca\/#website\",\"url\":\"https:\/\/nauticacentelles.cat\/ca\/\",\"name\":\"Nautica Centelles - Serveis de n\u00e0utica\",\"description\":\"Empresa especialitzada en tota mena de serveis n\u00e0utics, reparaci\u00f3 i manteniment d'embarcacions.\",\"publisher\":{\"@id\":\"https:\/\/nauticacentelles.cat\/ca\/#organization\"},\"potentialAction\":[{\"@type\":\"SearchAction\",\"target\":{\"@type\":\"EntryPoint\",\"urlTemplate\":\"https:\/\/nauticacentelles.cat\/ca\/?s={search_term_string}\"},\"query-input\":{\"@type\":\"PropertyValueSpecification\",\"valueRequired\":true,\"valueName\":\"search_term_string\"}}],\"inLanguage\":\"ca\"},{\"@type\":\"Organization\",\"@id\":\"https:\/\/nauticacentelles.cat\/ca\/#organization\",\"name\":\"Nautica Centelles\",\"url\":\"https:\/\/nauticacentelles.cat\/ca\/\",\"logo\":{\"@type\":\"ImageObject\",\"inLanguage\":\"ca\",\"@id\":\"https:\/\/nauticacentelles.cat\/ca\/#\/schema\/logo\/image\/\",\"url\":\"https:\/\/nauticacentelles.cat\/wp-content\/uploads\/2021\/12\/Logo-Nautica-Centelles-1024x445-1.png\",\"contentUrl\":\"https:\/\/nauticacentelles.cat\/wp-content\/uploads\/2021\/12\/Logo-Nautica-Centelles-1024x445-1.png\",\"width\":1024,\"height\":445,\"caption\":\"Nautica Centelles\"},\"image\":{\"@id\":\"https:\/\/nauticacentelles.cat\/ca\/#\/schema\/logo\/image\/\"}}]}<\/script>\n<!-- \/ Yoast SEO plugin. -->","yoast_head_json":{"title":"Scarani Cruiser 31 - Nautica Centelles - Serveis de n\u00e0utica","robots":{"index":"index","follow":"follow","max-snippet":"max-snippet:-1","max-image-preview":"max-image-preview:large","max-video-preview":"max-video-preview:-1"},"canonical":"https:\/\/nauticacentelles.cat\/ca\/producte\/scarani-cruiser-31-2\/","og_locale":"ca_ES","og_type":"article","og_title":"Scarani Cruiser 31 - Nautica Centelles - Serveis de n\u00e0utica","og_description":"La seva potent imatge, el seu gran volum interior, la seva \u00e0mplia banyera captivaran la fam\u00edlia i els amics.","og_url":"https:\/\/nauticacentelles.cat\/ca\/producte\/scarani-cruiser-31-2\/","og_site_name":"Nautica Centelles - Serveis de n\u00e0utica","og_image":[{"width":913,"height":662,"url":"https:\/\/nauticacentelles.cat\/wp-content\/uploads\/2021\/12\/Scarani-Cruiser-31-01.jpg","type":"image\/jpeg"}],"twitter_card":"summary_large_image","twitter_misc":{"Temps estimat de lectura":"1 minut"},"schema":{"@context":"https:\/\/schema.org","@graph":[{"@type":"WebPage","@id":"https:\/\/nauticacentelles.cat\/ca\/producte\/scarani-cruiser-31-2\/","url":"https:\/\/nauticacentelles.cat\/ca\/producte\/scarani-cruiser-31-2\/","name":"Scarani Cruiser 31 - Nautica Centelles - Serveis de n\u00e0utica","isPartOf":{"@id":"https:\/\/nauticacentelles.cat\/ca\/#website"},"primaryImageOfPage":{"@id":"https:\/\/nauticacentelles.cat\/ca\/producte\/scarani-cruiser-31-2\/#primaryimage"},"image":{"@id":"https:\/\/nauticacentelles.cat\/ca\/producte\/scarani-cruiser-31-2\/#primaryimage"},"thumbnailUrl":"https:\/\/nauticacentelles.cat\/wp-content\/uploads\/2021\/12\/Scarani-Cruiser-31-01.jpg","datePublished":"2021-12-28T11:09:09+00:00","breadcrumb":{"@id":"https:\/\/nauticacentelles.cat\/ca\/producte\/scarani-cruiser-31-2\/#breadcrumb"},"inLanguage":"ca","potentialAction":[{"@type":"ReadAction","target":["https:\/\/nauticacentelles.cat\/ca\/producte\/scarani-cruiser-31-2\/"]}]},{"@type":"ImageObject","inLanguage":"ca","@id":"https:\/\/nauticacentelles.cat\/ca\/producte\/scarani-cruiser-31-2\/#primaryimage","url":"https:\/\/nauticacentelles.cat\/wp-content\/uploads\/2021\/12\/Scarani-Cruiser-31-01.jpg","contentUrl":"https:\/\/nauticacentelles.cat\/wp-content\/uploads\/2021\/12\/Scarani-Cruiser-31-01.jpg","width":913,"height":662,"caption":"Scarani Cruiser 31"},{"@type":"BreadcrumbList","@id":"https:\/\/nauticacentelles.cat\/ca\/producte\/scarani-cruiser-31-2\/#breadcrumb","itemListElement":[{"@type":"ListItem","position":1,"name":"Portada","item":"https:\/\/nauticacentelles.cat\/ca\/"},{"@type":"ListItem","position":2,"name":"La Botiga","item":"https:\/\/nauticacentelles.cat\/ca\/la-botiga\/"},{"@type":"ListItem","position":3,"name":"Scarani Cruiser 31"}]},{"@type":"WebSite","@id":"https:\/\/nauticacentelles.cat\/ca\/#website","url":"https:\/\/nauticacentelles.cat\/ca\/","name":"Nautica Centelles - Serveis de n\u00e0utica","description":"Empresa especialitzada en tota mena de serveis n\u00e0utics, reparaci\u00f3 i manteniment d'embarcacions.","publisher":{"@id":"https:\/\/nauticacentelles.cat\/ca\/#organization"},"potentialAction":[{"@type":"SearchAction","target":{"@type":"EntryPoint","urlTemplate":"https:\/\/nauticacentelles.cat\/ca\/?s={search_term_string}"},"query-input":{"@type":"PropertyValueSpecification","valueRequired":true,"valueName":"search_term_string"}}],"inLanguage":"ca"},{"@type":"Organization","@id":"https:\/\/nauticacentelles.cat\/ca\/#organization","name":"Nautica Centelles","url":"https:\/\/nauticacentelles.cat\/ca\/","logo":{"@type":"ImageObject","inLanguage":"ca","@id":"https:\/\/nauticacentelles.cat\/ca\/#\/schema\/logo\/image\/","url":"https:\/\/nauticacentelles.cat\/wp-content\/uploads\/2021\/12\/Logo-Nautica-Centelles-1024x445-1.png","contentUrl":"https:\/\/nauticacentelles.cat\/wp-content\/uploads\/2021\/12\/Logo-Nautica-Centelles-1024x445-1.png","width":1024,"height":445,"caption":"Nautica Centelles"},"image":{"@id":"https:\/\/nauticacentelles.cat\/ca\/#\/schema\/logo\/image\/"}}]}},"brands":[],"_links":{"self":[{"href":"https:\/\/nauticacentelles.cat\/ca\/wp-json\/wp\/v2\/product\/1354","targetHints":{"allow":["GET"]}}],"collection":[{"href":"https:\/\/nauticacentelles.cat\/ca\/wp-json\/wp\/v2\/product"}],"about":[{"href":"https:\/\/nauticacentelles.cat\/ca\/wp-json\/wp\/v2\/types\/product"}],"replies":[{"embeddable":true,"href":"https:\/\/nauticacentelles.cat\/ca\/wp-json\/wp\/v2\/comments?post=1354"}],"wp:featuredmedia":[{"embeddable":true,"href":"https:\/\/nauticacentelles.cat\/ca\/wp-json\/wp\/v2\/media\/1083"}],"wp:attachment":[{"href":"https:\/\/nauticacentelles.cat\/ca\/wp-json\/wp\/v2\/media?parent=1354"}],"wp:term":[{"taxonomy":"pwb-brand","embeddable":true,"href":"https:\/\/nauticacentelles.cat\/ca\/wp-json\/wp\/v2\/pwb-brand?post=1354"},{"taxonomy":"product_brand","embeddable":true,"href":"https:\/\/nauticacentelles.cat\/ca\/wp-json\/wp\/v2\/product_brand?post=1354"},{"taxonomy":"product_cat","embeddable":true,"href":"https:\/\/nauticacentelles.cat\/ca\/wp-json\/wp\/v2\/product_cat?post=1354"},{"taxonomy":"product_tag","embeddable":true,"href":"https:\/\/nauticacentelles.cat\/ca\/wp-json\/wp\/v2\/product_tag?post=1354"}],"curies":[{"name":"wp","href":"https:\/\/api.w.org\/{rel}","templated":true}]}}