{"id":1434,"date":"2021-12-17T15:02:18","date_gmt":"2021-12-28T12:33:47","guid":{"rendered":"https:\/\/nauticacentelles.cat\/producto\/menorquina-capeador-740\/"},"modified":"2021-12-28T12:33:47","modified_gmt":"2021-12-28T12:33:47","slug":"menorquina-capeador-740-2","status":"publish","type":"product","link":"https:\/\/nauticacentelles.cat\/ca\/producte\/menorquina-capeador-740-2\/","title":{"rendered":"Menorquina Capeador 7,40"},"content":{"rendered":"<p>\u2013 Any 1990 Bon estat de conservaci\u00f3<br \/>\n\u2013 Motor diesel 65 CV Mercedes-Sol\u00e9 (dip\u00f2sit 150 l.)<br \/>\n\u2013 Cabina i lliteres per a 5 persones (2 dobles i 1 individual)<br \/>\n-Equipament:<br \/>\nMol\u00ed \u00e0ncora el\u00e8ctric<br \/>\n2 bateries<br \/>\nCuina de gas i aig\u00fcera<br \/>\nDip\u00f2sit daigua de 100 l.<br \/>\nDutxa<br \/>\nPilot autom\u00e0tic<br \/>\nEmissora VHS amb GPS (legalitzada)<br \/>\nBomba sentina autom\u00e0tica i manual<br \/>\nPal i antena<br \/>\nTendal gran (3\/4 de barca)<br \/>\nTendal petit (banyera)<\/p>\n","protected":false},"excerpt":{"rendered":"<p>\u2013 Any 1990 Bon estat de conservaci\u00f3 \u2013 Motor diesel 65 CV Mercedes-Sol\u00e9 (dip\u00f2sit 150 l.) \u2013 Cabina i lliteres per a 5 persones (2 dobles i 1 individual) -Equipament: Mol\u00ed \u00e0ncora el\u00e8ctric 2 bateries Cuina de gas i aig\u00fcera Dip\u00f2sit daigua de 100 l. Dutxa Pilot autom\u00e0tic Emissora VHS amb GPS (legalitzada) Bomba sentina [&#8230;]\n","protected":false},"featured_media":1035,"comment_status":"closed","ping_status":"closed","template":"","meta":{"_monsterinsights_skip_tracking":false,"_monsterinsights_sitenote_active":false,"_monsterinsights_sitenote_note":"","_monsterinsights_sitenote_category":0},"pwb-brand":[],"product_brand":[],"product_cat":[17],"product_tag":[],"class_list":{"0":"post-1434","1":"product","2":"type-product","3":"status-publish","4":"has-post-thumbnail","6":"product_cat-sin-categorizar","8":"first","9":"outofstock","10":"featured","11":"shipping-taxable","12":"purchasable","13":"product-type-simple"},"yoast_head":"<!-- This site is optimized with the Yoast SEO plugin v27.2 - https:\/\/yoast.com\/product\/yoast-seo-wordpress\/ -->\n<title>Menorquina Capeador 7,40 - Nautica Centelles - Serveis de n\u00e0utica<\/title>\n<meta name=\"robots\" content=\"index, follow, max-snippet:-1, max-image-preview:large, max-video-preview:-1\" \/>\n<link rel=\"canonical\" href=\"https:\/\/nauticacentelles.cat\/ca\/producte\/menorquina-capeador-740-2\/\" \/>\n<meta property=\"og:locale\" content=\"ca_ES\" \/>\n<meta property=\"og:type\" content=\"article\" \/>\n<meta property=\"og:title\" content=\"Menorquina Capeador 7,40 - Nautica Centelles - Serveis de n\u00e0utica\" \/>\n<meta property=\"og:description\" content=\"\u2013 Any 1990 Bon estat de conservaci\u00f3 \u2013 Motor diesel 65 CV Mercedes-Sol\u00e9 (dip\u00f2sit 150 l.) \u2013 Cabina i lliteres per a 5 persones (2 dobles i 1 individual) -Equipament: Mol\u00ed \u00e0ncora el\u00e8ctric 2 bateries Cuina de gas i aig\u00fcera Dip\u00f2sit daigua de 100 l. Dutxa Pilot autom\u00e0tic Emissora VHS amb GPS (legalitzada) Bomba sentina [...]\" \/>\n<meta property=\"og:url\" content=\"https:\/\/nauticacentelles.cat\/ca\/producte\/menorquina-capeador-740-2\/\" \/>\n<meta property=\"og:site_name\" content=\"Nautica Centelles - Serveis de n\u00e0utica\" \/>\n<meta property=\"og:image\" content=\"https:\/\/nauticacentelles.cat\/wp-content\/uploads\/2021\/12\/Capeador-1.jpg\" \/>\n\t<meta property=\"og:image:width\" content=\"651\" \/>\n\t<meta property=\"og:image:height\" content=\"434\" \/>\n\t<meta property=\"og:image:type\" content=\"image\/jpeg\" \/>\n<meta name=\"twitter:card\" content=\"summary_large_image\" \/>\n<script type=\"application\/ld+json\" class=\"yoast-schema-graph\">{\"@context\":\"https:\/\/schema.org\",\"@graph\":[{\"@type\":\"WebPage\",\"@id\":\"https:\/\/nauticacentelles.cat\/ca\/producte\/menorquina-capeador-740-2\/\",\"url\":\"https:\/\/nauticacentelles.cat\/ca\/producte\/menorquina-capeador-740-2\/\",\"name\":\"Menorquina Capeador 7,40 - Nautica Centelles - Serveis de n\u00e0utica\",\"isPartOf\":{\"@id\":\"https:\/\/nauticacentelles.cat\/ca\/#website\"},\"primaryImageOfPage\":{\"@id\":\"https:\/\/nauticacentelles.cat\/ca\/producte\/menorquina-capeador-740-2\/#primaryimage\"},\"image\":{\"@id\":\"https:\/\/nauticacentelles.cat\/ca\/producte\/menorquina-capeador-740-2\/#primaryimage\"},\"thumbnailUrl\":\"https:\/\/nauticacentelles.cat\/wp-content\/uploads\/2021\/12\/Capeador-1.jpg\",\"datePublished\":\"2021-12-28T12:33:47+00:00\",\"breadcrumb\":{\"@id\":\"https:\/\/nauticacentelles.cat\/ca\/producte\/menorquina-capeador-740-2\/#breadcrumb\"},\"inLanguage\":\"ca\",\"potentialAction\":[{\"@type\":\"ReadAction\",\"target\":[\"https:\/\/nauticacentelles.cat\/ca\/producte\/menorquina-capeador-740-2\/\"]}]},{\"@type\":\"ImageObject\",\"inLanguage\":\"ca\",\"@id\":\"https:\/\/nauticacentelles.cat\/ca\/producte\/menorquina-capeador-740-2\/#primaryimage\",\"url\":\"https:\/\/nauticacentelles.cat\/wp-content\/uploads\/2021\/12\/Capeador-1.jpg\",\"contentUrl\":\"https:\/\/nauticacentelles.cat\/wp-content\/uploads\/2021\/12\/Capeador-1.jpg\",\"width\":651,\"height\":434,\"caption\":\"Menorquina Capeador\"},{\"@type\":\"BreadcrumbList\",\"@id\":\"https:\/\/nauticacentelles.cat\/ca\/producte\/menorquina-capeador-740-2\/#breadcrumb\",\"itemListElement\":[{\"@type\":\"ListItem\",\"position\":1,\"name\":\"Portada\",\"item\":\"https:\/\/nauticacentelles.cat\/ca\/\"},{\"@type\":\"ListItem\",\"position\":2,\"name\":\"La Botiga\",\"item\":\"https:\/\/nauticacentelles.cat\/ca\/la-botiga\/\"},{\"@type\":\"ListItem\",\"position\":3,\"name\":\"Menorquina Capeador 7,40\"}]},{\"@type\":\"WebSite\",\"@id\":\"https:\/\/nauticacentelles.cat\/ca\/#website\",\"url\":\"https:\/\/nauticacentelles.cat\/ca\/\",\"name\":\"Nautica Centelles - Serveis de n\u00e0utica\",\"description\":\"Empresa especialitzada en tota mena de serveis n\u00e0utics, reparaci\u00f3 i manteniment d'embarcacions.\",\"publisher\":{\"@id\":\"https:\/\/nauticacentelles.cat\/ca\/#organization\"},\"potentialAction\":[{\"@type\":\"SearchAction\",\"target\":{\"@type\":\"EntryPoint\",\"urlTemplate\":\"https:\/\/nauticacentelles.cat\/ca\/?s={search_term_string}\"},\"query-input\":{\"@type\":\"PropertyValueSpecification\",\"valueRequired\":true,\"valueName\":\"search_term_string\"}}],\"inLanguage\":\"ca\"},{\"@type\":\"Organization\",\"@id\":\"https:\/\/nauticacentelles.cat\/ca\/#organization\",\"name\":\"Nautica Centelles\",\"url\":\"https:\/\/nauticacentelles.cat\/ca\/\",\"logo\":{\"@type\":\"ImageObject\",\"inLanguage\":\"ca\",\"@id\":\"https:\/\/nauticacentelles.cat\/ca\/#\/schema\/logo\/image\/\",\"url\":\"https:\/\/nauticacentelles.cat\/wp-content\/uploads\/2021\/12\/Logo-Nautica-Centelles-1024x445-1.png\",\"contentUrl\":\"https:\/\/nauticacentelles.cat\/wp-content\/uploads\/2021\/12\/Logo-Nautica-Centelles-1024x445-1.png\",\"width\":1024,\"height\":445,\"caption\":\"Nautica Centelles\"},\"image\":{\"@id\":\"https:\/\/nauticacentelles.cat\/ca\/#\/schema\/logo\/image\/\"}}]}<\/script>\n<!-- \/ Yoast SEO plugin. -->","yoast_head_json":{"title":"Menorquina Capeador 7,40 - Nautica Centelles - Serveis de n\u00e0utica","robots":{"index":"index","follow":"follow","max-snippet":"max-snippet:-1","max-image-preview":"max-image-preview:large","max-video-preview":"max-video-preview:-1"},"canonical":"https:\/\/nauticacentelles.cat\/ca\/producte\/menorquina-capeador-740-2\/","og_locale":"ca_ES","og_type":"article","og_title":"Menorquina Capeador 7,40 - Nautica Centelles - Serveis de n\u00e0utica","og_description":"\u2013 Any 1990 Bon estat de conservaci\u00f3 \u2013 Motor diesel 65 CV Mercedes-Sol\u00e9 (dip\u00f2sit 150 l.) \u2013 Cabina i lliteres per a 5 persones (2 dobles i 1 individual) -Equipament: Mol\u00ed \u00e0ncora el\u00e8ctric 2 bateries Cuina de gas i aig\u00fcera Dip\u00f2sit daigua de 100 l. Dutxa Pilot autom\u00e0tic Emissora VHS amb GPS (legalitzada) Bomba sentina [...]","og_url":"https:\/\/nauticacentelles.cat\/ca\/producte\/menorquina-capeador-740-2\/","og_site_name":"Nautica Centelles - Serveis de n\u00e0utica","og_image":[{"width":651,"height":434,"url":"https:\/\/nauticacentelles.cat\/wp-content\/uploads\/2021\/12\/Capeador-1.jpg","type":"image\/jpeg"}],"twitter_card":"summary_large_image","schema":{"@context":"https:\/\/schema.org","@graph":[{"@type":"WebPage","@id":"https:\/\/nauticacentelles.cat\/ca\/producte\/menorquina-capeador-740-2\/","url":"https:\/\/nauticacentelles.cat\/ca\/producte\/menorquina-capeador-740-2\/","name":"Menorquina Capeador 7,40 - Nautica Centelles - Serveis de n\u00e0utica","isPartOf":{"@id":"https:\/\/nauticacentelles.cat\/ca\/#website"},"primaryImageOfPage":{"@id":"https:\/\/nauticacentelles.cat\/ca\/producte\/menorquina-capeador-740-2\/#primaryimage"},"image":{"@id":"https:\/\/nauticacentelles.cat\/ca\/producte\/menorquina-capeador-740-2\/#primaryimage"},"thumbnailUrl":"https:\/\/nauticacentelles.cat\/wp-content\/uploads\/2021\/12\/Capeador-1.jpg","datePublished":"2021-12-28T12:33:47+00:00","breadcrumb":{"@id":"https:\/\/nauticacentelles.cat\/ca\/producte\/menorquina-capeador-740-2\/#breadcrumb"},"inLanguage":"ca","potentialAction":[{"@type":"ReadAction","target":["https:\/\/nauticacentelles.cat\/ca\/producte\/menorquina-capeador-740-2\/"]}]},{"@type":"ImageObject","inLanguage":"ca","@id":"https:\/\/nauticacentelles.cat\/ca\/producte\/menorquina-capeador-740-2\/#primaryimage","url":"https:\/\/nauticacentelles.cat\/wp-content\/uploads\/2021\/12\/Capeador-1.jpg","contentUrl":"https:\/\/nauticacentelles.cat\/wp-content\/uploads\/2021\/12\/Capeador-1.jpg","width":651,"height":434,"caption":"Menorquina Capeador"},{"@type":"BreadcrumbList","@id":"https:\/\/nauticacentelles.cat\/ca\/producte\/menorquina-capeador-740-2\/#breadcrumb","itemListElement":[{"@type":"ListItem","position":1,"name":"Portada","item":"https:\/\/nauticacentelles.cat\/ca\/"},{"@type":"ListItem","position":2,"name":"La Botiga","item":"https:\/\/nauticacentelles.cat\/ca\/la-botiga\/"},{"@type":"ListItem","position":3,"name":"Menorquina Capeador 7,40"}]},{"@type":"WebSite","@id":"https:\/\/nauticacentelles.cat\/ca\/#website","url":"https:\/\/nauticacentelles.cat\/ca\/","name":"Nautica Centelles - Serveis de n\u00e0utica","description":"Empresa especialitzada en tota mena de serveis n\u00e0utics, reparaci\u00f3 i manteniment d'embarcacions.","publisher":{"@id":"https:\/\/nauticacentelles.cat\/ca\/#organization"},"potentialAction":[{"@type":"SearchAction","target":{"@type":"EntryPoint","urlTemplate":"https:\/\/nauticacentelles.cat\/ca\/?s={search_term_string}"},"query-input":{"@type":"PropertyValueSpecification","valueRequired":true,"valueName":"search_term_string"}}],"inLanguage":"ca"},{"@type":"Organization","@id":"https:\/\/nauticacentelles.cat\/ca\/#organization","name":"Nautica Centelles","url":"https:\/\/nauticacentelles.cat\/ca\/","logo":{"@type":"ImageObject","inLanguage":"ca","@id":"https:\/\/nauticacentelles.cat\/ca\/#\/schema\/logo\/image\/","url":"https:\/\/nauticacentelles.cat\/wp-content\/uploads\/2021\/12\/Logo-Nautica-Centelles-1024x445-1.png","contentUrl":"https:\/\/nauticacentelles.cat\/wp-content\/uploads\/2021\/12\/Logo-Nautica-Centelles-1024x445-1.png","width":1024,"height":445,"caption":"Nautica Centelles"},"image":{"@id":"https:\/\/nauticacentelles.cat\/ca\/#\/schema\/logo\/image\/"}}]}},"brands":[],"_links":{"self":[{"href":"https:\/\/nauticacentelles.cat\/ca\/wp-json\/wp\/v2\/product\/1434","targetHints":{"allow":["GET"]}}],"collection":[{"href":"https:\/\/nauticacentelles.cat\/ca\/wp-json\/wp\/v2\/product"}],"about":[{"href":"https:\/\/nauticacentelles.cat\/ca\/wp-json\/wp\/v2\/types\/product"}],"replies":[{"embeddable":true,"href":"https:\/\/nauticacentelles.cat\/ca\/wp-json\/wp\/v2\/comments?post=1434"}],"wp:featuredmedia":[{"embeddable":true,"href":"https:\/\/nauticacentelles.cat\/ca\/wp-json\/wp\/v2\/media\/1035"}],"wp:attachment":[{"href":"https:\/\/nauticacentelles.cat\/ca\/wp-json\/wp\/v2\/media?parent=1434"}],"wp:term":[{"taxonomy":"pwb-brand","embeddable":true,"href":"https:\/\/nauticacentelles.cat\/ca\/wp-json\/wp\/v2\/pwb-brand?post=1434"},{"taxonomy":"product_brand","embeddable":true,"href":"https:\/\/nauticacentelles.cat\/ca\/wp-json\/wp\/v2\/product_brand?post=1434"},{"taxonomy":"product_cat","embeddable":true,"href":"https:\/\/nauticacentelles.cat\/ca\/wp-json\/wp\/v2\/product_cat?post=1434"},{"taxonomy":"product_tag","embeddable":true,"href":"https:\/\/nauticacentelles.cat\/ca\/wp-json\/wp\/v2\/product_tag?post=1434"}],"curies":[{"name":"wp","href":"https:\/\/api.w.org\/{rel}","templated":true}]}}