{"id":1894,"date":"2022-04-07T09:49:58","date_gmt":"2022-04-07T09:49:59","guid":{"rendered":"https:\/\/nauticacentelles.cat\/?post_type=product&#038;p=1894"},"modified":"2024-03-06T09:24:23","modified_gmt":"2024-03-06T09:24:23","slug":"georgia","status":"publish","type":"product","link":"https:\/\/nauticacentelles.cat\/ca\/producte\/georgia\/","title":{"rendered":"GEORGIA"},"content":{"rendered":"<p><strong>OFERTA<\/strong>:<\/p>\n<p>EMBARCACI\u00d3 D&#8217;ESBARJO<br \/>\nMODEL: CAPEADOR 36<br \/>\nANY DE CONSTRUCCI\u00d3: 1986<br \/>\nMATERIAL: POLIESTER<\/p>\n<p>DIMENSIONS:<br \/>\nESLORA: 7,35<br \/>\nM\u00c0NIGA: 2,73<br \/>\nPUNTAL: 0,97<\/p>\n<p>MOTOR MERCEDES BENZ 65CV<\/p>\n<p>L&#8217;EMBARCACI\u00d3 CAPEADOR 36 \u00c9S UN EXCEL\u00b7LENT VAIXELL C\u00d2MODE I MOLT HABITABLE.<br \/>\nMANTENIMENT DE L&#8217;EMBARCACI\u00d3 I MOTOR REGULAR.<\/p>\n","protected":false},"excerpt":{"rendered":"<p>EMBARCACI\u00d3 D&#8217;ESBARJO<br \/>\nMODEL: CAPEADORR 36<br \/>\nANY DE CONSTRUCCI\u00d3: 1986<br \/>\nMOTOR MERCEDES BENZ 65CV<\/p>\n","protected":false},"featured_media":3901,"comment_status":"closed","ping_status":"closed","template":"","meta":{"_monsterinsights_skip_tracking":false,"_monsterinsights_sitenote_active":false,"_monsterinsights_sitenote_note":"","_monsterinsights_sitenote_category":0},"pwb-brand":[],"product_brand":[],"product_cat":[43],"product_tag":[],"class_list":{"0":"post-1894","1":"product","2":"type-product","3":"status-publish","4":"has-post-thumbnail","6":"product_cat-embarcacions-d-ocasio","8":"first","9":"outofstock","10":"featured","11":"shipping-taxable","12":"purchasable","13":"product-type-simple"},"yoast_head":"<!-- This site is optimized with the Yoast SEO plugin v27.2 - https:\/\/yoast.com\/product\/yoast-seo-wordpress\/ -->\n<title>GEORGIA - Nautica Centelles - Serveis de n\u00e0utica<\/title>\n<meta name=\"description\" content=\"EMBARCACI\u00d3 D&#039;ESBARJO MODEL: CAPEADORR 36 ANY DE CONSTRUCCI\u00d3: 1986 MATERIAL: POLIESTER DIMENSIONS:ESLORA: 7,35 M\u00c0NIGA: 2,73 PUNTAL: 0,97 MOTOR MERCEDES BENZ 65CV L&#039;EMBARCACI\u00d3 CAPEADOR 36 \u00c9S UN EXCEL\u00b7LENT VAIXELL C\u00d2MODE I MOLT HABITABLE.MANTENIMENT DE L&#039;EMBARCACI\u00d3 I MOTOR REGULAR.\" \/>\n<meta name=\"robots\" content=\"index, follow, max-snippet:-1, max-image-preview:large, max-video-preview:-1\" \/>\n<link rel=\"canonical\" href=\"https:\/\/nauticacentelles.cat\/ca\/producte\/georgia\/\" \/>\n<meta property=\"og:locale\" content=\"ca_ES\" \/>\n<meta property=\"og:type\" content=\"article\" \/>\n<meta property=\"og:title\" content=\"GEORGIA - Nautica Centelles - Serveis de n\u00e0utica\" \/>\n<meta property=\"og:description\" content=\"EMBARCACI\u00d3 D&#039;ESBARJO MODEL: CAPEADORR 36 ANY DE CONSTRUCCI\u00d3: 1986 MATERIAL: POLIESTER DIMENSIONS:ESLORA: 7,35 M\u00c0NIGA: 2,73 PUNTAL: 0,97 MOTOR MERCEDES BENZ 65CV L&#039;EMBARCACI\u00d3 CAPEADOR 36 \u00c9S UN EXCEL\u00b7LENT VAIXELL C\u00d2MODE I MOLT HABITABLE.MANTENIMENT DE L&#039;EMBARCACI\u00d3 I MOTOR REGULAR.\" \/>\n<meta property=\"og:url\" content=\"https:\/\/nauticacentelles.cat\/ca\/producte\/georgia\/\" \/>\n<meta property=\"og:site_name\" content=\"Nautica Centelles - Serveis de n\u00e0utica\" \/>\n<meta property=\"article:modified_time\" content=\"2024-03-06T09:24:23+00:00\" \/>\n<meta property=\"og:image\" content=\"https:\/\/nauticacentelles.cat\/wp-content\/uploads\/2022\/04\/Capesador-6.jpg\" \/>\n\t<meta property=\"og:image:width\" content=\"651\" \/>\n\t<meta property=\"og:image:height\" content=\"434\" \/>\n\t<meta property=\"og:image:type\" content=\"image\/jpeg\" \/>\n<meta name=\"twitter:card\" content=\"summary_large_image\" \/>\n<script type=\"application\/ld+json\" class=\"yoast-schema-graph\">{\"@context\":\"https:\/\/schema.org\",\"@graph\":[{\"@type\":\"WebPage\",\"@id\":\"https:\/\/nauticacentelles.cat\/ca\/producte\/georgia\/\",\"url\":\"https:\/\/nauticacentelles.cat\/ca\/producte\/georgia\/\",\"name\":\"GEORGIA - Nautica Centelles - Serveis de n\u00e0utica\",\"isPartOf\":{\"@id\":\"https:\/\/nauticacentelles.cat\/ca\/#website\"},\"primaryImageOfPage\":{\"@id\":\"https:\/\/nauticacentelles.cat\/ca\/producte\/georgia\/#primaryimage\"},\"image\":{\"@id\":\"https:\/\/nauticacentelles.cat\/ca\/producte\/georgia\/#primaryimage\"},\"thumbnailUrl\":\"https:\/\/nauticacentelles.cat\/wp-content\/uploads\/2022\/04\/Capesador-6.jpg\",\"datePublished\":\"2022-04-07T09:49:59+00:00\",\"dateModified\":\"2024-03-06T09:24:23+00:00\",\"description\":\"EMBARCACI\u00d3 D'ESBARJO MODEL: CAPEADORR 36 ANY DE CONSTRUCCI\u00d3: 1986 MATERIAL: POLIESTER DIMENSIONS:ESLORA: 7,35 M\u00c0NIGA: 2,73 PUNTAL: 0,97 MOTOR MERCEDES BENZ 65CV L'EMBARCACI\u00d3 CAPEADOR 36 \u00c9S UN EXCEL\u00b7LENT VAIXELL C\u00d2MODE I MOLT HABITABLE.MANTENIMENT DE L'EMBARCACI\u00d3 I MOTOR REGULAR.\",\"breadcrumb\":{\"@id\":\"https:\/\/nauticacentelles.cat\/ca\/producte\/georgia\/#breadcrumb\"},\"inLanguage\":\"ca\",\"potentialAction\":[{\"@type\":\"ReadAction\",\"target\":[\"https:\/\/nauticacentelles.cat\/ca\/producte\/georgia\/\"]}]},{\"@type\":\"ImageObject\",\"inLanguage\":\"ca\",\"@id\":\"https:\/\/nauticacentelles.cat\/ca\/producte\/georgia\/#primaryimage\",\"url\":\"https:\/\/nauticacentelles.cat\/wp-content\/uploads\/2022\/04\/Capesador-6.jpg\",\"contentUrl\":\"https:\/\/nauticacentelles.cat\/wp-content\/uploads\/2022\/04\/Capesador-6.jpg\",\"width\":651,\"height\":434},{\"@type\":\"BreadcrumbList\",\"@id\":\"https:\/\/nauticacentelles.cat\/ca\/producte\/georgia\/#breadcrumb\",\"itemListElement\":[{\"@type\":\"ListItem\",\"position\":1,\"name\":\"Portada\",\"item\":\"https:\/\/nauticacentelles.cat\/ca\/\"},{\"@type\":\"ListItem\",\"position\":2,\"name\":\"La Botiga\",\"item\":\"https:\/\/nauticacentelles.cat\/ca\/la-botiga\/\"},{\"@type\":\"ListItem\",\"position\":3,\"name\":\"GEORGIA\"}]},{\"@type\":\"WebSite\",\"@id\":\"https:\/\/nauticacentelles.cat\/ca\/#website\",\"url\":\"https:\/\/nauticacentelles.cat\/ca\/\",\"name\":\"Nautica Centelles - Serveis de n\u00e0utica\",\"description\":\"Empresa especialitzada en tota mena de serveis n\u00e0utics, reparaci\u00f3 i manteniment d'embarcacions.\",\"publisher\":{\"@id\":\"https:\/\/nauticacentelles.cat\/ca\/#organization\"},\"potentialAction\":[{\"@type\":\"SearchAction\",\"target\":{\"@type\":\"EntryPoint\",\"urlTemplate\":\"https:\/\/nauticacentelles.cat\/ca\/?s={search_term_string}\"},\"query-input\":{\"@type\":\"PropertyValueSpecification\",\"valueRequired\":true,\"valueName\":\"search_term_string\"}}],\"inLanguage\":\"ca\"},{\"@type\":\"Organization\",\"@id\":\"https:\/\/nauticacentelles.cat\/ca\/#organization\",\"name\":\"Nautica Centelles\",\"url\":\"https:\/\/nauticacentelles.cat\/ca\/\",\"logo\":{\"@type\":\"ImageObject\",\"inLanguage\":\"ca\",\"@id\":\"https:\/\/nauticacentelles.cat\/ca\/#\/schema\/logo\/image\/\",\"url\":\"https:\/\/nauticacentelles.cat\/wp-content\/uploads\/2021\/12\/Logo-Nautica-Centelles-1024x445-1.png\",\"contentUrl\":\"https:\/\/nauticacentelles.cat\/wp-content\/uploads\/2021\/12\/Logo-Nautica-Centelles-1024x445-1.png\",\"width\":1024,\"height\":445,\"caption\":\"Nautica Centelles\"},\"image\":{\"@id\":\"https:\/\/nauticacentelles.cat\/ca\/#\/schema\/logo\/image\/\"}}]}<\/script>\n<!-- \/ Yoast SEO plugin. -->","yoast_head_json":{"title":"GEORGIA - Nautica Centelles - Serveis de n\u00e0utica","description":"EMBARCACI\u00d3 D'ESBARJO MODEL: CAPEADORR 36 ANY DE CONSTRUCCI\u00d3: 1986 MATERIAL: POLIESTER DIMENSIONS:ESLORA: 7,35 M\u00c0NIGA: 2,73 PUNTAL: 0,97 MOTOR MERCEDES BENZ 65CV L'EMBARCACI\u00d3 CAPEADOR 36 \u00c9S UN EXCEL\u00b7LENT VAIXELL C\u00d2MODE I MOLT HABITABLE.MANTENIMENT DE L'EMBARCACI\u00d3 I MOTOR REGULAR.","robots":{"index":"index","follow":"follow","max-snippet":"max-snippet:-1","max-image-preview":"max-image-preview:large","max-video-preview":"max-video-preview:-1"},"canonical":"https:\/\/nauticacentelles.cat\/ca\/producte\/georgia\/","og_locale":"ca_ES","og_type":"article","og_title":"GEORGIA - Nautica Centelles - Serveis de n\u00e0utica","og_description":"EMBARCACI\u00d3 D'ESBARJO MODEL: CAPEADORR 36 ANY DE CONSTRUCCI\u00d3: 1986 MATERIAL: POLIESTER DIMENSIONS:ESLORA: 7,35 M\u00c0NIGA: 2,73 PUNTAL: 0,97 MOTOR MERCEDES BENZ 65CV L'EMBARCACI\u00d3 CAPEADOR 36 \u00c9S UN EXCEL\u00b7LENT VAIXELL C\u00d2MODE I MOLT HABITABLE.MANTENIMENT DE L'EMBARCACI\u00d3 I MOTOR REGULAR.","og_url":"https:\/\/nauticacentelles.cat\/ca\/producte\/georgia\/","og_site_name":"Nautica Centelles - Serveis de n\u00e0utica","article_modified_time":"2024-03-06T09:24:23+00:00","og_image":[{"width":651,"height":434,"url":"https:\/\/nauticacentelles.cat\/wp-content\/uploads\/2022\/04\/Capesador-6.jpg","type":"image\/jpeg"}],"twitter_card":"summary_large_image","schema":{"@context":"https:\/\/schema.org","@graph":[{"@type":"WebPage","@id":"https:\/\/nauticacentelles.cat\/ca\/producte\/georgia\/","url":"https:\/\/nauticacentelles.cat\/ca\/producte\/georgia\/","name":"GEORGIA - Nautica Centelles - Serveis de n\u00e0utica","isPartOf":{"@id":"https:\/\/nauticacentelles.cat\/ca\/#website"},"primaryImageOfPage":{"@id":"https:\/\/nauticacentelles.cat\/ca\/producte\/georgia\/#primaryimage"},"image":{"@id":"https:\/\/nauticacentelles.cat\/ca\/producte\/georgia\/#primaryimage"},"thumbnailUrl":"https:\/\/nauticacentelles.cat\/wp-content\/uploads\/2022\/04\/Capesador-6.jpg","datePublished":"2022-04-07T09:49:59+00:00","dateModified":"2024-03-06T09:24:23+00:00","description":"EMBARCACI\u00d3 D'ESBARJO MODEL: CAPEADORR 36 ANY DE CONSTRUCCI\u00d3: 1986 MATERIAL: POLIESTER DIMENSIONS:ESLORA: 7,35 M\u00c0NIGA: 2,73 PUNTAL: 0,97 MOTOR MERCEDES BENZ 65CV L'EMBARCACI\u00d3 CAPEADOR 36 \u00c9S UN EXCEL\u00b7LENT VAIXELL C\u00d2MODE I MOLT HABITABLE.MANTENIMENT DE L'EMBARCACI\u00d3 I MOTOR REGULAR.","breadcrumb":{"@id":"https:\/\/nauticacentelles.cat\/ca\/producte\/georgia\/#breadcrumb"},"inLanguage":"ca","potentialAction":[{"@type":"ReadAction","target":["https:\/\/nauticacentelles.cat\/ca\/producte\/georgia\/"]}]},{"@type":"ImageObject","inLanguage":"ca","@id":"https:\/\/nauticacentelles.cat\/ca\/producte\/georgia\/#primaryimage","url":"https:\/\/nauticacentelles.cat\/wp-content\/uploads\/2022\/04\/Capesador-6.jpg","contentUrl":"https:\/\/nauticacentelles.cat\/wp-content\/uploads\/2022\/04\/Capesador-6.jpg","width":651,"height":434},{"@type":"BreadcrumbList","@id":"https:\/\/nauticacentelles.cat\/ca\/producte\/georgia\/#breadcrumb","itemListElement":[{"@type":"ListItem","position":1,"name":"Portada","item":"https:\/\/nauticacentelles.cat\/ca\/"},{"@type":"ListItem","position":2,"name":"La Botiga","item":"https:\/\/nauticacentelles.cat\/ca\/la-botiga\/"},{"@type":"ListItem","position":3,"name":"GEORGIA"}]},{"@type":"WebSite","@id":"https:\/\/nauticacentelles.cat\/ca\/#website","url":"https:\/\/nauticacentelles.cat\/ca\/","name":"Nautica Centelles - Serveis de n\u00e0utica","description":"Empresa especialitzada en tota mena de serveis n\u00e0utics, reparaci\u00f3 i manteniment d'embarcacions.","publisher":{"@id":"https:\/\/nauticacentelles.cat\/ca\/#organization"},"potentialAction":[{"@type":"SearchAction","target":{"@type":"EntryPoint","urlTemplate":"https:\/\/nauticacentelles.cat\/ca\/?s={search_term_string}"},"query-input":{"@type":"PropertyValueSpecification","valueRequired":true,"valueName":"search_term_string"}}],"inLanguage":"ca"},{"@type":"Organization","@id":"https:\/\/nauticacentelles.cat\/ca\/#organization","name":"Nautica Centelles","url":"https:\/\/nauticacentelles.cat\/ca\/","logo":{"@type":"ImageObject","inLanguage":"ca","@id":"https:\/\/nauticacentelles.cat\/ca\/#\/schema\/logo\/image\/","url":"https:\/\/nauticacentelles.cat\/wp-content\/uploads\/2021\/12\/Logo-Nautica-Centelles-1024x445-1.png","contentUrl":"https:\/\/nauticacentelles.cat\/wp-content\/uploads\/2021\/12\/Logo-Nautica-Centelles-1024x445-1.png","width":1024,"height":445,"caption":"Nautica Centelles"},"image":{"@id":"https:\/\/nauticacentelles.cat\/ca\/#\/schema\/logo\/image\/"}}]}},"brands":[],"_links":{"self":[{"href":"https:\/\/nauticacentelles.cat\/ca\/wp-json\/wp\/v2\/product\/1894","targetHints":{"allow":["GET"]}}],"collection":[{"href":"https:\/\/nauticacentelles.cat\/ca\/wp-json\/wp\/v2\/product"}],"about":[{"href":"https:\/\/nauticacentelles.cat\/ca\/wp-json\/wp\/v2\/types\/product"}],"replies":[{"embeddable":true,"href":"https:\/\/nauticacentelles.cat\/ca\/wp-json\/wp\/v2\/comments?post=1894"}],"wp:featuredmedia":[{"embeddable":true,"href":"https:\/\/nauticacentelles.cat\/ca\/wp-json\/wp\/v2\/media\/3901"}],"wp:attachment":[{"href":"https:\/\/nauticacentelles.cat\/ca\/wp-json\/wp\/v2\/media?parent=1894"}],"wp:term":[{"taxonomy":"pwb-brand","embeddable":true,"href":"https:\/\/nauticacentelles.cat\/ca\/wp-json\/wp\/v2\/pwb-brand?post=1894"},{"taxonomy":"product_brand","embeddable":true,"href":"https:\/\/nauticacentelles.cat\/ca\/wp-json\/wp\/v2\/product_brand?post=1894"},{"taxonomy":"product_cat","embeddable":true,"href":"https:\/\/nauticacentelles.cat\/ca\/wp-json\/wp\/v2\/product_cat?post=1894"},{"taxonomy":"product_tag","embeddable":true,"href":"https:\/\/nauticacentelles.cat\/ca\/wp-json\/wp\/v2\/product_tag?post=1894"}],"curies":[{"name":"wp","href":"https:\/\/api.w.org\/{rel}","templated":true}]}}