{"id":3617,"date":"2024-02-26T13:01:12","date_gmt":"2024-02-26T13:01:13","guid":{"rendered":"https:\/\/nauticacentelles.cat\/?post_type=product&#038;p=3617"},"modified":"2024-03-07T11:59:09","modified_gmt":"2024-03-07T11:59:09","slug":"impermeable-mariner-copia","status":"publish","type":"product","link":"https:\/\/nauticacentelles.cat\/ca\/producte\/impermeable-mariner-copia\/","title":{"rendered":"Impermeable de poliuret\u00e0 amb folre polar interior"},"content":{"rendered":"<p>Impermeable de poliuret\u00e0 amb folre polar interior.<\/p>\n<p>Caputxa extra\u00efble, butxaca interior, punys i cintura ajustable, semi entallada. Doble costura al coll i espatlles. Cordons en caputxa per ajustar.<\/p>\n<p>&#8211; Exterior de poliuret\u00e0, interior folre polar, interior m\u00e0nigues guateadas amb folre de polyester per donar-li m\u00e9s comoditat en posar-lo.<br \/>\n&#8211; Per la seva confecci\u00f3 i composici\u00f3 \u00e9s la teva pe\u00e7a ideal per al dia a dia siguis on siguis i vagis on vagis, encara que el fred comenci a apar\u00e8ixer.<br \/>\n&#8211; Per la seva confecci\u00f3 i composici\u00f3 \u00e9s la teva pe\u00e7a ideal per al dia a dia siguis on siguis i vagis on vagis, encara que el fred comenci a apar\u00e8ixer.<br \/>\n&#8211; Impermeable, paravents, lleuger, molt c\u00f2mode<br \/>\n&#8211; Guardar sempre ben estirat i completament sec despr\u00e9s d&#8217;haver-lo fet servir amb pluja o despr\u00e9s del seu rentat.<\/p>\n","protected":false},"excerpt":{"rendered":"<p>Impermeable de poliuret\u00e0 amb folre polar interior. Caputxa extra\u00efble, butxaca interior, punys i cintura ajustable, semi entallada. Doble costura al coll i espatlles. Cordons en caputxa per ajustar. &#8211; Exterior de poliuret\u00e0, interior folre polar, interior m\u00e0nigues guateadas amb folre de polyester per donar-li m\u00e9s comoditat en posar-lo. &#8211; Per la seva confecci\u00f3 i composici\u00f3 [&#8230;]\n","protected":false},"featured_media":3791,"comment_status":"closed","ping_status":"closed","template":"","meta":{"_monsterinsights_skip_tracking":false,"_monsterinsights_sitenote_active":false,"_monsterinsights_sitenote_note":"","_monsterinsights_sitenote_category":0},"pwb-brand":[191],"product_brand":[],"product_cat":[151,150],"product_tag":[],"class_list":{"0":"post-3617","1":"product","2":"type-product","3":"status-publish","4":"has-post-thumbnail","6":"pwb-brand-batela","7":"product_cat-dona","8":"product_cat-roba","10":"first","11":"instock","12":"shipping-taxable","13":"purchasable","14":"product-type-variable"},"yoast_head":"<!-- This site is optimized with the Yoast SEO plugin v27.2 - https:\/\/yoast.com\/product\/yoast-seo-wordpress\/ -->\n<title>Impermeable de poliuret\u00e0 amb folre polar interior - Nautica Centelles - Serveis de n\u00e0utica<\/title>\n<meta name=\"description\" content=\"Impermeable de poliuret\u00e0 amb folre polar interior. Caputxa extra\u00efble, butxaca interior, punys i cintura ajustable, semi entallada.\" \/>\n<meta name=\"robots\" content=\"index, follow, max-snippet:-1, max-image-preview:large, max-video-preview:-1\" \/>\n<link rel=\"canonical\" href=\"https:\/\/nauticacentelles.cat\/ca\/producte\/impermeable-mariner-copia\/\" \/>\n<meta property=\"og:locale\" content=\"ca_ES\" \/>\n<meta property=\"og:type\" content=\"article\" \/>\n<meta property=\"og:title\" content=\"Impermeable de poliuret\u00e0 amb folre polar interior - Nautica Centelles - Serveis de n\u00e0utica\" \/>\n<meta property=\"og:description\" content=\"Impermeable de poliuret\u00e0 amb folre polar interior. Caputxa extra\u00efble, butxaca interior, punys i cintura ajustable, semi entallada.\" \/>\n<meta property=\"og:url\" content=\"https:\/\/nauticacentelles.cat\/ca\/producte\/impermeable-mariner-copia\/\" \/>\n<meta property=\"og:site_name\" content=\"Nautica Centelles - Serveis de n\u00e0utica\" \/>\n<meta property=\"article:modified_time\" content=\"2024-03-07T11:59:09+00:00\" \/>\n<meta property=\"og:image\" content=\"https:\/\/nauticacentelles.cat\/wp-content\/uploads\/2024\/02\/07C3001-01.jpg\" \/>\n\t<meta property=\"og:image:width\" content=\"768\" \/>\n\t<meta property=\"og:image:height\" content=\"983\" \/>\n\t<meta property=\"og:image:type\" content=\"image\/jpeg\" \/>\n<meta name=\"twitter:card\" content=\"summary_large_image\" \/>\n<meta name=\"twitter:label1\" content=\"Temps estimat de lectura\" \/>\n\t<meta name=\"twitter:data1\" content=\"1 minut\" \/>\n<script type=\"application\/ld+json\" class=\"yoast-schema-graph\">{\"@context\":\"https:\/\/schema.org\",\"@graph\":[{\"@type\":\"WebPage\",\"@id\":\"https:\/\/nauticacentelles.cat\/ca\/producte\/impermeable-mariner-copia\/\",\"url\":\"https:\/\/nauticacentelles.cat\/ca\/producte\/impermeable-mariner-copia\/\",\"name\":\"Impermeable de poliuret\u00e0 amb folre polar interior - Nautica Centelles - Serveis de n\u00e0utica\",\"isPartOf\":{\"@id\":\"https:\/\/nauticacentelles.cat\/ca\/#website\"},\"primaryImageOfPage\":{\"@id\":\"https:\/\/nauticacentelles.cat\/ca\/producte\/impermeable-mariner-copia\/#primaryimage\"},\"image\":{\"@id\":\"https:\/\/nauticacentelles.cat\/ca\/producte\/impermeable-mariner-copia\/#primaryimage\"},\"thumbnailUrl\":\"https:\/\/nauticacentelles.cat\/wp-content\/uploads\/2024\/02\/07C3001-01.jpg\",\"datePublished\":\"2024-02-26T13:01:13+00:00\",\"dateModified\":\"2024-03-07T11:59:09+00:00\",\"description\":\"Impermeable de poliuret\u00e0 amb folre polar interior. Caputxa extra\u00efble, butxaca interior, punys i cintura ajustable, semi entallada.\",\"breadcrumb\":{\"@id\":\"https:\/\/nauticacentelles.cat\/ca\/producte\/impermeable-mariner-copia\/#breadcrumb\"},\"inLanguage\":\"ca\",\"potentialAction\":[{\"@type\":\"ReadAction\",\"target\":[\"https:\/\/nauticacentelles.cat\/ca\/producte\/impermeable-mariner-copia\/\"]}]},{\"@type\":\"ImageObject\",\"inLanguage\":\"ca\",\"@id\":\"https:\/\/nauticacentelles.cat\/ca\/producte\/impermeable-mariner-copia\/#primaryimage\",\"url\":\"https:\/\/nauticacentelles.cat\/wp-content\/uploads\/2024\/02\/07C3001-01.jpg\",\"contentUrl\":\"https:\/\/nauticacentelles.cat\/wp-content\/uploads\/2024\/02\/07C3001-01.jpg\",\"width\":768,\"height\":983,\"caption\":\"Chubasquero de poliuretano con forro polar interior\"},{\"@type\":\"BreadcrumbList\",\"@id\":\"https:\/\/nauticacentelles.cat\/ca\/producte\/impermeable-mariner-copia\/#breadcrumb\",\"itemListElement\":[{\"@type\":\"ListItem\",\"position\":1,\"name\":\"Portada\",\"item\":\"https:\/\/nauticacentelles.cat\/ca\/\"},{\"@type\":\"ListItem\",\"position\":2,\"name\":\"La Botiga\",\"item\":\"https:\/\/nauticacentelles.cat\/ca\/la-botiga\/\"},{\"@type\":\"ListItem\",\"position\":3,\"name\":\"Impermeable de poliuret\u00e0 amb folre polar interior\"}]},{\"@type\":\"WebSite\",\"@id\":\"https:\/\/nauticacentelles.cat\/ca\/#website\",\"url\":\"https:\/\/nauticacentelles.cat\/ca\/\",\"name\":\"Nautica Centelles - Serveis de n\u00e0utica\",\"description\":\"Empresa especialitzada en tota mena de serveis n\u00e0utics, reparaci\u00f3 i manteniment d'embarcacions.\",\"publisher\":{\"@id\":\"https:\/\/nauticacentelles.cat\/ca\/#organization\"},\"potentialAction\":[{\"@type\":\"SearchAction\",\"target\":{\"@type\":\"EntryPoint\",\"urlTemplate\":\"https:\/\/nauticacentelles.cat\/ca\/?s={search_term_string}\"},\"query-input\":{\"@type\":\"PropertyValueSpecification\",\"valueRequired\":true,\"valueName\":\"search_term_string\"}}],\"inLanguage\":\"ca\"},{\"@type\":\"Organization\",\"@id\":\"https:\/\/nauticacentelles.cat\/ca\/#organization\",\"name\":\"Nautica Centelles\",\"url\":\"https:\/\/nauticacentelles.cat\/ca\/\",\"logo\":{\"@type\":\"ImageObject\",\"inLanguage\":\"ca\",\"@id\":\"https:\/\/nauticacentelles.cat\/ca\/#\/schema\/logo\/image\/\",\"url\":\"https:\/\/nauticacentelles.cat\/wp-content\/uploads\/2021\/12\/Logo-Nautica-Centelles-1024x445-1.png\",\"contentUrl\":\"https:\/\/nauticacentelles.cat\/wp-content\/uploads\/2021\/12\/Logo-Nautica-Centelles-1024x445-1.png\",\"width\":1024,\"height\":445,\"caption\":\"Nautica Centelles\"},\"image\":{\"@id\":\"https:\/\/nauticacentelles.cat\/ca\/#\/schema\/logo\/image\/\"}}]}<\/script>\n<!-- \/ Yoast SEO plugin. -->","yoast_head_json":{"title":"Impermeable de poliuret\u00e0 amb folre polar interior - Nautica Centelles - Serveis de n\u00e0utica","description":"Impermeable de poliuret\u00e0 amb folre polar interior. Caputxa extra\u00efble, butxaca interior, punys i cintura ajustable, semi entallada.","robots":{"index":"index","follow":"follow","max-snippet":"max-snippet:-1","max-image-preview":"max-image-preview:large","max-video-preview":"max-video-preview:-1"},"canonical":"https:\/\/nauticacentelles.cat\/ca\/producte\/impermeable-mariner-copia\/","og_locale":"ca_ES","og_type":"article","og_title":"Impermeable de poliuret\u00e0 amb folre polar interior - Nautica Centelles - Serveis de n\u00e0utica","og_description":"Impermeable de poliuret\u00e0 amb folre polar interior. Caputxa extra\u00efble, butxaca interior, punys i cintura ajustable, semi entallada.","og_url":"https:\/\/nauticacentelles.cat\/ca\/producte\/impermeable-mariner-copia\/","og_site_name":"Nautica Centelles - Serveis de n\u00e0utica","article_modified_time":"2024-03-07T11:59:09+00:00","og_image":[{"width":768,"height":983,"url":"https:\/\/nauticacentelles.cat\/wp-content\/uploads\/2024\/02\/07C3001-01.jpg","type":"image\/jpeg"}],"twitter_card":"summary_large_image","twitter_misc":{"Temps estimat de lectura":"1 minut"},"schema":{"@context":"https:\/\/schema.org","@graph":[{"@type":"WebPage","@id":"https:\/\/nauticacentelles.cat\/ca\/producte\/impermeable-mariner-copia\/","url":"https:\/\/nauticacentelles.cat\/ca\/producte\/impermeable-mariner-copia\/","name":"Impermeable de poliuret\u00e0 amb folre polar interior - Nautica Centelles - Serveis de n\u00e0utica","isPartOf":{"@id":"https:\/\/nauticacentelles.cat\/ca\/#website"},"primaryImageOfPage":{"@id":"https:\/\/nauticacentelles.cat\/ca\/producte\/impermeable-mariner-copia\/#primaryimage"},"image":{"@id":"https:\/\/nauticacentelles.cat\/ca\/producte\/impermeable-mariner-copia\/#primaryimage"},"thumbnailUrl":"https:\/\/nauticacentelles.cat\/wp-content\/uploads\/2024\/02\/07C3001-01.jpg","datePublished":"2024-02-26T13:01:13+00:00","dateModified":"2024-03-07T11:59:09+00:00","description":"Impermeable de poliuret\u00e0 amb folre polar interior. Caputxa extra\u00efble, butxaca interior, punys i cintura ajustable, semi entallada.","breadcrumb":{"@id":"https:\/\/nauticacentelles.cat\/ca\/producte\/impermeable-mariner-copia\/#breadcrumb"},"inLanguage":"ca","potentialAction":[{"@type":"ReadAction","target":["https:\/\/nauticacentelles.cat\/ca\/producte\/impermeable-mariner-copia\/"]}]},{"@type":"ImageObject","inLanguage":"ca","@id":"https:\/\/nauticacentelles.cat\/ca\/producte\/impermeable-mariner-copia\/#primaryimage","url":"https:\/\/nauticacentelles.cat\/wp-content\/uploads\/2024\/02\/07C3001-01.jpg","contentUrl":"https:\/\/nauticacentelles.cat\/wp-content\/uploads\/2024\/02\/07C3001-01.jpg","width":768,"height":983,"caption":"Chubasquero de poliuretano con forro polar interior"},{"@type":"BreadcrumbList","@id":"https:\/\/nauticacentelles.cat\/ca\/producte\/impermeable-mariner-copia\/#breadcrumb","itemListElement":[{"@type":"ListItem","position":1,"name":"Portada","item":"https:\/\/nauticacentelles.cat\/ca\/"},{"@type":"ListItem","position":2,"name":"La Botiga","item":"https:\/\/nauticacentelles.cat\/ca\/la-botiga\/"},{"@type":"ListItem","position":3,"name":"Impermeable de poliuret\u00e0 amb folre polar interior"}]},{"@type":"WebSite","@id":"https:\/\/nauticacentelles.cat\/ca\/#website","url":"https:\/\/nauticacentelles.cat\/ca\/","name":"Nautica Centelles - Serveis de n\u00e0utica","description":"Empresa especialitzada en tota mena de serveis n\u00e0utics, reparaci\u00f3 i manteniment d'embarcacions.","publisher":{"@id":"https:\/\/nauticacentelles.cat\/ca\/#organization"},"potentialAction":[{"@type":"SearchAction","target":{"@type":"EntryPoint","urlTemplate":"https:\/\/nauticacentelles.cat\/ca\/?s={search_term_string}"},"query-input":{"@type":"PropertyValueSpecification","valueRequired":true,"valueName":"search_term_string"}}],"inLanguage":"ca"},{"@type":"Organization","@id":"https:\/\/nauticacentelles.cat\/ca\/#organization","name":"Nautica Centelles","url":"https:\/\/nauticacentelles.cat\/ca\/","logo":{"@type":"ImageObject","inLanguage":"ca","@id":"https:\/\/nauticacentelles.cat\/ca\/#\/schema\/logo\/image\/","url":"https:\/\/nauticacentelles.cat\/wp-content\/uploads\/2021\/12\/Logo-Nautica-Centelles-1024x445-1.png","contentUrl":"https:\/\/nauticacentelles.cat\/wp-content\/uploads\/2021\/12\/Logo-Nautica-Centelles-1024x445-1.png","width":1024,"height":445,"caption":"Nautica Centelles"},"image":{"@id":"https:\/\/nauticacentelles.cat\/ca\/#\/schema\/logo\/image\/"}}]}},"brands":[{"id":191,"name":"Batela","slug":"batela"}],"_links":{"self":[{"href":"https:\/\/nauticacentelles.cat\/ca\/wp-json\/wp\/v2\/product\/3617","targetHints":{"allow":["GET"]}}],"collection":[{"href":"https:\/\/nauticacentelles.cat\/ca\/wp-json\/wp\/v2\/product"}],"about":[{"href":"https:\/\/nauticacentelles.cat\/ca\/wp-json\/wp\/v2\/types\/product"}],"replies":[{"embeddable":true,"href":"https:\/\/nauticacentelles.cat\/ca\/wp-json\/wp\/v2\/comments?post=3617"}],"wp:featuredmedia":[{"embeddable":true,"href":"https:\/\/nauticacentelles.cat\/ca\/wp-json\/wp\/v2\/media\/3791"}],"wp:attachment":[{"href":"https:\/\/nauticacentelles.cat\/ca\/wp-json\/wp\/v2\/media?parent=3617"}],"wp:term":[{"taxonomy":"pwb-brand","embeddable":true,"href":"https:\/\/nauticacentelles.cat\/ca\/wp-json\/wp\/v2\/pwb-brand?post=3617"},{"taxonomy":"product_brand","embeddable":true,"href":"https:\/\/nauticacentelles.cat\/ca\/wp-json\/wp\/v2\/product_brand?post=3617"},{"taxonomy":"product_cat","embeddable":true,"href":"https:\/\/nauticacentelles.cat\/ca\/wp-json\/wp\/v2\/product_cat?post=3617"},{"taxonomy":"product_tag","embeddable":true,"href":"https:\/\/nauticacentelles.cat\/ca\/wp-json\/wp\/v2\/product_tag?post=3617"}],"curies":[{"name":"wp","href":"https:\/\/api.w.org\/{rel}","templated":true}]}}