{"id":3973,"date":"2024-03-07T12:28:06","date_gmt":"2024-03-07T12:32:17","guid":{"rendered":"https:\/\/nauticacentelles.cat\/producto\/impermeable-amb-folre-interior-de-coto-a-ratlles\/"},"modified":"2024-03-07T12:46:56","modified_gmt":"2024-03-07T12:46:56","slug":"impermeable-amb-folre-interior-de-coto-a-ratlles","status":"publish","type":"product","link":"https:\/\/nauticacentelles.cat\/ca\/producte\/impermeable-amb-folre-interior-de-coto-a-ratlles\/","title":{"rendered":"Impermeable amb folre interior de cot\u00f3 a ratlles &#8211; 2 colors"},"content":{"rendered":"<p>Impermeable mariner per a nad\u00f3 amb baix asim\u00e8tric. Dues butxaques amb solapa a la part frontal. A l&#8217;esquena porta serigrafiades una \u00e0ncora i una gavina. <\/p>\n<p>12 MESOS<br \/>\n18 MESOS<br \/>\n24 MESOS<br \/>\n36 MESOS<\/p>\n<p>EXTERIOR: 100% POLIURET\u00c0<br \/>\nINTERIOR: 100% COT\u00d3<\/p>\n","protected":false},"excerpt":{"rendered":"<p>2 colors, vermell i blau<\/p>\n","protected":false},"featured_media":3962,"comment_status":"open","ping_status":"closed","template":"","meta":{"_monsterinsights_skip_tracking":false,"_monsterinsights_sitenote_active":false,"_monsterinsights_sitenote_note":"","_monsterinsights_sitenote_category":0},"pwb-brand":[191],"product_brand":[],"product_cat":[159,150],"product_tag":[237,238,239],"class_list":{"0":"post-3973","1":"product","2":"type-product","3":"status-publish","4":"has-post-thumbnail","6":"pwb-brand-batela","7":"product_cat-nado","8":"product_cat-roba","9":"product_tag-impermeable-mariner","10":"product_tag-impermeable-nado","11":"product_tag-roba-nado","13":"first","14":"instock","15":"shipping-taxable","16":"purchasable","17":"product-type-variable"},"yoast_head":"<!-- This site is optimized with the Yoast SEO plugin v27.2 - https:\/\/yoast.com\/product\/yoast-seo-wordpress\/ -->\n<title>Impermeable nad\u00f3 amb folre interior de cot\u00f3 a ratlles<\/title>\n<meta name=\"description\" content=\"Impermeable nad\u00f3 mariner amb baix asim\u00e8tric. Dues butxaques amb solapa a la part frontal. A l&#039;esquena porta serigrafiades una \u00e0ncora i una gavina.\" \/>\n<meta name=\"robots\" content=\"index, follow, max-snippet:-1, max-image-preview:large, max-video-preview:-1\" \/>\n<link rel=\"canonical\" href=\"https:\/\/nauticacentelles.cat\/ca\/producte\/impermeable-amb-folre-interior-de-coto-a-ratlles\/\" \/>\n<meta property=\"og:locale\" content=\"ca_ES\" \/>\n<meta property=\"og:type\" content=\"article\" \/>\n<meta property=\"og:title\" content=\"Impermeable nad\u00f3 amb folre interior de cot\u00f3 a ratlles\" \/>\n<meta property=\"og:description\" content=\"Impermeable nad\u00f3 mariner amb baix asim\u00e8tric. Dues butxaques amb solapa a la part frontal. A l&#039;esquena porta serigrafiades una \u00e0ncora i una gavina.\" \/>\n<meta property=\"og:url\" content=\"https:\/\/nauticacentelles.cat\/ca\/producte\/impermeable-amb-folre-interior-de-coto-a-ratlles\/\" \/>\n<meta property=\"og:site_name\" content=\"Nautica Centelles - Serveis de n\u00e0utica\" \/>\n<meta property=\"article:modified_time\" content=\"2024-03-07T12:46:56+00:00\" \/>\n<meta property=\"og:image\" content=\"https:\/\/nauticacentelles.cat\/wp-content\/uploads\/2024\/03\/08C3122-02.jpg\" \/>\n\t<meta property=\"og:image:width\" content=\"768\" \/>\n\t<meta property=\"og:image:height\" content=\"834\" \/>\n\t<meta property=\"og:image:type\" content=\"image\/jpeg\" \/>\n<meta name=\"twitter:card\" content=\"summary_large_image\" \/>\n<script type=\"application\/ld+json\" class=\"yoast-schema-graph\">{\"@context\":\"https:\/\/schema.org\",\"@graph\":[{\"@type\":\"WebPage\",\"@id\":\"https:\/\/nauticacentelles.cat\/ca\/producte\/impermeable-amb-folre-interior-de-coto-a-ratlles\/\",\"url\":\"https:\/\/nauticacentelles.cat\/ca\/producte\/impermeable-amb-folre-interior-de-coto-a-ratlles\/\",\"name\":\"Impermeable nad\u00f3 amb folre interior de cot\u00f3 a ratlles\",\"isPartOf\":{\"@id\":\"https:\/\/nauticacentelles.cat\/ca\/#website\"},\"primaryImageOfPage\":{\"@id\":\"https:\/\/nauticacentelles.cat\/ca\/producte\/impermeable-amb-folre-interior-de-coto-a-ratlles\/#primaryimage\"},\"image\":{\"@id\":\"https:\/\/nauticacentelles.cat\/ca\/producte\/impermeable-amb-folre-interior-de-coto-a-ratlles\/#primaryimage\"},\"thumbnailUrl\":\"https:\/\/nauticacentelles.cat\/wp-content\/uploads\/2024\/03\/08C3122-02.jpg\",\"datePublished\":\"2024-03-07T12:32:17+00:00\",\"dateModified\":\"2024-03-07T12:46:56+00:00\",\"description\":\"Impermeable nad\u00f3 mariner amb baix asim\u00e8tric. Dues butxaques amb solapa a la part frontal. A l'esquena porta serigrafiades una \u00e0ncora i una gavina.\",\"breadcrumb\":{\"@id\":\"https:\/\/nauticacentelles.cat\/ca\/producte\/impermeable-amb-folre-interior-de-coto-a-ratlles\/#breadcrumb\"},\"inLanguage\":\"ca\",\"potentialAction\":[{\"@type\":\"ReadAction\",\"target\":[\"https:\/\/nauticacentelles.cat\/ca\/producte\/impermeable-amb-folre-interior-de-coto-a-ratlles\/\"]}]},{\"@type\":\"ImageObject\",\"inLanguage\":\"ca\",\"@id\":\"https:\/\/nauticacentelles.cat\/ca\/producte\/impermeable-amb-folre-interior-de-coto-a-ratlles\/#primaryimage\",\"url\":\"https:\/\/nauticacentelles.cat\/wp-content\/uploads\/2024\/03\/08C3122-02.jpg\",\"contentUrl\":\"https:\/\/nauticacentelles.cat\/wp-content\/uploads\/2024\/03\/08C3122-02.jpg\",\"width\":768,\"height\":834,\"caption\":\"Chubasquero con forro interior de algod\u00f3n a rayas\"},{\"@type\":\"BreadcrumbList\",\"@id\":\"https:\/\/nauticacentelles.cat\/ca\/producte\/impermeable-amb-folre-interior-de-coto-a-ratlles\/#breadcrumb\",\"itemListElement\":[{\"@type\":\"ListItem\",\"position\":1,\"name\":\"Portada\",\"item\":\"https:\/\/nauticacentelles.cat\/ca\/\"},{\"@type\":\"ListItem\",\"position\":2,\"name\":\"La Botiga\",\"item\":\"https:\/\/nauticacentelles.cat\/ca\/la-botiga\/\"},{\"@type\":\"ListItem\",\"position\":3,\"name\":\"Impermeable amb folre interior de cot\u00f3 a ratlles &#8211; 2 colors\"}]},{\"@type\":\"WebSite\",\"@id\":\"https:\/\/nauticacentelles.cat\/ca\/#website\",\"url\":\"https:\/\/nauticacentelles.cat\/ca\/\",\"name\":\"Nautica Centelles - Serveis de n\u00e0utica\",\"description\":\"Empresa especialitzada en tota mena de serveis n\u00e0utics, reparaci\u00f3 i manteniment d'embarcacions.\",\"publisher\":{\"@id\":\"https:\/\/nauticacentelles.cat\/ca\/#organization\"},\"potentialAction\":[{\"@type\":\"SearchAction\",\"target\":{\"@type\":\"EntryPoint\",\"urlTemplate\":\"https:\/\/nauticacentelles.cat\/ca\/?s={search_term_string}\"},\"query-input\":{\"@type\":\"PropertyValueSpecification\",\"valueRequired\":true,\"valueName\":\"search_term_string\"}}],\"inLanguage\":\"ca\"},{\"@type\":\"Organization\",\"@id\":\"https:\/\/nauticacentelles.cat\/ca\/#organization\",\"name\":\"Nautica Centelles\",\"url\":\"https:\/\/nauticacentelles.cat\/ca\/\",\"logo\":{\"@type\":\"ImageObject\",\"inLanguage\":\"ca\",\"@id\":\"https:\/\/nauticacentelles.cat\/ca\/#\/schema\/logo\/image\/\",\"url\":\"https:\/\/nauticacentelles.cat\/wp-content\/uploads\/2021\/12\/Logo-Nautica-Centelles-1024x445-1.png\",\"contentUrl\":\"https:\/\/nauticacentelles.cat\/wp-content\/uploads\/2021\/12\/Logo-Nautica-Centelles-1024x445-1.png\",\"width\":1024,\"height\":445,\"caption\":\"Nautica Centelles\"},\"image\":{\"@id\":\"https:\/\/nauticacentelles.cat\/ca\/#\/schema\/logo\/image\/\"}}]}<\/script>\n<!-- \/ Yoast SEO plugin. -->","yoast_head_json":{"title":"Impermeable nad\u00f3 amb folre interior de cot\u00f3 a ratlles","description":"Impermeable nad\u00f3 mariner amb baix asim\u00e8tric. Dues butxaques amb solapa a la part frontal. A l'esquena porta serigrafiades una \u00e0ncora i una gavina.","robots":{"index":"index","follow":"follow","max-snippet":"max-snippet:-1","max-image-preview":"max-image-preview:large","max-video-preview":"max-video-preview:-1"},"canonical":"https:\/\/nauticacentelles.cat\/ca\/producte\/impermeable-amb-folre-interior-de-coto-a-ratlles\/","og_locale":"ca_ES","og_type":"article","og_title":"Impermeable nad\u00f3 amb folre interior de cot\u00f3 a ratlles","og_description":"Impermeable nad\u00f3 mariner amb baix asim\u00e8tric. Dues butxaques amb solapa a la part frontal. A l'esquena porta serigrafiades una \u00e0ncora i una gavina.","og_url":"https:\/\/nauticacentelles.cat\/ca\/producte\/impermeable-amb-folre-interior-de-coto-a-ratlles\/","og_site_name":"Nautica Centelles - Serveis de n\u00e0utica","article_modified_time":"2024-03-07T12:46:56+00:00","og_image":[{"width":768,"height":834,"url":"https:\/\/nauticacentelles.cat\/wp-content\/uploads\/2024\/03\/08C3122-02.jpg","type":"image\/jpeg"}],"twitter_card":"summary_large_image","schema":{"@context":"https:\/\/schema.org","@graph":[{"@type":"WebPage","@id":"https:\/\/nauticacentelles.cat\/ca\/producte\/impermeable-amb-folre-interior-de-coto-a-ratlles\/","url":"https:\/\/nauticacentelles.cat\/ca\/producte\/impermeable-amb-folre-interior-de-coto-a-ratlles\/","name":"Impermeable nad\u00f3 amb folre interior de cot\u00f3 a ratlles","isPartOf":{"@id":"https:\/\/nauticacentelles.cat\/ca\/#website"},"primaryImageOfPage":{"@id":"https:\/\/nauticacentelles.cat\/ca\/producte\/impermeable-amb-folre-interior-de-coto-a-ratlles\/#primaryimage"},"image":{"@id":"https:\/\/nauticacentelles.cat\/ca\/producte\/impermeable-amb-folre-interior-de-coto-a-ratlles\/#primaryimage"},"thumbnailUrl":"https:\/\/nauticacentelles.cat\/wp-content\/uploads\/2024\/03\/08C3122-02.jpg","datePublished":"2024-03-07T12:32:17+00:00","dateModified":"2024-03-07T12:46:56+00:00","description":"Impermeable nad\u00f3 mariner amb baix asim\u00e8tric. Dues butxaques amb solapa a la part frontal. A l'esquena porta serigrafiades una \u00e0ncora i una gavina.","breadcrumb":{"@id":"https:\/\/nauticacentelles.cat\/ca\/producte\/impermeable-amb-folre-interior-de-coto-a-ratlles\/#breadcrumb"},"inLanguage":"ca","potentialAction":[{"@type":"ReadAction","target":["https:\/\/nauticacentelles.cat\/ca\/producte\/impermeable-amb-folre-interior-de-coto-a-ratlles\/"]}]},{"@type":"ImageObject","inLanguage":"ca","@id":"https:\/\/nauticacentelles.cat\/ca\/producte\/impermeable-amb-folre-interior-de-coto-a-ratlles\/#primaryimage","url":"https:\/\/nauticacentelles.cat\/wp-content\/uploads\/2024\/03\/08C3122-02.jpg","contentUrl":"https:\/\/nauticacentelles.cat\/wp-content\/uploads\/2024\/03\/08C3122-02.jpg","width":768,"height":834,"caption":"Chubasquero con forro interior de algod\u00f3n a rayas"},{"@type":"BreadcrumbList","@id":"https:\/\/nauticacentelles.cat\/ca\/producte\/impermeable-amb-folre-interior-de-coto-a-ratlles\/#breadcrumb","itemListElement":[{"@type":"ListItem","position":1,"name":"Portada","item":"https:\/\/nauticacentelles.cat\/ca\/"},{"@type":"ListItem","position":2,"name":"La Botiga","item":"https:\/\/nauticacentelles.cat\/ca\/la-botiga\/"},{"@type":"ListItem","position":3,"name":"Impermeable amb folre interior de cot\u00f3 a ratlles &#8211; 2 colors"}]},{"@type":"WebSite","@id":"https:\/\/nauticacentelles.cat\/ca\/#website","url":"https:\/\/nauticacentelles.cat\/ca\/","name":"Nautica Centelles - Serveis de n\u00e0utica","description":"Empresa especialitzada en tota mena de serveis n\u00e0utics, reparaci\u00f3 i manteniment d'embarcacions.","publisher":{"@id":"https:\/\/nauticacentelles.cat\/ca\/#organization"},"potentialAction":[{"@type":"SearchAction","target":{"@type":"EntryPoint","urlTemplate":"https:\/\/nauticacentelles.cat\/ca\/?s={search_term_string}"},"query-input":{"@type":"PropertyValueSpecification","valueRequired":true,"valueName":"search_term_string"}}],"inLanguage":"ca"},{"@type":"Organization","@id":"https:\/\/nauticacentelles.cat\/ca\/#organization","name":"Nautica Centelles","url":"https:\/\/nauticacentelles.cat\/ca\/","logo":{"@type":"ImageObject","inLanguage":"ca","@id":"https:\/\/nauticacentelles.cat\/ca\/#\/schema\/logo\/image\/","url":"https:\/\/nauticacentelles.cat\/wp-content\/uploads\/2021\/12\/Logo-Nautica-Centelles-1024x445-1.png","contentUrl":"https:\/\/nauticacentelles.cat\/wp-content\/uploads\/2021\/12\/Logo-Nautica-Centelles-1024x445-1.png","width":1024,"height":445,"caption":"Nautica Centelles"},"image":{"@id":"https:\/\/nauticacentelles.cat\/ca\/#\/schema\/logo\/image\/"}}]}},"brands":[{"id":191,"name":"Batela","slug":"batela"}],"_links":{"self":[{"href":"https:\/\/nauticacentelles.cat\/ca\/wp-json\/wp\/v2\/product\/3973","targetHints":{"allow":["GET"]}}],"collection":[{"href":"https:\/\/nauticacentelles.cat\/ca\/wp-json\/wp\/v2\/product"}],"about":[{"href":"https:\/\/nauticacentelles.cat\/ca\/wp-json\/wp\/v2\/types\/product"}],"replies":[{"embeddable":true,"href":"https:\/\/nauticacentelles.cat\/ca\/wp-json\/wp\/v2\/comments?post=3973"}],"wp:featuredmedia":[{"embeddable":true,"href":"https:\/\/nauticacentelles.cat\/ca\/wp-json\/wp\/v2\/media\/3962"}],"wp:attachment":[{"href":"https:\/\/nauticacentelles.cat\/ca\/wp-json\/wp\/v2\/media?parent=3973"}],"wp:term":[{"taxonomy":"pwb-brand","embeddable":true,"href":"https:\/\/nauticacentelles.cat\/ca\/wp-json\/wp\/v2\/pwb-brand?post=3973"},{"taxonomy":"product_brand","embeddable":true,"href":"https:\/\/nauticacentelles.cat\/ca\/wp-json\/wp\/v2\/product_brand?post=3973"},{"taxonomy":"product_cat","embeddable":true,"href":"https:\/\/nauticacentelles.cat\/ca\/wp-json\/wp\/v2\/product_cat?post=3973"},{"taxonomy":"product_tag","embeddable":true,"href":"https:\/\/nauticacentelles.cat\/ca\/wp-json\/wp\/v2\/product_tag?post=3973"}],"curies":[{"name":"wp","href":"https:\/\/api.w.org\/{rel}","templated":true}]}}