{"id":5214,"date":"2024-11-19T14:54:15","date_gmt":"2024-11-19T16:28:01","guid":{"rendered":"https:\/\/nauticacentelles.cat\/producto\/biquini-amb-cercols-verd\/"},"modified":"2024-11-19T16:35:35","modified_gmt":"2024-11-19T16:35:35","slug":"biquini-amb-cercols-verd","status":"publish","type":"product","link":"https:\/\/nauticacentelles.cat\/ca\/producte\/biquini-amb-cercols-verd\/","title":{"rendered":"Biquini amb c\u00e8rcols verd"},"content":{"rendered":"<p>Biquini de calces alta i sostenidor amb c\u00e8rcols per un suport c\u00f2mode i ferm.<\/p>\n<p>Biquini amb c\u00e8rcols &#8211; Calces maxi.<br \/>\nTires regulables.<br \/>\nEstampat Jungla.<br \/>\nTeixit ecol\u00f2gic de tacte fresc i lleuger.<br \/>\nSecat r\u00e0pid.<br \/>\nProtecci\u00f3 UPF+50.<br \/>\nAlta resist\u00e8ncia al clor.<br \/>\nAnti-Peeling.<br \/>\nFabricat a Espanya<\/p>\n","protected":false},"excerpt":{"rendered":"<p>Definex la teva figura amb el nostre biquini Docor, dissenyat per real\u00e7ar tu bellesa natural! Amb c\u00e8rcols interiors sense farciments que ofereixen un suport excepcional per al teu pit, aquest biquini assegura comoditat i estil. <\/p>\n","protected":false},"featured_media":5166,"comment_status":"closed","ping_status":"closed","template":"","meta":{"_monsterinsights_skip_tracking":false,"_monsterinsights_sitenote_active":false,"_monsterinsights_sitenote_note":"","_monsterinsights_sitenote_category":0},"pwb-brand":[291],"product_brand":[],"product_cat":[300,151,150,299],"product_tag":[301],"class_list":{"0":"post-5214","1":"product","2":"type-product","3":"status-publish","4":"has-post-thumbnail","6":"pwb-brand-docor","7":"product_cat-biquini","8":"product_cat-dona","9":"product_cat-roba","10":"product_cat-roba-de-bany-ca","11":"product_tag-biquini-ca","13":"first","14":"instock","15":"sale","16":"shipping-taxable","17":"purchasable","18":"product-type-variable"},"yoast_head":"<!-- This site is optimized with the Yoast SEO plugin v27.2 - https:\/\/yoast.com\/product\/yoast-seo-wordpress\/ -->\n<title>Biquini amb c\u00e8rcols verd - Nautica Centelles - Serveis de n\u00e0utica<\/title>\n<meta name=\"description\" content=\"Biquini de color verd amb c\u00e8rcols interns sense farciment que ofereixen un suport excepcional per al teu pit, aquest biquini assegura comoditat i estil.\" \/>\n<meta name=\"robots\" content=\"index, follow, max-snippet:-1, max-image-preview:large, max-video-preview:-1\" \/>\n<link rel=\"canonical\" href=\"https:\/\/nauticacentelles.cat\/ca\/producte\/biquini-amb-cercols-verd\/\" \/>\n<meta property=\"og:locale\" content=\"ca_ES\" \/>\n<meta property=\"og:type\" content=\"article\" \/>\n<meta property=\"og:title\" content=\"Biquini amb c\u00e8rcols verd - Nautica Centelles - Serveis de n\u00e0utica\" \/>\n<meta property=\"og:description\" content=\"Biquini de color verd amb c\u00e8rcols interns sense farciment que ofereixen un suport excepcional per al teu pit, aquest biquini assegura comoditat i estil.\" \/>\n<meta property=\"og:url\" content=\"https:\/\/nauticacentelles.cat\/ca\/producte\/biquini-amb-cercols-verd\/\" \/>\n<meta property=\"og:site_name\" content=\"Nautica Centelles - Serveis de n\u00e0utica\" \/>\n<meta property=\"article:modified_time\" content=\"2024-11-19T16:35:35+00:00\" \/>\n<meta property=\"og:image\" content=\"https:\/\/nauticacentelles.cat\/wp-content\/uploads\/2024\/11\/docor-bikini-braga-alta-copa-d-426-1002d-3.jpg\" \/>\n\t<meta property=\"og:image:width\" content=\"452\" \/>\n\t<meta property=\"og:image:height\" content=\"452\" \/>\n\t<meta property=\"og:image:type\" content=\"image\/jpeg\" \/>\n<meta name=\"twitter:card\" content=\"summary_large_image\" \/>\n<script type=\"application\/ld+json\" class=\"yoast-schema-graph\">{\"@context\":\"https:\/\/schema.org\",\"@graph\":[{\"@type\":\"WebPage\",\"@id\":\"https:\/\/nauticacentelles.cat\/ca\/producte\/biquini-amb-cercols-verd\/\",\"url\":\"https:\/\/nauticacentelles.cat\/ca\/producte\/biquini-amb-cercols-verd\/\",\"name\":\"Biquini amb c\u00e8rcols verd - Nautica Centelles - Serveis de n\u00e0utica\",\"isPartOf\":{\"@id\":\"https:\/\/nauticacentelles.cat\/ca\/#website\"},\"primaryImageOfPage\":{\"@id\":\"https:\/\/nauticacentelles.cat\/ca\/producte\/biquini-amb-cercols-verd\/#primaryimage\"},\"image\":{\"@id\":\"https:\/\/nauticacentelles.cat\/ca\/producte\/biquini-amb-cercols-verd\/#primaryimage\"},\"thumbnailUrl\":\"https:\/\/nauticacentelles.cat\/wp-content\/uploads\/2024\/11\/docor-bikini-braga-alta-copa-d-426-1002d-3.jpg\",\"datePublished\":\"2024-11-19T16:28:01+00:00\",\"dateModified\":\"2024-11-19T16:35:35+00:00\",\"description\":\"Biquini de color verd amb c\u00e8rcols interns sense farciment que ofereixen un suport excepcional per al teu pit, aquest biquini assegura comoditat i estil.\",\"breadcrumb\":{\"@id\":\"https:\/\/nauticacentelles.cat\/ca\/producte\/biquini-amb-cercols-verd\/#breadcrumb\"},\"inLanguage\":\"ca\",\"potentialAction\":[{\"@type\":\"ReadAction\",\"target\":[\"https:\/\/nauticacentelles.cat\/ca\/producte\/biquini-amb-cercols-verd\/\"]}]},{\"@type\":\"ImageObject\",\"inLanguage\":\"ca\",\"@id\":\"https:\/\/nauticacentelles.cat\/ca\/producte\/biquini-amb-cercols-verd\/#primaryimage\",\"url\":\"https:\/\/nauticacentelles.cat\/wp-content\/uploads\/2024\/11\/docor-bikini-braga-alta-copa-d-426-1002d-3.jpg\",\"contentUrl\":\"https:\/\/nauticacentelles.cat\/wp-content\/uploads\/2024\/11\/docor-bikini-braga-alta-copa-d-426-1002d-3.jpg\",\"width\":452,\"height\":452},{\"@type\":\"BreadcrumbList\",\"@id\":\"https:\/\/nauticacentelles.cat\/ca\/producte\/biquini-amb-cercols-verd\/#breadcrumb\",\"itemListElement\":[{\"@type\":\"ListItem\",\"position\":1,\"name\":\"Portada\",\"item\":\"https:\/\/nauticacentelles.cat\/ca\/\"},{\"@type\":\"ListItem\",\"position\":2,\"name\":\"La Botiga\",\"item\":\"https:\/\/nauticacentelles.cat\/ca\/la-botiga\/\"},{\"@type\":\"ListItem\",\"position\":3,\"name\":\"Biquini amb c\u00e8rcols verd\"}]},{\"@type\":\"WebSite\",\"@id\":\"https:\/\/nauticacentelles.cat\/ca\/#website\",\"url\":\"https:\/\/nauticacentelles.cat\/ca\/\",\"name\":\"Nautica Centelles - Serveis de n\u00e0utica\",\"description\":\"Empresa especialitzada en tota mena de serveis n\u00e0utics, reparaci\u00f3 i manteniment d'embarcacions.\",\"publisher\":{\"@id\":\"https:\/\/nauticacentelles.cat\/ca\/#organization\"},\"potentialAction\":[{\"@type\":\"SearchAction\",\"target\":{\"@type\":\"EntryPoint\",\"urlTemplate\":\"https:\/\/nauticacentelles.cat\/ca\/?s={search_term_string}\"},\"query-input\":{\"@type\":\"PropertyValueSpecification\",\"valueRequired\":true,\"valueName\":\"search_term_string\"}}],\"inLanguage\":\"ca\"},{\"@type\":\"Organization\",\"@id\":\"https:\/\/nauticacentelles.cat\/ca\/#organization\",\"name\":\"Nautica Centelles\",\"url\":\"https:\/\/nauticacentelles.cat\/ca\/\",\"logo\":{\"@type\":\"ImageObject\",\"inLanguage\":\"ca\",\"@id\":\"https:\/\/nauticacentelles.cat\/ca\/#\/schema\/logo\/image\/\",\"url\":\"https:\/\/nauticacentelles.cat\/wp-content\/uploads\/2021\/12\/Logo-Nautica-Centelles-1024x445-1.png\",\"contentUrl\":\"https:\/\/nauticacentelles.cat\/wp-content\/uploads\/2021\/12\/Logo-Nautica-Centelles-1024x445-1.png\",\"width\":1024,\"height\":445,\"caption\":\"Nautica Centelles\"},\"image\":{\"@id\":\"https:\/\/nauticacentelles.cat\/ca\/#\/schema\/logo\/image\/\"}}]}<\/script>\n<!-- \/ Yoast SEO plugin. -->","yoast_head_json":{"title":"Biquini amb c\u00e8rcols verd - Nautica Centelles - Serveis de n\u00e0utica","description":"Biquini de color verd amb c\u00e8rcols interns sense farciment que ofereixen un suport excepcional per al teu pit, aquest biquini assegura comoditat i estil.","robots":{"index":"index","follow":"follow","max-snippet":"max-snippet:-1","max-image-preview":"max-image-preview:large","max-video-preview":"max-video-preview:-1"},"canonical":"https:\/\/nauticacentelles.cat\/ca\/producte\/biquini-amb-cercols-verd\/","og_locale":"ca_ES","og_type":"article","og_title":"Biquini amb c\u00e8rcols verd - Nautica Centelles - Serveis de n\u00e0utica","og_description":"Biquini de color verd amb c\u00e8rcols interns sense farciment que ofereixen un suport excepcional per al teu pit, aquest biquini assegura comoditat i estil.","og_url":"https:\/\/nauticacentelles.cat\/ca\/producte\/biquini-amb-cercols-verd\/","og_site_name":"Nautica Centelles - Serveis de n\u00e0utica","article_modified_time":"2024-11-19T16:35:35+00:00","og_image":[{"width":452,"height":452,"url":"https:\/\/nauticacentelles.cat\/wp-content\/uploads\/2024\/11\/docor-bikini-braga-alta-copa-d-426-1002d-3.jpg","type":"image\/jpeg"}],"twitter_card":"summary_large_image","schema":{"@context":"https:\/\/schema.org","@graph":[{"@type":"WebPage","@id":"https:\/\/nauticacentelles.cat\/ca\/producte\/biquini-amb-cercols-verd\/","url":"https:\/\/nauticacentelles.cat\/ca\/producte\/biquini-amb-cercols-verd\/","name":"Biquini amb c\u00e8rcols verd - Nautica Centelles - Serveis de n\u00e0utica","isPartOf":{"@id":"https:\/\/nauticacentelles.cat\/ca\/#website"},"primaryImageOfPage":{"@id":"https:\/\/nauticacentelles.cat\/ca\/producte\/biquini-amb-cercols-verd\/#primaryimage"},"image":{"@id":"https:\/\/nauticacentelles.cat\/ca\/producte\/biquini-amb-cercols-verd\/#primaryimage"},"thumbnailUrl":"https:\/\/nauticacentelles.cat\/wp-content\/uploads\/2024\/11\/docor-bikini-braga-alta-copa-d-426-1002d-3.jpg","datePublished":"2024-11-19T16:28:01+00:00","dateModified":"2024-11-19T16:35:35+00:00","description":"Biquini de color verd amb c\u00e8rcols interns sense farciment que ofereixen un suport excepcional per al teu pit, aquest biquini assegura comoditat i estil.","breadcrumb":{"@id":"https:\/\/nauticacentelles.cat\/ca\/producte\/biquini-amb-cercols-verd\/#breadcrumb"},"inLanguage":"ca","potentialAction":[{"@type":"ReadAction","target":["https:\/\/nauticacentelles.cat\/ca\/producte\/biquini-amb-cercols-verd\/"]}]},{"@type":"ImageObject","inLanguage":"ca","@id":"https:\/\/nauticacentelles.cat\/ca\/producte\/biquini-amb-cercols-verd\/#primaryimage","url":"https:\/\/nauticacentelles.cat\/wp-content\/uploads\/2024\/11\/docor-bikini-braga-alta-copa-d-426-1002d-3.jpg","contentUrl":"https:\/\/nauticacentelles.cat\/wp-content\/uploads\/2024\/11\/docor-bikini-braga-alta-copa-d-426-1002d-3.jpg","width":452,"height":452},{"@type":"BreadcrumbList","@id":"https:\/\/nauticacentelles.cat\/ca\/producte\/biquini-amb-cercols-verd\/#breadcrumb","itemListElement":[{"@type":"ListItem","position":1,"name":"Portada","item":"https:\/\/nauticacentelles.cat\/ca\/"},{"@type":"ListItem","position":2,"name":"La Botiga","item":"https:\/\/nauticacentelles.cat\/ca\/la-botiga\/"},{"@type":"ListItem","position":3,"name":"Biquini amb c\u00e8rcols verd"}]},{"@type":"WebSite","@id":"https:\/\/nauticacentelles.cat\/ca\/#website","url":"https:\/\/nauticacentelles.cat\/ca\/","name":"Nautica Centelles - Serveis de n\u00e0utica","description":"Empresa especialitzada en tota mena de serveis n\u00e0utics, reparaci\u00f3 i manteniment d'embarcacions.","publisher":{"@id":"https:\/\/nauticacentelles.cat\/ca\/#organization"},"potentialAction":[{"@type":"SearchAction","target":{"@type":"EntryPoint","urlTemplate":"https:\/\/nauticacentelles.cat\/ca\/?s={search_term_string}"},"query-input":{"@type":"PropertyValueSpecification","valueRequired":true,"valueName":"search_term_string"}}],"inLanguage":"ca"},{"@type":"Organization","@id":"https:\/\/nauticacentelles.cat\/ca\/#organization","name":"Nautica Centelles","url":"https:\/\/nauticacentelles.cat\/ca\/","logo":{"@type":"ImageObject","inLanguage":"ca","@id":"https:\/\/nauticacentelles.cat\/ca\/#\/schema\/logo\/image\/","url":"https:\/\/nauticacentelles.cat\/wp-content\/uploads\/2021\/12\/Logo-Nautica-Centelles-1024x445-1.png","contentUrl":"https:\/\/nauticacentelles.cat\/wp-content\/uploads\/2021\/12\/Logo-Nautica-Centelles-1024x445-1.png","width":1024,"height":445,"caption":"Nautica Centelles"},"image":{"@id":"https:\/\/nauticacentelles.cat\/ca\/#\/schema\/logo\/image\/"}}]}},"brands":[{"id":291,"name":"Docor","slug":"docor"}],"_links":{"self":[{"href":"https:\/\/nauticacentelles.cat\/ca\/wp-json\/wp\/v2\/product\/5214","targetHints":{"allow":["GET"]}}],"collection":[{"href":"https:\/\/nauticacentelles.cat\/ca\/wp-json\/wp\/v2\/product"}],"about":[{"href":"https:\/\/nauticacentelles.cat\/ca\/wp-json\/wp\/v2\/types\/product"}],"replies":[{"embeddable":true,"href":"https:\/\/nauticacentelles.cat\/ca\/wp-json\/wp\/v2\/comments?post=5214"}],"wp:featuredmedia":[{"embeddable":true,"href":"https:\/\/nauticacentelles.cat\/ca\/wp-json\/wp\/v2\/media\/5166"}],"wp:attachment":[{"href":"https:\/\/nauticacentelles.cat\/ca\/wp-json\/wp\/v2\/media?parent=5214"}],"wp:term":[{"taxonomy":"pwb-brand","embeddable":true,"href":"https:\/\/nauticacentelles.cat\/ca\/wp-json\/wp\/v2\/pwb-brand?post=5214"},{"taxonomy":"product_brand","embeddable":true,"href":"https:\/\/nauticacentelles.cat\/ca\/wp-json\/wp\/v2\/product_brand?post=5214"},{"taxonomy":"product_cat","embeddable":true,"href":"https:\/\/nauticacentelles.cat\/ca\/wp-json\/wp\/v2\/product_cat?post=5214"},{"taxonomy":"product_tag","embeddable":true,"href":"https:\/\/nauticacentelles.cat\/ca\/wp-json\/wp\/v2\/product_tag?post=5214"}],"curies":[{"name":"wp","href":"https:\/\/api.w.org\/{rel}","templated":true}]}}