{"id":5303,"date":"2024-11-20T11:20:03","date_gmt":"2024-11-20T11:35:28","guid":{"rendered":"https:\/\/nauticacentelles.cat\/producto\/sostenidor-biquini-bruna\/"},"modified":"2024-11-20T11:35:28","modified_gmt":"2024-11-20T11:35:28","slug":"sostenidor-biquini-bruna","status":"publish","type":"product","link":"https:\/\/nauticacentelles.cat\/ca\/producte\/sostenidor-biquini-bruna\/","title":{"rendered":"Sostenidor biquini Bruna"},"content":{"rendered":"<p>Sostenidor de biquini microfibra amb estampat de puntets formant una fulla en diferents tonalitats de color blau. C\u00e8rcols base D.<\/p>\n","protected":false},"excerpt":{"rendered":"<p>Sostenidor de biquini microfibra amb estampat de puntets formant una fulla en diferents tonalitats de color blau. 86% Poliamida 14% Elastan. Amb c\u00e8rcols i tirants ajustables. Sujecci\u00f3 extra que real\u00e7a el pit.<\/p>\n","protected":false},"featured_media":5266,"comment_status":"closed","ping_status":"closed","template":"","meta":{"_monsterinsights_skip_tracking":false,"_monsterinsights_sitenote_active":false,"_monsterinsights_sitenote_note":"","_monsterinsights_sitenote_category":0},"pwb-brand":[272],"product_brand":[],"product_cat":[300,151,299],"product_tag":[301,306],"class_list":{"0":"post-5303","1":"product","2":"type-product","3":"status-publish","4":"has-post-thumbnail","6":"pwb-brand-onades","7":"product_cat-biquini","8":"product_cat-dona","9":"product_cat-roba-de-bany-ca","10":"product_tag-biquini-ca","11":"product_tag-sostenidor-biquini-ca","13":"first","14":"instock","15":"sale","16":"shipping-taxable","17":"purchasable","18":"product-type-variable"},"yoast_head":"<!-- This site is optimized with the Yoast SEO plugin v27.2 - https:\/\/yoast.com\/product\/yoast-seo-wordpress\/ -->\n<title>Sostenidor biquini Bruna - Nautica Centelles - Serveis de n\u00e0utica<\/title>\n<meta name=\"description\" content=\"Sostenidor de biquini microfibra amb estampat de puntets formant una fulla en diferents tonalitats de color blau. C\u00e8rcols base D. Sostenidor de biquini d&#039;Onades by Red Point amb microfibra. 86% Poliamida 14% Elastan. Amb c\u00e8rcols i tirants ajustables. Sujecci\u00f3 extra que real\u00e7a el pit.\" \/>\n<meta name=\"robots\" content=\"index, follow, max-snippet:-1, max-image-preview:large, max-video-preview:-1\" \/>\n<link rel=\"canonical\" href=\"https:\/\/nauticacentelles.cat\/ca\/producte\/sostenidor-biquini-bruna\/\" \/>\n<meta property=\"og:locale\" content=\"ca_ES\" \/>\n<meta property=\"og:type\" content=\"article\" \/>\n<meta property=\"og:title\" content=\"Sostenidor biquini Bruna - Nautica Centelles - Serveis de n\u00e0utica\" \/>\n<meta property=\"og:description\" content=\"Sostenidor de biquini microfibra amb estampat de puntets formant una fulla en diferents tonalitats de color blau. C\u00e8rcols base D. Sostenidor de biquini d&#039;Onades by Red Point amb microfibra. 86% Poliamida 14% Elastan. Amb c\u00e8rcols i tirants ajustables. Sujecci\u00f3 extra que real\u00e7a el pit.\" \/>\n<meta property=\"og:url\" content=\"https:\/\/nauticacentelles.cat\/ca\/producte\/sostenidor-biquini-bruna\/\" \/>\n<meta property=\"og:site_name\" content=\"Nautica Centelles - Serveis de n\u00e0utica\" \/>\n<meta property=\"og:image\" content=\"https:\/\/nauticacentelles.cat\/wp-content\/uploads\/2024\/11\/bruna-aros-base-d-4.jpg\" \/>\n\t<meta property=\"og:image:width\" content=\"484\" \/>\n\t<meta property=\"og:image:height\" content=\"600\" \/>\n\t<meta property=\"og:image:type\" content=\"image\/jpeg\" \/>\n<meta name=\"twitter:card\" content=\"summary_large_image\" \/>\n<script type=\"application\/ld+json\" class=\"yoast-schema-graph\">{\"@context\":\"https:\/\/schema.org\",\"@graph\":[{\"@type\":\"WebPage\",\"@id\":\"https:\/\/nauticacentelles.cat\/ca\/producte\/sostenidor-biquini-bruna\/\",\"url\":\"https:\/\/nauticacentelles.cat\/ca\/producte\/sostenidor-biquini-bruna\/\",\"name\":\"Sostenidor biquini Bruna - Nautica Centelles - Serveis de n\u00e0utica\",\"isPartOf\":{\"@id\":\"https:\/\/nauticacentelles.cat\/ca\/#website\"},\"primaryImageOfPage\":{\"@id\":\"https:\/\/nauticacentelles.cat\/ca\/producte\/sostenidor-biquini-bruna\/#primaryimage\"},\"image\":{\"@id\":\"https:\/\/nauticacentelles.cat\/ca\/producte\/sostenidor-biquini-bruna\/#primaryimage\"},\"thumbnailUrl\":\"https:\/\/nauticacentelles.cat\/wp-content\/uploads\/2024\/11\/bruna-aros-base-d-4.jpg\",\"datePublished\":\"2024-11-20T11:35:28+00:00\",\"description\":\"Sostenidor de biquini microfibra amb estampat de puntets formant una fulla en diferents tonalitats de color blau. C\u00e8rcols base D. Sostenidor de biquini d'Onades by Red Point amb microfibra. 86% Poliamida 14% Elastan. Amb c\u00e8rcols i tirants ajustables. Sujecci\u00f3 extra que real\u00e7a el pit.\",\"breadcrumb\":{\"@id\":\"https:\/\/nauticacentelles.cat\/ca\/producte\/sostenidor-biquini-bruna\/#breadcrumb\"},\"inLanguage\":\"ca\",\"potentialAction\":[{\"@type\":\"ReadAction\",\"target\":[\"https:\/\/nauticacentelles.cat\/ca\/producte\/sostenidor-biquini-bruna\/\"]}]},{\"@type\":\"ImageObject\",\"inLanguage\":\"ca\",\"@id\":\"https:\/\/nauticacentelles.cat\/ca\/producte\/sostenidor-biquini-bruna\/#primaryimage\",\"url\":\"https:\/\/nauticacentelles.cat\/wp-content\/uploads\/2024\/11\/bruna-aros-base-d-4.jpg\",\"contentUrl\":\"https:\/\/nauticacentelles.cat\/wp-content\/uploads\/2024\/11\/bruna-aros-base-d-4.jpg\",\"width\":484,\"height\":600},{\"@type\":\"BreadcrumbList\",\"@id\":\"https:\/\/nauticacentelles.cat\/ca\/producte\/sostenidor-biquini-bruna\/#breadcrumb\",\"itemListElement\":[{\"@type\":\"ListItem\",\"position\":1,\"name\":\"Portada\",\"item\":\"https:\/\/nauticacentelles.cat\/ca\/\"},{\"@type\":\"ListItem\",\"position\":2,\"name\":\"La Botiga\",\"item\":\"https:\/\/nauticacentelles.cat\/ca\/la-botiga\/\"},{\"@type\":\"ListItem\",\"position\":3,\"name\":\"Sostenidor biquini Bruna\"}]},{\"@type\":\"WebSite\",\"@id\":\"https:\/\/nauticacentelles.cat\/ca\/#website\",\"url\":\"https:\/\/nauticacentelles.cat\/ca\/\",\"name\":\"Nautica Centelles - Serveis de n\u00e0utica\",\"description\":\"Empresa especialitzada en tota mena de serveis n\u00e0utics, reparaci\u00f3 i manteniment d'embarcacions.\",\"publisher\":{\"@id\":\"https:\/\/nauticacentelles.cat\/ca\/#organization\"},\"potentialAction\":[{\"@type\":\"SearchAction\",\"target\":{\"@type\":\"EntryPoint\",\"urlTemplate\":\"https:\/\/nauticacentelles.cat\/ca\/?s={search_term_string}\"},\"query-input\":{\"@type\":\"PropertyValueSpecification\",\"valueRequired\":true,\"valueName\":\"search_term_string\"}}],\"inLanguage\":\"ca\"},{\"@type\":\"Organization\",\"@id\":\"https:\/\/nauticacentelles.cat\/ca\/#organization\",\"name\":\"Nautica Centelles\",\"url\":\"https:\/\/nauticacentelles.cat\/ca\/\",\"logo\":{\"@type\":\"ImageObject\",\"inLanguage\":\"ca\",\"@id\":\"https:\/\/nauticacentelles.cat\/ca\/#\/schema\/logo\/image\/\",\"url\":\"https:\/\/nauticacentelles.cat\/wp-content\/uploads\/2021\/12\/Logo-Nautica-Centelles-1024x445-1.png\",\"contentUrl\":\"https:\/\/nauticacentelles.cat\/wp-content\/uploads\/2021\/12\/Logo-Nautica-Centelles-1024x445-1.png\",\"width\":1024,\"height\":445,\"caption\":\"Nautica Centelles\"},\"image\":{\"@id\":\"https:\/\/nauticacentelles.cat\/ca\/#\/schema\/logo\/image\/\"}}]}<\/script>\n<!-- \/ Yoast SEO plugin. -->","yoast_head_json":{"title":"Sostenidor biquini Bruna - Nautica Centelles - Serveis de n\u00e0utica","description":"Sostenidor de biquini microfibra amb estampat de puntets formant una fulla en diferents tonalitats de color blau. C\u00e8rcols base D. Sostenidor de biquini d'Onades by Red Point amb microfibra. 86% Poliamida 14% Elastan. Amb c\u00e8rcols i tirants ajustables. Sujecci\u00f3 extra que real\u00e7a el pit.","robots":{"index":"index","follow":"follow","max-snippet":"max-snippet:-1","max-image-preview":"max-image-preview:large","max-video-preview":"max-video-preview:-1"},"canonical":"https:\/\/nauticacentelles.cat\/ca\/producte\/sostenidor-biquini-bruna\/","og_locale":"ca_ES","og_type":"article","og_title":"Sostenidor biquini Bruna - Nautica Centelles - Serveis de n\u00e0utica","og_description":"Sostenidor de biquini microfibra amb estampat de puntets formant una fulla en diferents tonalitats de color blau. C\u00e8rcols base D. Sostenidor de biquini d'Onades by Red Point amb microfibra. 86% Poliamida 14% Elastan. Amb c\u00e8rcols i tirants ajustables. Sujecci\u00f3 extra que real\u00e7a el pit.","og_url":"https:\/\/nauticacentelles.cat\/ca\/producte\/sostenidor-biquini-bruna\/","og_site_name":"Nautica Centelles - Serveis de n\u00e0utica","og_image":[{"width":484,"height":600,"url":"https:\/\/nauticacentelles.cat\/wp-content\/uploads\/2024\/11\/bruna-aros-base-d-4.jpg","type":"image\/jpeg"}],"twitter_card":"summary_large_image","schema":{"@context":"https:\/\/schema.org","@graph":[{"@type":"WebPage","@id":"https:\/\/nauticacentelles.cat\/ca\/producte\/sostenidor-biquini-bruna\/","url":"https:\/\/nauticacentelles.cat\/ca\/producte\/sostenidor-biquini-bruna\/","name":"Sostenidor biquini Bruna - Nautica Centelles - Serveis de n\u00e0utica","isPartOf":{"@id":"https:\/\/nauticacentelles.cat\/ca\/#website"},"primaryImageOfPage":{"@id":"https:\/\/nauticacentelles.cat\/ca\/producte\/sostenidor-biquini-bruna\/#primaryimage"},"image":{"@id":"https:\/\/nauticacentelles.cat\/ca\/producte\/sostenidor-biquini-bruna\/#primaryimage"},"thumbnailUrl":"https:\/\/nauticacentelles.cat\/wp-content\/uploads\/2024\/11\/bruna-aros-base-d-4.jpg","datePublished":"2024-11-20T11:35:28+00:00","description":"Sostenidor de biquini microfibra amb estampat de puntets formant una fulla en diferents tonalitats de color blau. C\u00e8rcols base D. Sostenidor de biquini d'Onades by Red Point amb microfibra. 86% Poliamida 14% Elastan. Amb c\u00e8rcols i tirants ajustables. Sujecci\u00f3 extra que real\u00e7a el pit.","breadcrumb":{"@id":"https:\/\/nauticacentelles.cat\/ca\/producte\/sostenidor-biquini-bruna\/#breadcrumb"},"inLanguage":"ca","potentialAction":[{"@type":"ReadAction","target":["https:\/\/nauticacentelles.cat\/ca\/producte\/sostenidor-biquini-bruna\/"]}]},{"@type":"ImageObject","inLanguage":"ca","@id":"https:\/\/nauticacentelles.cat\/ca\/producte\/sostenidor-biquini-bruna\/#primaryimage","url":"https:\/\/nauticacentelles.cat\/wp-content\/uploads\/2024\/11\/bruna-aros-base-d-4.jpg","contentUrl":"https:\/\/nauticacentelles.cat\/wp-content\/uploads\/2024\/11\/bruna-aros-base-d-4.jpg","width":484,"height":600},{"@type":"BreadcrumbList","@id":"https:\/\/nauticacentelles.cat\/ca\/producte\/sostenidor-biquini-bruna\/#breadcrumb","itemListElement":[{"@type":"ListItem","position":1,"name":"Portada","item":"https:\/\/nauticacentelles.cat\/ca\/"},{"@type":"ListItem","position":2,"name":"La Botiga","item":"https:\/\/nauticacentelles.cat\/ca\/la-botiga\/"},{"@type":"ListItem","position":3,"name":"Sostenidor biquini Bruna"}]},{"@type":"WebSite","@id":"https:\/\/nauticacentelles.cat\/ca\/#website","url":"https:\/\/nauticacentelles.cat\/ca\/","name":"Nautica Centelles - Serveis de n\u00e0utica","description":"Empresa especialitzada en tota mena de serveis n\u00e0utics, reparaci\u00f3 i manteniment d'embarcacions.","publisher":{"@id":"https:\/\/nauticacentelles.cat\/ca\/#organization"},"potentialAction":[{"@type":"SearchAction","target":{"@type":"EntryPoint","urlTemplate":"https:\/\/nauticacentelles.cat\/ca\/?s={search_term_string}"},"query-input":{"@type":"PropertyValueSpecification","valueRequired":true,"valueName":"search_term_string"}}],"inLanguage":"ca"},{"@type":"Organization","@id":"https:\/\/nauticacentelles.cat\/ca\/#organization","name":"Nautica Centelles","url":"https:\/\/nauticacentelles.cat\/ca\/","logo":{"@type":"ImageObject","inLanguage":"ca","@id":"https:\/\/nauticacentelles.cat\/ca\/#\/schema\/logo\/image\/","url":"https:\/\/nauticacentelles.cat\/wp-content\/uploads\/2021\/12\/Logo-Nautica-Centelles-1024x445-1.png","contentUrl":"https:\/\/nauticacentelles.cat\/wp-content\/uploads\/2021\/12\/Logo-Nautica-Centelles-1024x445-1.png","width":1024,"height":445,"caption":"Nautica Centelles"},"image":{"@id":"https:\/\/nauticacentelles.cat\/ca\/#\/schema\/logo\/image\/"}}]}},"brands":[{"id":272,"name":"ONADES","slug":"onades"}],"_links":{"self":[{"href":"https:\/\/nauticacentelles.cat\/ca\/wp-json\/wp\/v2\/product\/5303","targetHints":{"allow":["GET"]}}],"collection":[{"href":"https:\/\/nauticacentelles.cat\/ca\/wp-json\/wp\/v2\/product"}],"about":[{"href":"https:\/\/nauticacentelles.cat\/ca\/wp-json\/wp\/v2\/types\/product"}],"replies":[{"embeddable":true,"href":"https:\/\/nauticacentelles.cat\/ca\/wp-json\/wp\/v2\/comments?post=5303"}],"wp:featuredmedia":[{"embeddable":true,"href":"https:\/\/nauticacentelles.cat\/ca\/wp-json\/wp\/v2\/media\/5266"}],"wp:attachment":[{"href":"https:\/\/nauticacentelles.cat\/ca\/wp-json\/wp\/v2\/media?parent=5303"}],"wp:term":[{"taxonomy":"pwb-brand","embeddable":true,"href":"https:\/\/nauticacentelles.cat\/ca\/wp-json\/wp\/v2\/pwb-brand?post=5303"},{"taxonomy":"product_brand","embeddable":true,"href":"https:\/\/nauticacentelles.cat\/ca\/wp-json\/wp\/v2\/product_brand?post=5303"},{"taxonomy":"product_cat","embeddable":true,"href":"https:\/\/nauticacentelles.cat\/ca\/wp-json\/wp\/v2\/product_cat?post=5303"},{"taxonomy":"product_tag","embeddable":true,"href":"https:\/\/nauticacentelles.cat\/ca\/wp-json\/wp\/v2\/product_tag?post=5303"}],"curies":[{"name":"wp","href":"https:\/\/api.w.org\/{rel}","templated":true}]}}