{"id":5408,"date":"2024-11-20T14:17:58","date_gmt":"2024-11-20T14:19:44","guid":{"rendered":"https:\/\/nauticacentelles.cat\/producto\/sostenidor-mara\/"},"modified":"2024-11-20T14:19:44","modified_gmt":"2024-11-20T14:19:44","slug":"sostenidor-mara","status":"publish","type":"product","link":"https:\/\/nauticacentelles.cat\/ca\/producte\/sostenidor-mara\/","title":{"rendered":"Sostenidor Mara"},"content":{"rendered":"<p>Sostenidor &#8220;Mara&#8221; estampat geom\u00e8tric. Tires graduables. Tancament met\u00e0l\u00b7lic. Amb c\u00e8rcols.  <\/p>\n","protected":false},"excerpt":{"rendered":"<p>Sostenidor &#8220;Mara&#8221; estampat geom\u00e8tric. Tires graduables. Tancament met\u00e0l\u00b7lic. Amb c\u00e8rcols.  <\/p>\n","protected":false},"featured_media":5380,"comment_status":"closed","ping_status":"closed","template":"","meta":{"_monsterinsights_skip_tracking":false,"_monsterinsights_sitenote_active":false,"_monsterinsights_sitenote_note":"","_monsterinsights_sitenote_category":0},"pwb-brand":[281],"product_brand":[],"product_cat":[300,151,150,299],"product_tag":[301,306],"class_list":{"0":"post-5408","1":"product","2":"type-product","3":"status-publish","4":"has-post-thumbnail","6":"pwb-brand-red-point-beachwear","7":"product_cat-biquini","8":"product_cat-dona","9":"product_cat-roba","10":"product_cat-roba-de-bany-ca","11":"product_tag-biquini-ca","12":"product_tag-sostenidor-biquini-ca","14":"first","15":"instock","16":"sale","17":"shipping-taxable","18":"purchasable","19":"product-type-variable"},"yoast_head":"<!-- This site is optimized with the Yoast SEO plugin v27.2 - https:\/\/yoast.com\/product\/yoast-seo-wordpress\/ -->\n<title>Sostenidor Mara - Nautica Centelles - Serveis de n\u00e0utica<\/title>\n<meta name=\"description\" content=\"Sostenidor &quot;Mara&quot; estampat geom\u00e8tric. Tires graduables. Tancament met\u00e0l\u00b7lic. Amb c\u00e8rcols. Color beix i negre.\" \/>\n<meta name=\"robots\" content=\"index, follow, max-snippet:-1, max-image-preview:large, max-video-preview:-1\" \/>\n<link rel=\"canonical\" href=\"https:\/\/nauticacentelles.cat\/ca\/producte\/sostenidor-mara\/\" \/>\n<meta property=\"og:locale\" content=\"ca_ES\" \/>\n<meta property=\"og:type\" content=\"article\" \/>\n<meta property=\"og:title\" content=\"Sostenidor Mara - Nautica Centelles - Serveis de n\u00e0utica\" \/>\n<meta property=\"og:description\" content=\"Sostenidor &quot;Mara&quot; estampat geom\u00e8tric. Tires graduables. Tancament met\u00e0l\u00b7lic. Amb c\u00e8rcols. Color beix i negre.\" \/>\n<meta property=\"og:url\" content=\"https:\/\/nauticacentelles.cat\/ca\/producte\/sostenidor-mara\/\" \/>\n<meta property=\"og:site_name\" content=\"Nautica Centelles - Serveis de n\u00e0utica\" \/>\n<meta property=\"og:image\" content=\"https:\/\/nauticacentelles.cat\/wp-content\/uploads\/2024\/11\/41tgMeLgpuL._AC_SR3850_.jpg\" \/>\n\t<meta property=\"og:image:width\" content=\"38\" \/>\n\t<meta property=\"og:image:height\" content=\"50\" \/>\n\t<meta property=\"og:image:type\" content=\"image\/jpeg\" \/>\n<meta name=\"twitter:card\" content=\"summary_large_image\" \/>\n<script type=\"application\/ld+json\" class=\"yoast-schema-graph\">{\"@context\":\"https:\/\/schema.org\",\"@graph\":[{\"@type\":\"WebPage\",\"@id\":\"https:\/\/nauticacentelles.cat\/ca\/producte\/sostenidor-mara\/\",\"url\":\"https:\/\/nauticacentelles.cat\/ca\/producte\/sostenidor-mara\/\",\"name\":\"Sostenidor Mara - Nautica Centelles - Serveis de n\u00e0utica\",\"isPartOf\":{\"@id\":\"https:\/\/nauticacentelles.cat\/ca\/#website\"},\"primaryImageOfPage\":{\"@id\":\"https:\/\/nauticacentelles.cat\/ca\/producte\/sostenidor-mara\/#primaryimage\"},\"image\":{\"@id\":\"https:\/\/nauticacentelles.cat\/ca\/producte\/sostenidor-mara\/#primaryimage\"},\"thumbnailUrl\":\"https:\/\/nauticacentelles.cat\/wp-content\/uploads\/2024\/11\/41tgMeLgpuL._AC_SR3850_.jpg\",\"datePublished\":\"2024-11-20T14:19:44+00:00\",\"description\":\"Sostenidor \\\"Mara\\\" estampat geom\u00e8tric. Tires graduables. Tancament met\u00e0l\u00b7lic. Amb c\u00e8rcols. Color beix i negre.\",\"breadcrumb\":{\"@id\":\"https:\/\/nauticacentelles.cat\/ca\/producte\/sostenidor-mara\/#breadcrumb\"},\"inLanguage\":\"ca\",\"potentialAction\":[{\"@type\":\"ReadAction\",\"target\":[\"https:\/\/nauticacentelles.cat\/ca\/producte\/sostenidor-mara\/\"]}]},{\"@type\":\"ImageObject\",\"inLanguage\":\"ca\",\"@id\":\"https:\/\/nauticacentelles.cat\/ca\/producte\/sostenidor-mara\/#primaryimage\",\"url\":\"https:\/\/nauticacentelles.cat\/wp-content\/uploads\/2024\/11\/41tgMeLgpuL._AC_SR3850_.jpg\",\"contentUrl\":\"https:\/\/nauticacentelles.cat\/wp-content\/uploads\/2024\/11\/41tgMeLgpuL._AC_SR3850_.jpg\",\"width\":38,\"height\":50},{\"@type\":\"BreadcrumbList\",\"@id\":\"https:\/\/nauticacentelles.cat\/ca\/producte\/sostenidor-mara\/#breadcrumb\",\"itemListElement\":[{\"@type\":\"ListItem\",\"position\":1,\"name\":\"Portada\",\"item\":\"https:\/\/nauticacentelles.cat\/ca\/\"},{\"@type\":\"ListItem\",\"position\":2,\"name\":\"La Botiga\",\"item\":\"https:\/\/nauticacentelles.cat\/ca\/la-botiga\/\"},{\"@type\":\"ListItem\",\"position\":3,\"name\":\"Sostenidor Mara\"}]},{\"@type\":\"WebSite\",\"@id\":\"https:\/\/nauticacentelles.cat\/ca\/#website\",\"url\":\"https:\/\/nauticacentelles.cat\/ca\/\",\"name\":\"Nautica Centelles - Serveis de n\u00e0utica\",\"description\":\"Empresa especialitzada en tota mena de serveis n\u00e0utics, reparaci\u00f3 i manteniment d'embarcacions.\",\"publisher\":{\"@id\":\"https:\/\/nauticacentelles.cat\/ca\/#organization\"},\"potentialAction\":[{\"@type\":\"SearchAction\",\"target\":{\"@type\":\"EntryPoint\",\"urlTemplate\":\"https:\/\/nauticacentelles.cat\/ca\/?s={search_term_string}\"},\"query-input\":{\"@type\":\"PropertyValueSpecification\",\"valueRequired\":true,\"valueName\":\"search_term_string\"}}],\"inLanguage\":\"ca\"},{\"@type\":\"Organization\",\"@id\":\"https:\/\/nauticacentelles.cat\/ca\/#organization\",\"name\":\"Nautica Centelles\",\"url\":\"https:\/\/nauticacentelles.cat\/ca\/\",\"logo\":{\"@type\":\"ImageObject\",\"inLanguage\":\"ca\",\"@id\":\"https:\/\/nauticacentelles.cat\/ca\/#\/schema\/logo\/image\/\",\"url\":\"https:\/\/nauticacentelles.cat\/wp-content\/uploads\/2021\/12\/Logo-Nautica-Centelles-1024x445-1.png\",\"contentUrl\":\"https:\/\/nauticacentelles.cat\/wp-content\/uploads\/2021\/12\/Logo-Nautica-Centelles-1024x445-1.png\",\"width\":1024,\"height\":445,\"caption\":\"Nautica Centelles\"},\"image\":{\"@id\":\"https:\/\/nauticacentelles.cat\/ca\/#\/schema\/logo\/image\/\"}}]}<\/script>\n<!-- \/ Yoast SEO plugin. -->","yoast_head_json":{"title":"Sostenidor Mara - Nautica Centelles - Serveis de n\u00e0utica","description":"Sostenidor \"Mara\" estampat geom\u00e8tric. Tires graduables. Tancament met\u00e0l\u00b7lic. Amb c\u00e8rcols. Color beix i negre.","robots":{"index":"index","follow":"follow","max-snippet":"max-snippet:-1","max-image-preview":"max-image-preview:large","max-video-preview":"max-video-preview:-1"},"canonical":"https:\/\/nauticacentelles.cat\/ca\/producte\/sostenidor-mara\/","og_locale":"ca_ES","og_type":"article","og_title":"Sostenidor Mara - Nautica Centelles - Serveis de n\u00e0utica","og_description":"Sostenidor \"Mara\" estampat geom\u00e8tric. Tires graduables. Tancament met\u00e0l\u00b7lic. Amb c\u00e8rcols. Color beix i negre.","og_url":"https:\/\/nauticacentelles.cat\/ca\/producte\/sostenidor-mara\/","og_site_name":"Nautica Centelles - Serveis de n\u00e0utica","og_image":[{"width":38,"height":50,"url":"https:\/\/nauticacentelles.cat\/wp-content\/uploads\/2024\/11\/41tgMeLgpuL._AC_SR3850_.jpg","type":"image\/jpeg"}],"twitter_card":"summary_large_image","schema":{"@context":"https:\/\/schema.org","@graph":[{"@type":"WebPage","@id":"https:\/\/nauticacentelles.cat\/ca\/producte\/sostenidor-mara\/","url":"https:\/\/nauticacentelles.cat\/ca\/producte\/sostenidor-mara\/","name":"Sostenidor Mara - Nautica Centelles - Serveis de n\u00e0utica","isPartOf":{"@id":"https:\/\/nauticacentelles.cat\/ca\/#website"},"primaryImageOfPage":{"@id":"https:\/\/nauticacentelles.cat\/ca\/producte\/sostenidor-mara\/#primaryimage"},"image":{"@id":"https:\/\/nauticacentelles.cat\/ca\/producte\/sostenidor-mara\/#primaryimage"},"thumbnailUrl":"https:\/\/nauticacentelles.cat\/wp-content\/uploads\/2024\/11\/41tgMeLgpuL._AC_SR3850_.jpg","datePublished":"2024-11-20T14:19:44+00:00","description":"Sostenidor \"Mara\" estampat geom\u00e8tric. Tires graduables. Tancament met\u00e0l\u00b7lic. Amb c\u00e8rcols. Color beix i negre.","breadcrumb":{"@id":"https:\/\/nauticacentelles.cat\/ca\/producte\/sostenidor-mara\/#breadcrumb"},"inLanguage":"ca","potentialAction":[{"@type":"ReadAction","target":["https:\/\/nauticacentelles.cat\/ca\/producte\/sostenidor-mara\/"]}]},{"@type":"ImageObject","inLanguage":"ca","@id":"https:\/\/nauticacentelles.cat\/ca\/producte\/sostenidor-mara\/#primaryimage","url":"https:\/\/nauticacentelles.cat\/wp-content\/uploads\/2024\/11\/41tgMeLgpuL._AC_SR3850_.jpg","contentUrl":"https:\/\/nauticacentelles.cat\/wp-content\/uploads\/2024\/11\/41tgMeLgpuL._AC_SR3850_.jpg","width":38,"height":50},{"@type":"BreadcrumbList","@id":"https:\/\/nauticacentelles.cat\/ca\/producte\/sostenidor-mara\/#breadcrumb","itemListElement":[{"@type":"ListItem","position":1,"name":"Portada","item":"https:\/\/nauticacentelles.cat\/ca\/"},{"@type":"ListItem","position":2,"name":"La Botiga","item":"https:\/\/nauticacentelles.cat\/ca\/la-botiga\/"},{"@type":"ListItem","position":3,"name":"Sostenidor Mara"}]},{"@type":"WebSite","@id":"https:\/\/nauticacentelles.cat\/ca\/#website","url":"https:\/\/nauticacentelles.cat\/ca\/","name":"Nautica Centelles - Serveis de n\u00e0utica","description":"Empresa especialitzada en tota mena de serveis n\u00e0utics, reparaci\u00f3 i manteniment d'embarcacions.","publisher":{"@id":"https:\/\/nauticacentelles.cat\/ca\/#organization"},"potentialAction":[{"@type":"SearchAction","target":{"@type":"EntryPoint","urlTemplate":"https:\/\/nauticacentelles.cat\/ca\/?s={search_term_string}"},"query-input":{"@type":"PropertyValueSpecification","valueRequired":true,"valueName":"search_term_string"}}],"inLanguage":"ca"},{"@type":"Organization","@id":"https:\/\/nauticacentelles.cat\/ca\/#organization","name":"Nautica Centelles","url":"https:\/\/nauticacentelles.cat\/ca\/","logo":{"@type":"ImageObject","inLanguage":"ca","@id":"https:\/\/nauticacentelles.cat\/ca\/#\/schema\/logo\/image\/","url":"https:\/\/nauticacentelles.cat\/wp-content\/uploads\/2021\/12\/Logo-Nautica-Centelles-1024x445-1.png","contentUrl":"https:\/\/nauticacentelles.cat\/wp-content\/uploads\/2021\/12\/Logo-Nautica-Centelles-1024x445-1.png","width":1024,"height":445,"caption":"Nautica Centelles"},"image":{"@id":"https:\/\/nauticacentelles.cat\/ca\/#\/schema\/logo\/image\/"}}]}},"brands":[{"id":281,"name":"RED POINT BEACHWEAR","slug":"red-point-beachwear"}],"_links":{"self":[{"href":"https:\/\/nauticacentelles.cat\/ca\/wp-json\/wp\/v2\/product\/5408","targetHints":{"allow":["GET"]}}],"collection":[{"href":"https:\/\/nauticacentelles.cat\/ca\/wp-json\/wp\/v2\/product"}],"about":[{"href":"https:\/\/nauticacentelles.cat\/ca\/wp-json\/wp\/v2\/types\/product"}],"replies":[{"embeddable":true,"href":"https:\/\/nauticacentelles.cat\/ca\/wp-json\/wp\/v2\/comments?post=5408"}],"wp:featuredmedia":[{"embeddable":true,"href":"https:\/\/nauticacentelles.cat\/ca\/wp-json\/wp\/v2\/media\/5380"}],"wp:attachment":[{"href":"https:\/\/nauticacentelles.cat\/ca\/wp-json\/wp\/v2\/media?parent=5408"}],"wp:term":[{"taxonomy":"pwb-brand","embeddable":true,"href":"https:\/\/nauticacentelles.cat\/ca\/wp-json\/wp\/v2\/pwb-brand?post=5408"},{"taxonomy":"product_brand","embeddable":true,"href":"https:\/\/nauticacentelles.cat\/ca\/wp-json\/wp\/v2\/product_brand?post=5408"},{"taxonomy":"product_cat","embeddable":true,"href":"https:\/\/nauticacentelles.cat\/ca\/wp-json\/wp\/v2\/product_cat?post=5408"},{"taxonomy":"product_tag","embeddable":true,"href":"https:\/\/nauticacentelles.cat\/ca\/wp-json\/wp\/v2\/product_tag?post=5408"}],"curies":[{"name":"wp","href":"https:\/\/api.w.org\/{rel}","templated":true}]}}