{"id":5980,"date":"2024-12-11T11:12:46","date_gmt":"2024-12-11T11:12:46","guid":{"rendered":"https:\/\/nauticacentelles.cat\/?post_type=product&#038;p=5980"},"modified":"2024-12-11T16:19:59","modified_gmt":"2024-12-11T16:19:59","slug":"pantalo-mariner","status":"publish","type":"product","link":"https:\/\/nauticacentelles.cat\/ca\/producte\/pantalo-mariner\/","title":{"rendered":"Pantal\u00f3 mariner"},"content":{"rendered":"<p>Detall petita butxaca amb dues l\u00ednies blancas i una ancla en el centre.<br \/>\nPantal\u00f3 amb goma el\u00e0stica.<br \/>\n100 % cot\u00f3.<\/p>\n","protected":false},"excerpt":{"rendered":"<p>Pantal\u00f3 blau mar\u00ed de la marca batela. <\/p>\n","protected":false},"featured_media":6038,"comment_status":"closed","ping_status":"closed","template":"","meta":{"_monsterinsights_skip_tracking":false,"_monsterinsights_sitenote_active":false,"_monsterinsights_sitenote_note":"","_monsterinsights_sitenote_category":0},"pwb-brand":[191],"product_brand":[],"product_cat":[159,150],"product_tag":[378,239],"class_list":{"0":"post-5980","1":"product","2":"type-product","3":"status-publish","4":"has-post-thumbnail","6":"pwb-brand-batela","7":"product_cat-nado","8":"product_cat-roba","9":"product_tag-pantalo-curt","10":"product_tag-roba-nado","12":"first","13":"instock","14":"sale","15":"shipping-taxable","16":"purchasable","17":"product-type-variable"},"yoast_head":"<!-- This site is optimized with the Yoast SEO plugin v27.2 - https:\/\/yoast.com\/product\/yoast-seo-wordpress\/ -->\n<title>Pantal\u00f3 mariner - Nautica Centelles - Serveis de n\u00e0utica<\/title>\n<meta name=\"description\" content=\"Pantal\u00f3 blau mar\u00ed de la marca batela. Detall petita butxaca amb dues l\u00ednies blancas i una ancla en el centre. Pantal\u00f3 amb goma el\u00e0stica.100 % cot\u00f3.\" \/>\n<meta name=\"robots\" content=\"index, follow, max-snippet:-1, max-image-preview:large, max-video-preview:-1\" \/>\n<link rel=\"canonical\" href=\"https:\/\/nauticacentelles.cat\/ca\/producte\/pantalo-mariner\/\" \/>\n<meta property=\"og:locale\" content=\"ca_ES\" \/>\n<meta property=\"og:type\" content=\"article\" \/>\n<meta property=\"og:title\" content=\"Pantal\u00f3 mariner - Nautica Centelles - Serveis de n\u00e0utica\" \/>\n<meta property=\"og:description\" content=\"Pantal\u00f3 blau mar\u00ed de la marca batela. Detall petita butxaca amb dues l\u00ednies blancas i una ancla en el centre. Pantal\u00f3 amb goma el\u00e0stica.100 % cot\u00f3.\" \/>\n<meta property=\"og:url\" content=\"https:\/\/nauticacentelles.cat\/ca\/producte\/pantalo-mariner\/\" \/>\n<meta property=\"og:site_name\" content=\"Nautica Centelles - Serveis de n\u00e0utica\" \/>\n<meta property=\"article:modified_time\" content=\"2024-12-11T16:19:59+00:00\" \/>\n<meta property=\"og:image\" content=\"https:\/\/nauticacentelles.cat\/wp-content\/uploads\/2024\/12\/IMG_5971-scaled.jpg\" \/>\n\t<meta property=\"og:image:width\" content=\"1920\" \/>\n\t<meta property=\"og:image:height\" content=\"2560\" \/>\n\t<meta property=\"og:image:type\" content=\"image\/jpeg\" \/>\n<meta name=\"twitter:card\" content=\"summary_large_image\" \/>\n<script type=\"application\/ld+json\" class=\"yoast-schema-graph\">{\"@context\":\"https:\/\/schema.org\",\"@graph\":[{\"@type\":\"WebPage\",\"@id\":\"https:\/\/nauticacentelles.cat\/ca\/producte\/pantalo-mariner\/\",\"url\":\"https:\/\/nauticacentelles.cat\/ca\/producte\/pantalo-mariner\/\",\"name\":\"Pantal\u00f3 mariner - Nautica Centelles - Serveis de n\u00e0utica\",\"isPartOf\":{\"@id\":\"https:\/\/nauticacentelles.cat\/ca\/#website\"},\"primaryImageOfPage\":{\"@id\":\"https:\/\/nauticacentelles.cat\/ca\/producte\/pantalo-mariner\/#primaryimage\"},\"image\":{\"@id\":\"https:\/\/nauticacentelles.cat\/ca\/producte\/pantalo-mariner\/#primaryimage\"},\"thumbnailUrl\":\"https:\/\/nauticacentelles.cat\/wp-content\/uploads\/2024\/12\/IMG_5971-scaled.jpg\",\"datePublished\":\"2024-12-11T11:12:46+00:00\",\"dateModified\":\"2024-12-11T16:19:59+00:00\",\"description\":\"Pantal\u00f3 blau mar\u00ed de la marca batela. Detall petita butxaca amb dues l\u00ednies blancas i una ancla en el centre. Pantal\u00f3 amb goma el\u00e0stica.100 % cot\u00f3.\",\"breadcrumb\":{\"@id\":\"https:\/\/nauticacentelles.cat\/ca\/producte\/pantalo-mariner\/#breadcrumb\"},\"inLanguage\":\"ca\",\"potentialAction\":[{\"@type\":\"ReadAction\",\"target\":[\"https:\/\/nauticacentelles.cat\/ca\/producte\/pantalo-mariner\/\"]}]},{\"@type\":\"ImageObject\",\"inLanguage\":\"ca\",\"@id\":\"https:\/\/nauticacentelles.cat\/ca\/producte\/pantalo-mariner\/#primaryimage\",\"url\":\"https:\/\/nauticacentelles.cat\/wp-content\/uploads\/2024\/12\/IMG_5971-scaled.jpg\",\"contentUrl\":\"https:\/\/nauticacentelles.cat\/wp-content\/uploads\/2024\/12\/IMG_5971-scaled.jpg\",\"width\":1920,\"height\":2560},{\"@type\":\"BreadcrumbList\",\"@id\":\"https:\/\/nauticacentelles.cat\/ca\/producte\/pantalo-mariner\/#breadcrumb\",\"itemListElement\":[{\"@type\":\"ListItem\",\"position\":1,\"name\":\"Portada\",\"item\":\"https:\/\/nauticacentelles.cat\/ca\/\"},{\"@type\":\"ListItem\",\"position\":2,\"name\":\"La Botiga\",\"item\":\"https:\/\/nauticacentelles.cat\/ca\/la-botiga\/\"},{\"@type\":\"ListItem\",\"position\":3,\"name\":\"Pantal\u00f3 mariner\"}]},{\"@type\":\"WebSite\",\"@id\":\"https:\/\/nauticacentelles.cat\/ca\/#website\",\"url\":\"https:\/\/nauticacentelles.cat\/ca\/\",\"name\":\"Nautica Centelles - Serveis de n\u00e0utica\",\"description\":\"Empresa especialitzada en tota mena de serveis n\u00e0utics, reparaci\u00f3 i manteniment d'embarcacions.\",\"publisher\":{\"@id\":\"https:\/\/nauticacentelles.cat\/ca\/#organization\"},\"potentialAction\":[{\"@type\":\"SearchAction\",\"target\":{\"@type\":\"EntryPoint\",\"urlTemplate\":\"https:\/\/nauticacentelles.cat\/ca\/?s={search_term_string}\"},\"query-input\":{\"@type\":\"PropertyValueSpecification\",\"valueRequired\":true,\"valueName\":\"search_term_string\"}}],\"inLanguage\":\"ca\"},{\"@type\":\"Organization\",\"@id\":\"https:\/\/nauticacentelles.cat\/ca\/#organization\",\"name\":\"Nautica Centelles\",\"url\":\"https:\/\/nauticacentelles.cat\/ca\/\",\"logo\":{\"@type\":\"ImageObject\",\"inLanguage\":\"ca\",\"@id\":\"https:\/\/nauticacentelles.cat\/ca\/#\/schema\/logo\/image\/\",\"url\":\"https:\/\/nauticacentelles.cat\/wp-content\/uploads\/2021\/12\/Logo-Nautica-Centelles-1024x445-1.png\",\"contentUrl\":\"https:\/\/nauticacentelles.cat\/wp-content\/uploads\/2021\/12\/Logo-Nautica-Centelles-1024x445-1.png\",\"width\":1024,\"height\":445,\"caption\":\"Nautica Centelles\"},\"image\":{\"@id\":\"https:\/\/nauticacentelles.cat\/ca\/#\/schema\/logo\/image\/\"}}]}<\/script>\n<!-- \/ Yoast SEO plugin. -->","yoast_head_json":{"title":"Pantal\u00f3 mariner - Nautica Centelles - Serveis de n\u00e0utica","description":"Pantal\u00f3 blau mar\u00ed de la marca batela. Detall petita butxaca amb dues l\u00ednies blancas i una ancla en el centre. Pantal\u00f3 amb goma el\u00e0stica.100 % cot\u00f3.","robots":{"index":"index","follow":"follow","max-snippet":"max-snippet:-1","max-image-preview":"max-image-preview:large","max-video-preview":"max-video-preview:-1"},"canonical":"https:\/\/nauticacentelles.cat\/ca\/producte\/pantalo-mariner\/","og_locale":"ca_ES","og_type":"article","og_title":"Pantal\u00f3 mariner - Nautica Centelles - Serveis de n\u00e0utica","og_description":"Pantal\u00f3 blau mar\u00ed de la marca batela. Detall petita butxaca amb dues l\u00ednies blancas i una ancla en el centre. Pantal\u00f3 amb goma el\u00e0stica.100 % cot\u00f3.","og_url":"https:\/\/nauticacentelles.cat\/ca\/producte\/pantalo-mariner\/","og_site_name":"Nautica Centelles - Serveis de n\u00e0utica","article_modified_time":"2024-12-11T16:19:59+00:00","og_image":[{"width":1920,"height":2560,"url":"https:\/\/nauticacentelles.cat\/wp-content\/uploads\/2024\/12\/IMG_5971-scaled.jpg","type":"image\/jpeg"}],"twitter_card":"summary_large_image","schema":{"@context":"https:\/\/schema.org","@graph":[{"@type":"WebPage","@id":"https:\/\/nauticacentelles.cat\/ca\/producte\/pantalo-mariner\/","url":"https:\/\/nauticacentelles.cat\/ca\/producte\/pantalo-mariner\/","name":"Pantal\u00f3 mariner - Nautica Centelles - Serveis de n\u00e0utica","isPartOf":{"@id":"https:\/\/nauticacentelles.cat\/ca\/#website"},"primaryImageOfPage":{"@id":"https:\/\/nauticacentelles.cat\/ca\/producte\/pantalo-mariner\/#primaryimage"},"image":{"@id":"https:\/\/nauticacentelles.cat\/ca\/producte\/pantalo-mariner\/#primaryimage"},"thumbnailUrl":"https:\/\/nauticacentelles.cat\/wp-content\/uploads\/2024\/12\/IMG_5971-scaled.jpg","datePublished":"2024-12-11T11:12:46+00:00","dateModified":"2024-12-11T16:19:59+00:00","description":"Pantal\u00f3 blau mar\u00ed de la marca batela. Detall petita butxaca amb dues l\u00ednies blancas i una ancla en el centre. Pantal\u00f3 amb goma el\u00e0stica.100 % cot\u00f3.","breadcrumb":{"@id":"https:\/\/nauticacentelles.cat\/ca\/producte\/pantalo-mariner\/#breadcrumb"},"inLanguage":"ca","potentialAction":[{"@type":"ReadAction","target":["https:\/\/nauticacentelles.cat\/ca\/producte\/pantalo-mariner\/"]}]},{"@type":"ImageObject","inLanguage":"ca","@id":"https:\/\/nauticacentelles.cat\/ca\/producte\/pantalo-mariner\/#primaryimage","url":"https:\/\/nauticacentelles.cat\/wp-content\/uploads\/2024\/12\/IMG_5971-scaled.jpg","contentUrl":"https:\/\/nauticacentelles.cat\/wp-content\/uploads\/2024\/12\/IMG_5971-scaled.jpg","width":1920,"height":2560},{"@type":"BreadcrumbList","@id":"https:\/\/nauticacentelles.cat\/ca\/producte\/pantalo-mariner\/#breadcrumb","itemListElement":[{"@type":"ListItem","position":1,"name":"Portada","item":"https:\/\/nauticacentelles.cat\/ca\/"},{"@type":"ListItem","position":2,"name":"La Botiga","item":"https:\/\/nauticacentelles.cat\/ca\/la-botiga\/"},{"@type":"ListItem","position":3,"name":"Pantal\u00f3 mariner"}]},{"@type":"WebSite","@id":"https:\/\/nauticacentelles.cat\/ca\/#website","url":"https:\/\/nauticacentelles.cat\/ca\/","name":"Nautica Centelles - Serveis de n\u00e0utica","description":"Empresa especialitzada en tota mena de serveis n\u00e0utics, reparaci\u00f3 i manteniment d'embarcacions.","publisher":{"@id":"https:\/\/nauticacentelles.cat\/ca\/#organization"},"potentialAction":[{"@type":"SearchAction","target":{"@type":"EntryPoint","urlTemplate":"https:\/\/nauticacentelles.cat\/ca\/?s={search_term_string}"},"query-input":{"@type":"PropertyValueSpecification","valueRequired":true,"valueName":"search_term_string"}}],"inLanguage":"ca"},{"@type":"Organization","@id":"https:\/\/nauticacentelles.cat\/ca\/#organization","name":"Nautica Centelles","url":"https:\/\/nauticacentelles.cat\/ca\/","logo":{"@type":"ImageObject","inLanguage":"ca","@id":"https:\/\/nauticacentelles.cat\/ca\/#\/schema\/logo\/image\/","url":"https:\/\/nauticacentelles.cat\/wp-content\/uploads\/2021\/12\/Logo-Nautica-Centelles-1024x445-1.png","contentUrl":"https:\/\/nauticacentelles.cat\/wp-content\/uploads\/2021\/12\/Logo-Nautica-Centelles-1024x445-1.png","width":1024,"height":445,"caption":"Nautica Centelles"},"image":{"@id":"https:\/\/nauticacentelles.cat\/ca\/#\/schema\/logo\/image\/"}}]}},"brands":[{"id":191,"name":"Batela","slug":"batela"}],"_links":{"self":[{"href":"https:\/\/nauticacentelles.cat\/ca\/wp-json\/wp\/v2\/product\/5980","targetHints":{"allow":["GET"]}}],"collection":[{"href":"https:\/\/nauticacentelles.cat\/ca\/wp-json\/wp\/v2\/product"}],"about":[{"href":"https:\/\/nauticacentelles.cat\/ca\/wp-json\/wp\/v2\/types\/product"}],"replies":[{"embeddable":true,"href":"https:\/\/nauticacentelles.cat\/ca\/wp-json\/wp\/v2\/comments?post=5980"}],"wp:featuredmedia":[{"embeddable":true,"href":"https:\/\/nauticacentelles.cat\/ca\/wp-json\/wp\/v2\/media\/6038"}],"wp:attachment":[{"href":"https:\/\/nauticacentelles.cat\/ca\/wp-json\/wp\/v2\/media?parent=5980"}],"wp:term":[{"taxonomy":"pwb-brand","embeddable":true,"href":"https:\/\/nauticacentelles.cat\/ca\/wp-json\/wp\/v2\/pwb-brand?post=5980"},{"taxonomy":"product_brand","embeddable":true,"href":"https:\/\/nauticacentelles.cat\/ca\/wp-json\/wp\/v2\/product_brand?post=5980"},{"taxonomy":"product_cat","embeddable":true,"href":"https:\/\/nauticacentelles.cat\/ca\/wp-json\/wp\/v2\/product_cat?post=5980"},{"taxonomy":"product_tag","embeddable":true,"href":"https:\/\/nauticacentelles.cat\/ca\/wp-json\/wp\/v2\/product_tag?post=5980"}],"curies":[{"name":"wp","href":"https:\/\/api.w.org\/{rel}","templated":true}]}}