{"id":1814,"date":"2022-03-16T11:25:31","date_gmt":"2022-03-16T11:25:31","guid":{"rendered":"https:\/\/nauticacentelles.cat\/localisation-et-contact\/"},"modified":"2022-03-16T11:25:32","modified_gmt":"2022-03-16T11:25:32","slug":"localisation-et-contact","status":"publish","type":"page","link":"https:\/\/nauticacentelles.cat\/fr\/localisation-et-contact\/","title":{"rendered":"Localisation et contact"},"content":{"rendered":"<style>\/*! elementor - v3.5.6 - 28-02-2022 *\/\n.elementor-heading-title{padding:0;margin:0;line-height:1}.elementor-widget-heading .elementor-heading-title[class*=elementor-size-]>a{color:inherit;font-size:inherit;line-height:inherit}.elementor-widget-heading .elementor-heading-title.elementor-size-small{font-size:15px}.elementor-widget-heading .elementor-heading-title.elementor-size-medium{font-size:19px}.elementor-widget-heading .elementor-heading-title.elementor-size-large{font-size:29px}.elementor-widget-heading .elementor-heading-title.elementor-size-xl{font-size:39px}.elementor-widget-heading .elementor-heading-title.elementor-size-xxl{font-size:59px}<\/style>\n<h2>Nautica Centelles<\/h2>\n<style>\/*! elementor - v3.5.6 - 28-02-2022 *\/\n.elementor-widget-image{text-align:center}.elementor-widget-image a{display:inline-block}.elementor-widget-image a img[src$=\".svg\"]{width:48px}.elementor-widget-image img{vertical-align:middle;display:inline-block}<\/style>\n<p>\t\t\t\t\t\t\t\t\t\t\t\t<img decoding=\"async\" width=\"1024\" height=\"445\" src=\"https:\/\/nauticacentelles.cat\/wp-content\/uploads\/2021\/12\/Logo-Nautica-Centelles.png\" alt=\"N\u00e0utica i Serveis Centelles\" loading=\"lazy\" srcset=\"https:\/\/nauticacentelles.cat\/wp-content\/uploads\/2021\/12\/Logo-Nautica-Centelles.png 1024w, https:\/\/nauticacentelles.cat\/wp-content\/uploads\/2021\/12\/Logo-Nautica-Centelles-768x334.png 768w, https:\/\/nauticacentelles.cat\/wp-content\/uploads\/2021\/12\/Logo-Nautica-Centelles-600x261.png 600w\" sizes=\"auto, (max-width: 1024px) 100vw, 1024px\" \/>\t\t\t\t\t\t\t\t\t\t\t\t\t\t\t<\/p>\n<style>\/*! elementor - v3.5.6 - 28-02-2022 *\/\n@media (min-width:768px){.elementor-widget-icon-box.elementor-position-left .elementor-icon-box-wrapper,.elementor-widget-icon-box.elementor-position-right .elementor-icon-box-wrapper{display:-webkit-box;display:-ms-flexbox;display:flex}.elementor-widget-icon-box.elementor-position-left .elementor-icon-box-icon,.elementor-widget-icon-box.elementor-position-right .elementor-icon-box-icon{display:-webkit-inline-box;display:-ms-inline-flexbox;display:inline-flex;-webkit-box-flex:0;-ms-flex:0 0 auto;flex:0 0 auto}.elementor-widget-icon-box.elementor-position-right .elementor-icon-box-wrapper{text-align:right;-webkit-box-orient:horizontal;-webkit-box-direction:reverse;-ms-flex-direction:row-reverse;flex-direction:row-reverse}.elementor-widget-icon-box.elementor-position-left .elementor-icon-box-wrapper{text-align:left;-webkit-box-orient:horizontal;-webkit-box-direction:normal;-ms-flex-direction:row;flex-direction:row}.elementor-widget-icon-box.elementor-position-top .elementor-icon-box-img{margin:auto}.elementor-widget-icon-box.elementor-vertical-align-top .elementor-icon-box-wrapper{-webkit-box-align:start;-ms-flex-align:start;align-items:flex-start}.elementor-widget-icon-box.elementor-vertical-align-middle .elementor-icon-box-wrapper{-webkit-box-align:center;-ms-flex-align:center;align-items:center}.elementor-widget-icon-box.elementor-vertical-align-bottom .elementor-icon-box-wrapper{-webkit-box-align:end;-ms-flex-align:end;align-items:flex-end}}@media (max-width:767px){.elementor-widget-icon-box .elementor-icon-box-icon{margin-left:auto!important;margin-right:auto!important;margin-bottom:15px}}.elementor-widget-icon-box .elementor-icon-box-wrapper{text-align:center}.elementor-widget-icon-box .elementor-icon-box-title a{color:inherit}.elementor-widget-icon-box .elementor-icon-box-content{-webkit-box-flex:1;-ms-flex-positive:1;flex-grow:1}.elementor-widget-icon-box .elementor-icon-box-description{margin:0}<\/style>\n<h3>\n\t\t\t\t\t\tAdresse<br \/>\n\t\t\t\t<\/h3>\n<p>\n\t\t\t\t\t\tC. Ribera 24, 17497 Portbou (G\u00e9rone)\t\t\t\t\t<\/p>\n<h3>\n\t\t\t\t\t\tT\u00e9l\u00e9phone<br \/>\n\t\t\t\t<\/h3>\n<p>\n\t\t\t\t\t\t+34 972 39 03 88\t\t\t\t\t<\/p>\n<h3>\n\t\t\t\t\t\tEmail<br \/>\n\t\t\t\t<\/h3>\n<p>\n\t\t\t\t\t\tinfo@nauticacentelles.cat\t\t\t\t\t<\/p>\n<h2>Formulaire de contact<\/h2>\n\n<div class=\"wpcf7 no-js\" id=\"wpcf7-f1813-o1\" lang=\"fr-FR\" dir=\"ltr\" data-wpcf7-id=\"1813\">\n<div class=\"screen-reader-response\"><p role=\"status\" aria-live=\"polite\" aria-atomic=\"true\"><\/p> <ul><\/ul><\/div>\n<form action=\"\/fr\/wp-json\/wp\/v2\/pages\/1814#wpcf7-f1813-o1\" method=\"post\" class=\"wpcf7-form init\" aria-label=\"Formulaire de contact\" novalidate=\"novalidate\" data-status=\"init\">\n<fieldset class=\"hidden-fields-container\"><input type=\"hidden\" name=\"_wpcf7\" value=\"1813\" \/><input type=\"hidden\" name=\"_wpcf7_version\" value=\"6.1.5\" \/><input type=\"hidden\" name=\"_wpcf7_locale\" value=\"fr_FR\" \/><input type=\"hidden\" name=\"_wpcf7_unit_tag\" value=\"wpcf7-f1813-o1\" \/><input type=\"hidden\" name=\"_wpcf7_container_post\" value=\"0\" \/><input type=\"hidden\" name=\"_wpcf7_posted_data_hash\" value=\"\" \/><input type=\"hidden\" name=\"_wpcf7_recaptcha_response\" value=\"\" \/>\n<\/fieldset>\n<p><label> Ton nom*<br \/>\n<span class=\"wpcf7-form-control-wrap\" data-name=\"your-name\"><input size=\"40\" maxlength=\"400\" class=\"wpcf7-form-control wpcf7-text wpcf7-validates-as-required required\" aria-required=\"true\" aria-invalid=\"false\" value=\"\" type=\"text\" name=\"your-name\" \/><\/span> <\/label>\n<\/p>\n<p><label> Ton adresse mail*<br \/>\n<span class=\"wpcf7-form-control-wrap\" data-name=\"your-email\"><input size=\"40\" maxlength=\"400\" class=\"wpcf7-form-control wpcf7-email wpcf7-validates-as-required wpcf7-text wpcf7-validates-as-email required\" aria-required=\"true\" aria-invalid=\"false\" value=\"\" type=\"email\" name=\"your-email\" \/><\/span> <\/label>\n<\/p>\n<p><label> Objet*<br \/>\n<span class=\"wpcf7-form-control-wrap\" data-name=\"your-subject\"><input size=\"40\" maxlength=\"400\" class=\"wpcf7-form-control wpcf7-text wpcf7-validates-as-required required\" aria-required=\"true\" aria-invalid=\"false\" value=\"\" type=\"text\" name=\"your-subject\" \/><\/span> <\/label>\n<\/p>\n<p><label> Votre message (facultatif)<br \/>\n<span class=\"wpcf7-form-control-wrap\" data-name=\"your-message\"><textarea cols=\"40\" rows=\"10\" maxlength=\"2000\" class=\"wpcf7-form-control wpcf7-textarea\" aria-invalid=\"false\" name=\"your-message\"><\/textarea><\/span> <\/label>\n<\/p>\n<p><span class=\"wpcf7-form-control-wrap\" data-name=\"acceptance-277\"><span class=\"wpcf7-form-control wpcf7-acceptance\"><span class=\"wpcf7-list-item\"><label><input type=\"checkbox\" name=\"acceptance-277\" value=\"1\" class=\"accept required\" aria-invalid=\"false\" \/><span class=\"wpcf7-list-item-label\">J'accepte les conditions d'utilisation et la <a href=\"https:\/\/nauticacentelles.cat\/politica-privacidad\/\" target=\"blank\" rel=\"nofollow ugc\">Politique de confidentialit\u00e9<\/a><\/span><\/label><\/span><\/span><\/span>\n<\/p>\n<p><input class=\"wpcf7-form-control wpcf7-submit has-spinner\" type=\"submit\" value=\"Enviar\" \/>\n<\/p><div class=\"wpcf7-response-output\" aria-hidden=\"true\"><\/div>\n<\/form>\n<\/div>\n\n<style>\/*! elementor - v3.5.6 - 28-02-2022 *\/\n.elementor-widget-divider{--divider-border-style:none;--divider-border-width:1px;--divider-color:#2c2c2c;--divider-icon-size:20px;--divider-element-spacing:10px;--divider-pattern-height:24px;--divider-pattern-size:20px;--divider-pattern-url:none;--divider-pattern-repeat:repeat-x}.elementor-widget-divider .elementor-divider{display:-webkit-box;display:-ms-flexbox;display:flex}.elementor-widget-divider .elementor-divider__text{font-size:15px;line-height:1;max-width:95%}.elementor-widget-divider .elementor-divider__element{margin:0 var(--divider-element-spacing);-ms-flex-negative:0;flex-shrink:0}.elementor-widget-divider .elementor-icon{font-size:var(--divider-icon-size)}.elementor-widget-divider .elementor-divider-separator{display:-webkit-box;display:-ms-flexbox;display:flex;margin:0;direction:ltr}.elementor-widget-divider--view-line_icon .elementor-divider-separator,.elementor-widget-divider--view-line_text .elementor-divider-separator{-webkit-box-align:center;-ms-flex-align:center;align-items:center}.elementor-widget-divider--view-line_icon .elementor-divider-separator:after,.elementor-widget-divider--view-line_icon .elementor-divider-separator:before,.elementor-widget-divider--view-line_text .elementor-divider-separator:after,.elementor-widget-divider--view-line_text .elementor-divider-separator:before{display:block;content:\"\";border-bottom:0;-webkit-box-flex:1;-ms-flex-positive:1;flex-grow:1;border-top:var(--divider-border-width) var(--divider-border-style) var(--divider-color)}.elementor-widget-divider--element-align-left .elementor-divider .elementor-divider-separator>.elementor-divider__svg:first-of-type{-webkit-box-flex:0;-ms-flex-positive:0;flex-grow:0;-ms-flex-negative:100;flex-shrink:100}.elementor-widget-divider--element-align-left .elementor-divider-separator:before{content:none}.elementor-widget-divider--element-align-left .elementor-divider__element{margin-left:0}.elementor-widget-divider--element-align-right .elementor-divider .elementor-divider-separator>.elementor-divider__svg:last-of-type{-webkit-box-flex:0;-ms-flex-positive:0;flex-grow:0;-ms-flex-negative:100;flex-shrink:100}.elementor-widget-divider--element-align-right .elementor-divider-separator:after{content:none}.elementor-widget-divider--element-align-right .elementor-divider__element{margin-right:0}.elementor-widget-divider:not(.elementor-widget-divider--view-line_text):not(.elementor-widget-divider--view-line_icon) .elementor-divider-separator{border-top:var(--divider-border-width) var(--divider-border-style) var(--divider-color)}.elementor-widget-divider--separator-type-pattern{--divider-border-style:none}.elementor-widget-divider--separator-type-pattern.elementor-widget-divider--view-line .elementor-divider-separator,.elementor-widget-divider--separator-type-pattern:not(.elementor-widget-divider--view-line) .elementor-divider-separator:after,.elementor-widget-divider--separator-type-pattern:not(.elementor-widget-divider--view-line) .elementor-divider-separator:before,.elementor-widget-divider--separator-type-pattern:not([class*=elementor-widget-divider--view]) .elementor-divider-separator{width:100%;min-height:var(--divider-pattern-height);-webkit-mask-size:var(--divider-pattern-size) 100%;mask-size:var(--divider-pattern-size) 100%;-webkit-mask-repeat:var(--divider-pattern-repeat);mask-repeat:var(--divider-pattern-repeat);background-color:var(--divider-color);-webkit-mask-image:var(--divider-pattern-url);mask-image:var(--divider-pattern-url)}.elementor-widget-divider--no-spacing{--divider-pattern-size:auto}.elementor-widget-divider--bg-round{--divider-pattern-repeat:round}.rtl .elementor-widget-divider .elementor-divider__text{direction:rtl}<\/style>\n<p>\t\t<iframe loading=\"lazy\" style=\"border: 0;\" src=\"https:\/\/www.google.com\/maps\/embed?pb=!1m14!1m8!1m3!1d1274.539140508698!2d3.161235157559464!3d42.425941689336796!3m2!1i1024!2i768!4f13.1!3m3!1m2!1s0x0%3A0x21df4ae249a87406!2sN%C3%A0utica%20Centelles!5e0!3m2!1ses!2ses!4v1640598124529!5m2!1ses!2ses\" width=\"100%\" height=\"500\" allowfullscreen=\"allowfullscreen\"><\/iframe><\/p>\n","protected":false},"excerpt":{"rendered":"<p>Nautica Centelles Adresse C. Ribera 24, 17497 Portbou (G\u00e9rone) T\u00e9l\u00e9phone +34 972 39 03 88 Email info@nauticacentelles.cat Formulaire de contact<\/p>\n","protected":false},"author":1,"featured_media":1581,"parent":0,"menu_order":0,"comment_status":"closed","ping_status":"closed","template":"","meta":{"_monsterinsights_skip_tracking":false,"_monsterinsights_sitenote_active":false,"_monsterinsights_sitenote_note":"","_monsterinsights_sitenote_category":0,"footnotes":""},"class_list":["post-1814","page","type-page","status-publish","has-post-thumbnail","hentry"],"yoast_head":"<!-- This site is optimized with the Yoast SEO plugin v27.2 - https:\/\/yoast.com\/product\/yoast-seo-wordpress\/ -->\n<title>Localisation et contact - Nautica Centelles - Servicios de N\u00e1utica<\/title>\n<meta name=\"robots\" content=\"index, follow, max-snippet:-1, max-image-preview:large, max-video-preview:-1\" \/>\n<link rel=\"canonical\" href=\"https:\/\/nauticacentelles.cat\/fr\/localisation-et-contact\/\" \/>\n<meta property=\"og:locale\" content=\"fr_FR\" \/>\n<meta property=\"og:type\" content=\"article\" \/>\n<meta property=\"og:title\" content=\"Localisation et contact - Nautica Centelles - Servicios de N\u00e1utica\" \/>\n<meta property=\"og:description\" content=\"Nautica Centelles Adresse C. Ribera 24, 17497 Portbou (G\u00e9rone) T\u00e9l\u00e9phone +34 972 39 03 88 Email info@nauticacentelles.cat Formulaire de contact\" \/>\n<meta property=\"og:url\" content=\"https:\/\/nauticacentelles.cat\/fr\/localisation-et-contact\/\" \/>\n<meta property=\"og:site_name\" content=\"Nautica Centelles - Servicios de N\u00e1utica\" \/>\n<meta property=\"article:modified_time\" content=\"2022-03-16T11:25:32+00:00\" \/>\n<meta property=\"og:image\" content=\"https:\/\/nauticacentelles.cat\/wp-content\/uploads\/2021\/12\/img16.jpg\" \/>\n\t<meta property=\"og:image:width\" content=\"1880\" \/>\n\t<meta property=\"og:image:height\" content=\"600\" \/>\n\t<meta property=\"og:image:type\" content=\"image\/jpeg\" \/>\n<meta name=\"twitter:card\" content=\"summary_large_image\" \/>\n<script type=\"application\/ld+json\" class=\"yoast-schema-graph\">{\"@context\":\"https:\/\/schema.org\",\"@graph\":[{\"@type\":\"WebPage\",\"@id\":\"https:\/\/nauticacentelles.cat\/fr\/localisation-et-contact\/\",\"url\":\"https:\/\/nauticacentelles.cat\/fr\/localisation-et-contact\/\",\"name\":\"Localisation et contact - Nautica Centelles - Servicios de N\u00e1utica\",\"isPartOf\":{\"@id\":\"https:\/\/nauticacentelles.cat\/fr\/#website\"},\"primaryImageOfPage\":{\"@id\":\"https:\/\/nauticacentelles.cat\/fr\/localisation-et-contact\/#primaryimage\"},\"image\":{\"@id\":\"https:\/\/nauticacentelles.cat\/fr\/localisation-et-contact\/#primaryimage\"},\"thumbnailUrl\":\"https:\/\/nauticacentelles.cat\/wp-content\/uploads\/2021\/12\/img16.jpg\",\"datePublished\":\"2022-03-16T11:25:31+00:00\",\"dateModified\":\"2022-03-16T11:25:32+00:00\",\"breadcrumb\":{\"@id\":\"https:\/\/nauticacentelles.cat\/fr\/localisation-et-contact\/#breadcrumb\"},\"inLanguage\":\"fr-FR\",\"potentialAction\":[{\"@type\":\"ReadAction\",\"target\":[\"https:\/\/nauticacentelles.cat\/fr\/localisation-et-contact\/\"]}]},{\"@type\":\"ImageObject\",\"inLanguage\":\"fr-FR\",\"@id\":\"https:\/\/nauticacentelles.cat\/fr\/localisation-et-contact\/#primaryimage\",\"url\":\"https:\/\/nauticacentelles.cat\/wp-content\/uploads\/2021\/12\/img16.jpg\",\"contentUrl\":\"https:\/\/nauticacentelles.cat\/wp-content\/uploads\/2021\/12\/img16.jpg\",\"width\":1880,\"height\":600},{\"@type\":\"BreadcrumbList\",\"@id\":\"https:\/\/nauticacentelles.cat\/fr\/localisation-et-contact\/#breadcrumb\",\"itemListElement\":[{\"@type\":\"ListItem\",\"position\":1,\"name\":\"Portada\",\"item\":\"https:\/\/nauticacentelles.cat\/fr\/\"},{\"@type\":\"ListItem\",\"position\":2,\"name\":\"Localisation et contact\"}]},{\"@type\":\"WebSite\",\"@id\":\"https:\/\/nauticacentelles.cat\/fr\/#website\",\"url\":\"https:\/\/nauticacentelles.cat\/fr\/\",\"name\":\"Nautica Centelles - Servicios de N\u00e1utica\",\"description\":\"Empresa especializada en todo tipo de servicios n\u00e1uticos, reparaci\u00f3n y mantenimiento de embarcaciones.\",\"publisher\":{\"@id\":\"https:\/\/nauticacentelles.cat\/fr\/#organization\"},\"potentialAction\":[{\"@type\":\"SearchAction\",\"target\":{\"@type\":\"EntryPoint\",\"urlTemplate\":\"https:\/\/nauticacentelles.cat\/fr\/?s={search_term_string}\"},\"query-input\":{\"@type\":\"PropertyValueSpecification\",\"valueRequired\":true,\"valueName\":\"search_term_string\"}}],\"inLanguage\":\"fr-FR\"},{\"@type\":\"Organization\",\"@id\":\"https:\/\/nauticacentelles.cat\/fr\/#organization\",\"name\":\"Nautica Centelles\",\"url\":\"https:\/\/nauticacentelles.cat\/fr\/\",\"logo\":{\"@type\":\"ImageObject\",\"inLanguage\":\"fr-FR\",\"@id\":\"https:\/\/nauticacentelles.cat\/fr\/#\/schema\/logo\/image\/\",\"url\":\"https:\/\/nauticacentelles.cat\/wp-content\/uploads\/2021\/12\/Logo-Nautica-Centelles-1024x445-1.png\",\"contentUrl\":\"https:\/\/nauticacentelles.cat\/wp-content\/uploads\/2021\/12\/Logo-Nautica-Centelles-1024x445-1.png\",\"width\":1024,\"height\":445,\"caption\":\"Nautica Centelles\"},\"image\":{\"@id\":\"https:\/\/nauticacentelles.cat\/fr\/#\/schema\/logo\/image\/\"}}]}<\/script>\n<!-- \/ Yoast SEO plugin. -->","yoast_head_json":{"title":"Localisation et contact - Nautica Centelles - Servicios de N\u00e1utica","robots":{"index":"index","follow":"follow","max-snippet":"max-snippet:-1","max-image-preview":"max-image-preview:large","max-video-preview":"max-video-preview:-1"},"canonical":"https:\/\/nauticacentelles.cat\/fr\/localisation-et-contact\/","og_locale":"fr_FR","og_type":"article","og_title":"Localisation et contact - Nautica Centelles - Servicios de N\u00e1utica","og_description":"Nautica Centelles Adresse C. Ribera 24, 17497 Portbou (G\u00e9rone) T\u00e9l\u00e9phone +34 972 39 03 88 Email info@nauticacentelles.cat Formulaire de contact","og_url":"https:\/\/nauticacentelles.cat\/fr\/localisation-et-contact\/","og_site_name":"Nautica Centelles - Servicios de N\u00e1utica","article_modified_time":"2022-03-16T11:25:32+00:00","og_image":[{"width":1880,"height":600,"url":"https:\/\/nauticacentelles.cat\/wp-content\/uploads\/2021\/12\/img16.jpg","type":"image\/jpeg"}],"twitter_card":"summary_large_image","schema":{"@context":"https:\/\/schema.org","@graph":[{"@type":"WebPage","@id":"https:\/\/nauticacentelles.cat\/fr\/localisation-et-contact\/","url":"https:\/\/nauticacentelles.cat\/fr\/localisation-et-contact\/","name":"Localisation et contact - Nautica Centelles - Servicios de N\u00e1utica","isPartOf":{"@id":"https:\/\/nauticacentelles.cat\/fr\/#website"},"primaryImageOfPage":{"@id":"https:\/\/nauticacentelles.cat\/fr\/localisation-et-contact\/#primaryimage"},"image":{"@id":"https:\/\/nauticacentelles.cat\/fr\/localisation-et-contact\/#primaryimage"},"thumbnailUrl":"https:\/\/nauticacentelles.cat\/wp-content\/uploads\/2021\/12\/img16.jpg","datePublished":"2022-03-16T11:25:31+00:00","dateModified":"2022-03-16T11:25:32+00:00","breadcrumb":{"@id":"https:\/\/nauticacentelles.cat\/fr\/localisation-et-contact\/#breadcrumb"},"inLanguage":"fr-FR","potentialAction":[{"@type":"ReadAction","target":["https:\/\/nauticacentelles.cat\/fr\/localisation-et-contact\/"]}]},{"@type":"ImageObject","inLanguage":"fr-FR","@id":"https:\/\/nauticacentelles.cat\/fr\/localisation-et-contact\/#primaryimage","url":"https:\/\/nauticacentelles.cat\/wp-content\/uploads\/2021\/12\/img16.jpg","contentUrl":"https:\/\/nauticacentelles.cat\/wp-content\/uploads\/2021\/12\/img16.jpg","width":1880,"height":600},{"@type":"BreadcrumbList","@id":"https:\/\/nauticacentelles.cat\/fr\/localisation-et-contact\/#breadcrumb","itemListElement":[{"@type":"ListItem","position":1,"name":"Portada","item":"https:\/\/nauticacentelles.cat\/fr\/"},{"@type":"ListItem","position":2,"name":"Localisation et contact"}]},{"@type":"WebSite","@id":"https:\/\/nauticacentelles.cat\/fr\/#website","url":"https:\/\/nauticacentelles.cat\/fr\/","name":"Nautica Centelles - Servicios de N\u00e1utica","description":"Empresa especializada en todo tipo de servicios n\u00e1uticos, reparaci\u00f3n y mantenimiento de embarcaciones.","publisher":{"@id":"https:\/\/nauticacentelles.cat\/fr\/#organization"},"potentialAction":[{"@type":"SearchAction","target":{"@type":"EntryPoint","urlTemplate":"https:\/\/nauticacentelles.cat\/fr\/?s={search_term_string}"},"query-input":{"@type":"PropertyValueSpecification","valueRequired":true,"valueName":"search_term_string"}}],"inLanguage":"fr-FR"},{"@type":"Organization","@id":"https:\/\/nauticacentelles.cat\/fr\/#organization","name":"Nautica Centelles","url":"https:\/\/nauticacentelles.cat\/fr\/","logo":{"@type":"ImageObject","inLanguage":"fr-FR","@id":"https:\/\/nauticacentelles.cat\/fr\/#\/schema\/logo\/image\/","url":"https:\/\/nauticacentelles.cat\/wp-content\/uploads\/2021\/12\/Logo-Nautica-Centelles-1024x445-1.png","contentUrl":"https:\/\/nauticacentelles.cat\/wp-content\/uploads\/2021\/12\/Logo-Nautica-Centelles-1024x445-1.png","width":1024,"height":445,"caption":"Nautica Centelles"},"image":{"@id":"https:\/\/nauticacentelles.cat\/fr\/#\/schema\/logo\/image\/"}}]}},"_links":{"self":[{"href":"https:\/\/nauticacentelles.cat\/fr\/wp-json\/wp\/v2\/pages\/1814","targetHints":{"allow":["GET"]}}],"collection":[{"href":"https:\/\/nauticacentelles.cat\/fr\/wp-json\/wp\/v2\/pages"}],"about":[{"href":"https:\/\/nauticacentelles.cat\/fr\/wp-json\/wp\/v2\/types\/page"}],"author":[{"embeddable":true,"href":"https:\/\/nauticacentelles.cat\/fr\/wp-json\/wp\/v2\/users\/1"}],"replies":[{"embeddable":true,"href":"https:\/\/nauticacentelles.cat\/fr\/wp-json\/wp\/v2\/comments?post=1814"}],"version-history":[{"count":0,"href":"https:\/\/nauticacentelles.cat\/fr\/wp-json\/wp\/v2\/pages\/1814\/revisions"}],"wp:featuredmedia":[{"embeddable":true,"href":"https:\/\/nauticacentelles.cat\/fr\/wp-json\/wp\/v2\/media\/1581"}],"wp:attachment":[{"href":"https:\/\/nauticacentelles.cat\/fr\/wp-json\/wp\/v2\/media?parent=1814"}],"curies":[{"name":"wp","href":"https:\/\/api.w.org\/{rel}","templated":true}]}}