{"id":1873,"date":"2021-12-20T14:05:14","date_gmt":"2022-03-16T12:32:28","guid":{"rendered":"https:\/\/nauticacentelles.cat\/producto\/scarani-day-cruiser-30\/"},"modified":"2022-03-16T12:32:28","modified_gmt":"2022-03-16T12:32:28","slug":"scarani-day-cruiser-30-2","status":"publish","type":"product","link":"https:\/\/nauticacentelles.cat\/fr\/produit\/scarani-day-cruiser-30-2\/","title":{"rendered":"Scarani Day Cruiser 30"},"content":{"rendered":"<p>Los amplios interiores y su continuada perspectiva de espacio nos permite hablar de una embarcaci\u00f3n sin limitaciones con unos resultados nunca visto hasta ahora. Hemos imaginado un cockpit que puede estar revestido en madera de teca de 2,5 m. de ancho. Un astuto sof\u00e1 en forma de L hasta la plataforma de ba\u00f1o sin por esto menguar la utilizaci\u00f3n de la plataforma y la posibilidad de la colocaci\u00f3n de un tender. La ba\u00f1era est\u00e1 equipada con un elegante mueble funcional y de dise\u00f1o combinando con armon\u00eda la cocina, el frigor\u00edfico, y el lavabo, soportando al mismo tiempo el asiento piloto y copiloto. <\/p>\n<p>Otro logro es el concepto del canap\u00e9 de popa con el respaldo abatible y transformable en solarium. Los profundos pasillos asim\u00e9tricos de acceso a proa ofrecen una total seguridad, permitiendo el desplazamiento desde el espacio de popa hacia proa con toda libertad. El solarium de proa de grandes dimensiones ocupa toda la cubierta haciendo esta embarcaci\u00f3n ideal para los que aman la vida al aire libre. El sutil arco de radar opcional permite acceder al complemento de programas tales como protegernos del sol o del mal tiempo.<\/p>\n<p>El parabrisas deflector invertido de forma alargada, asociado a las grandes ventanas laterales del casco dan un toque final a\u00fan m\u00e1s deportivo a este estilo innovador de este \u00e1gil nav\u00edo. La gran puerta luminosa de acceso a la cabina ofrece un perfecto acceso hacia un sof\u00e1 transformable en cama de grandes dimensiones.<\/p>\n<p>El camarote de popa con una espaciosa cama doble ofrece la posibilidad se dividirse en dos ambientes mediante una separaci\u00f3n individual y con puerta, preservando de esta manera la intimidad a bordo, lo que no encontraremos en otras embarcaciones de similar eslora, as\u00ed como el cuarto de ba\u00f1o completo de refinado dise\u00f1o. Tal surtido de art\u00edculos y posibilidades tan particulares de uso hacen de este Day Cruiser una \u00fanica excepci\u00f3n en su categor\u00eda.<\/p>\n<p>Caract\u00e9ristiques techniques:<\/p>\n<p>Eslora total(m): 9,15<br \/>\nEslora homologaci\u00f3n(m): 7,95<br \/>\nManga(m): 3,00<br \/>\nPeso en vacio(kg): 3300<br \/>\nCapacidad(pax): 8<br \/>\nDep\u00f3sito combustible(l): 400<br \/>\nDep\u00f3sito agua(l): 80<br \/>\nCategor\u00eda del proyecto: B<br \/>\nPotencias aconsejada: D.F.B. Gasolina: 440-520 HP \/ D.F.B. T.Diesel: 340-440 HP<br \/>\nBa\u00f1era autovaciante: S\u00ed<br \/>\nRemolcable: S\u00ed<\/p>\n","protected":false},"excerpt":{"rendered":"<p>Una embarcaci\u00f3n sin limitaciones con unos resultados nunca visto hasta ahora.<\/p>\n","protected":false},"featured_media":1563,"comment_status":"closed","ping_status":"closed","template":"","meta":{"_monsterinsights_skip_tracking":false,"_monsterinsights_sitenote_active":false,"_monsterinsights_sitenote_note":"","_monsterinsights_sitenote_category":0},"pwb-brand":[],"product_brand":[],"product_cat":[55,60],"product_tag":[],"class_list":{"0":"post-1873","1":"product","2":"type-product","3":"status-publish","4":"has-post-thumbnail","6":"product_cat-bateaux-neufs","7":"product_cat-scarani-bateaux","9":"first","10":"instock","11":"shipping-taxable","12":"product-type-simple"},"yoast_head":"<!-- This site is optimized with the Yoast SEO plugin v27.2 - https:\/\/yoast.com\/product\/yoast-seo-wordpress\/ -->\n<title>Scarani Day Cruiser 30 - Nautica Centelles - Servicios de N\u00e1utica<\/title>\n<meta name=\"robots\" content=\"index, follow, max-snippet:-1, max-image-preview:large, max-video-preview:-1\" \/>\n<link rel=\"canonical\" href=\"https:\/\/nauticacentelles.cat\/fr\/produit\/scarani-day-cruiser-30-2\/\" \/>\n<meta property=\"og:locale\" content=\"fr_FR\" \/>\n<meta property=\"og:type\" content=\"article\" \/>\n<meta property=\"og:title\" content=\"Scarani Day Cruiser 30 - Nautica Centelles - Servicios de N\u00e1utica\" \/>\n<meta property=\"og:description\" content=\"Una embarcaci\u00f3n sin limitaciones con unos resultados nunca visto hasta ahora.\" \/>\n<meta property=\"og:url\" content=\"https:\/\/nauticacentelles.cat\/fr\/produit\/scarani-day-cruiser-30-2\/\" \/>\n<meta property=\"og:site_name\" content=\"Nautica Centelles - Servicios de N\u00e1utica\" \/>\n<meta property=\"og:image\" content=\"https:\/\/nauticacentelles.cat\/wp-content\/uploads\/2021\/12\/Scarani-Day-Cruiser-30-01.jpg\" \/>\n\t<meta property=\"og:image:width\" content=\"1180\" \/>\n\t<meta property=\"og:image:height\" content=\"774\" \/>\n\t<meta property=\"og:image:type\" content=\"image\/jpeg\" \/>\n<meta name=\"twitter:card\" content=\"summary_large_image\" \/>\n<meta name=\"twitter:label1\" content=\"Dur\u00e9e de lecture estim\u00e9e\" \/>\n\t<meta name=\"twitter:data1\" content=\"2 minutes\" \/>\n<script type=\"application\/ld+json\" class=\"yoast-schema-graph\">{\"@context\":\"https:\/\/schema.org\",\"@graph\":[{\"@type\":\"WebPage\",\"@id\":\"https:\/\/nauticacentelles.cat\/fr\/produit\/scarani-day-cruiser-30-2\/\",\"url\":\"https:\/\/nauticacentelles.cat\/fr\/produit\/scarani-day-cruiser-30-2\/\",\"name\":\"Scarani Day Cruiser 30 - Nautica Centelles - Servicios de N\u00e1utica\",\"isPartOf\":{\"@id\":\"https:\/\/nauticacentelles.cat\/fr\/#website\"},\"primaryImageOfPage\":{\"@id\":\"https:\/\/nauticacentelles.cat\/fr\/produit\/scarani-day-cruiser-30-2\/#primaryimage\"},\"image\":{\"@id\":\"https:\/\/nauticacentelles.cat\/fr\/produit\/scarani-day-cruiser-30-2\/#primaryimage\"},\"thumbnailUrl\":\"https:\/\/nauticacentelles.cat\/wp-content\/uploads\/2021\/12\/Scarani-Day-Cruiser-30-01.jpg\",\"datePublished\":\"2022-03-16T12:32:28+00:00\",\"breadcrumb\":{\"@id\":\"https:\/\/nauticacentelles.cat\/fr\/produit\/scarani-day-cruiser-30-2\/#breadcrumb\"},\"inLanguage\":\"fr-FR\",\"potentialAction\":[{\"@type\":\"ReadAction\",\"target\":[\"https:\/\/nauticacentelles.cat\/fr\/produit\/scarani-day-cruiser-30-2\/\"]}]},{\"@type\":\"ImageObject\",\"inLanguage\":\"fr-FR\",\"@id\":\"https:\/\/nauticacentelles.cat\/fr\/produit\/scarani-day-cruiser-30-2\/#primaryimage\",\"url\":\"https:\/\/nauticacentelles.cat\/wp-content\/uploads\/2021\/12\/Scarani-Day-Cruiser-30-01.jpg\",\"contentUrl\":\"https:\/\/nauticacentelles.cat\/wp-content\/uploads\/2021\/12\/Scarani-Day-Cruiser-30-01.jpg\",\"width\":1180,\"height\":774,\"caption\":\"Scarani Day Cruiser 30\"},{\"@type\":\"BreadcrumbList\",\"@id\":\"https:\/\/nauticacentelles.cat\/fr\/produit\/scarani-day-cruiser-30-2\/#breadcrumb\",\"itemListElement\":[{\"@type\":\"ListItem\",\"position\":1,\"name\":\"Portada\",\"item\":\"https:\/\/nauticacentelles.cat\/fr\/\"},{\"@type\":\"ListItem\",\"position\":2,\"name\":\"La Boutique\",\"item\":\"https:\/\/nauticacentelles.cat\/fr\/la-boutique\/\"},{\"@type\":\"ListItem\",\"position\":3,\"name\":\"Scarani Day Cruiser 30\"}]},{\"@type\":\"WebSite\",\"@id\":\"https:\/\/nauticacentelles.cat\/fr\/#website\",\"url\":\"https:\/\/nauticacentelles.cat\/fr\/\",\"name\":\"Nautica Centelles - Servicios de N\u00e1utica\",\"description\":\"Empresa especializada en todo tipo de servicios n\u00e1uticos, reparaci\u00f3n y mantenimiento de embarcaciones.\",\"publisher\":{\"@id\":\"https:\/\/nauticacentelles.cat\/fr\/#organization\"},\"potentialAction\":[{\"@type\":\"SearchAction\",\"target\":{\"@type\":\"EntryPoint\",\"urlTemplate\":\"https:\/\/nauticacentelles.cat\/fr\/?s={search_term_string}\"},\"query-input\":{\"@type\":\"PropertyValueSpecification\",\"valueRequired\":true,\"valueName\":\"search_term_string\"}}],\"inLanguage\":\"fr-FR\"},{\"@type\":\"Organization\",\"@id\":\"https:\/\/nauticacentelles.cat\/fr\/#organization\",\"name\":\"Nautica Centelles\",\"url\":\"https:\/\/nauticacentelles.cat\/fr\/\",\"logo\":{\"@type\":\"ImageObject\",\"inLanguage\":\"fr-FR\",\"@id\":\"https:\/\/nauticacentelles.cat\/fr\/#\/schema\/logo\/image\/\",\"url\":\"https:\/\/nauticacentelles.cat\/wp-content\/uploads\/2021\/12\/Logo-Nautica-Centelles-1024x445-1.png\",\"contentUrl\":\"https:\/\/nauticacentelles.cat\/wp-content\/uploads\/2021\/12\/Logo-Nautica-Centelles-1024x445-1.png\",\"width\":1024,\"height\":445,\"caption\":\"Nautica Centelles\"},\"image\":{\"@id\":\"https:\/\/nauticacentelles.cat\/fr\/#\/schema\/logo\/image\/\"}}]}<\/script>\n<!-- \/ Yoast SEO plugin. -->","yoast_head_json":{"title":"Scarani Day Cruiser 30 - Nautica Centelles - Servicios de N\u00e1utica","robots":{"index":"index","follow":"follow","max-snippet":"max-snippet:-1","max-image-preview":"max-image-preview:large","max-video-preview":"max-video-preview:-1"},"canonical":"https:\/\/nauticacentelles.cat\/fr\/produit\/scarani-day-cruiser-30-2\/","og_locale":"fr_FR","og_type":"article","og_title":"Scarani Day Cruiser 30 - Nautica Centelles - Servicios de N\u00e1utica","og_description":"Una embarcaci\u00f3n sin limitaciones con unos resultados nunca visto hasta ahora.","og_url":"https:\/\/nauticacentelles.cat\/fr\/produit\/scarani-day-cruiser-30-2\/","og_site_name":"Nautica Centelles - Servicios de N\u00e1utica","og_image":[{"width":1180,"height":774,"url":"https:\/\/nauticacentelles.cat\/wp-content\/uploads\/2021\/12\/Scarani-Day-Cruiser-30-01.jpg","type":"image\/jpeg"}],"twitter_card":"summary_large_image","twitter_misc":{"Dur\u00e9e de lecture estim\u00e9e":"2 minutes"},"schema":{"@context":"https:\/\/schema.org","@graph":[{"@type":"WebPage","@id":"https:\/\/nauticacentelles.cat\/fr\/produit\/scarani-day-cruiser-30-2\/","url":"https:\/\/nauticacentelles.cat\/fr\/produit\/scarani-day-cruiser-30-2\/","name":"Scarani Day Cruiser 30 - Nautica Centelles - Servicios de N\u00e1utica","isPartOf":{"@id":"https:\/\/nauticacentelles.cat\/fr\/#website"},"primaryImageOfPage":{"@id":"https:\/\/nauticacentelles.cat\/fr\/produit\/scarani-day-cruiser-30-2\/#primaryimage"},"image":{"@id":"https:\/\/nauticacentelles.cat\/fr\/produit\/scarani-day-cruiser-30-2\/#primaryimage"},"thumbnailUrl":"https:\/\/nauticacentelles.cat\/wp-content\/uploads\/2021\/12\/Scarani-Day-Cruiser-30-01.jpg","datePublished":"2022-03-16T12:32:28+00:00","breadcrumb":{"@id":"https:\/\/nauticacentelles.cat\/fr\/produit\/scarani-day-cruiser-30-2\/#breadcrumb"},"inLanguage":"fr-FR","potentialAction":[{"@type":"ReadAction","target":["https:\/\/nauticacentelles.cat\/fr\/produit\/scarani-day-cruiser-30-2\/"]}]},{"@type":"ImageObject","inLanguage":"fr-FR","@id":"https:\/\/nauticacentelles.cat\/fr\/produit\/scarani-day-cruiser-30-2\/#primaryimage","url":"https:\/\/nauticacentelles.cat\/wp-content\/uploads\/2021\/12\/Scarani-Day-Cruiser-30-01.jpg","contentUrl":"https:\/\/nauticacentelles.cat\/wp-content\/uploads\/2021\/12\/Scarani-Day-Cruiser-30-01.jpg","width":1180,"height":774,"caption":"Scarani Day Cruiser 30"},{"@type":"BreadcrumbList","@id":"https:\/\/nauticacentelles.cat\/fr\/produit\/scarani-day-cruiser-30-2\/#breadcrumb","itemListElement":[{"@type":"ListItem","position":1,"name":"Portada","item":"https:\/\/nauticacentelles.cat\/fr\/"},{"@type":"ListItem","position":2,"name":"La Boutique","item":"https:\/\/nauticacentelles.cat\/fr\/la-boutique\/"},{"@type":"ListItem","position":3,"name":"Scarani Day Cruiser 30"}]},{"@type":"WebSite","@id":"https:\/\/nauticacentelles.cat\/fr\/#website","url":"https:\/\/nauticacentelles.cat\/fr\/","name":"Nautica Centelles - Servicios de N\u00e1utica","description":"Empresa especializada en todo tipo de servicios n\u00e1uticos, reparaci\u00f3n y mantenimiento de embarcaciones.","publisher":{"@id":"https:\/\/nauticacentelles.cat\/fr\/#organization"},"potentialAction":[{"@type":"SearchAction","target":{"@type":"EntryPoint","urlTemplate":"https:\/\/nauticacentelles.cat\/fr\/?s={search_term_string}"},"query-input":{"@type":"PropertyValueSpecification","valueRequired":true,"valueName":"search_term_string"}}],"inLanguage":"fr-FR"},{"@type":"Organization","@id":"https:\/\/nauticacentelles.cat\/fr\/#organization","name":"Nautica Centelles","url":"https:\/\/nauticacentelles.cat\/fr\/","logo":{"@type":"ImageObject","inLanguage":"fr-FR","@id":"https:\/\/nauticacentelles.cat\/fr\/#\/schema\/logo\/image\/","url":"https:\/\/nauticacentelles.cat\/wp-content\/uploads\/2021\/12\/Logo-Nautica-Centelles-1024x445-1.png","contentUrl":"https:\/\/nauticacentelles.cat\/wp-content\/uploads\/2021\/12\/Logo-Nautica-Centelles-1024x445-1.png","width":1024,"height":445,"caption":"Nautica Centelles"},"image":{"@id":"https:\/\/nauticacentelles.cat\/fr\/#\/schema\/logo\/image\/"}}]}},"brands":[],"_links":{"self":[{"href":"https:\/\/nauticacentelles.cat\/fr\/wp-json\/wp\/v2\/product\/1873","targetHints":{"allow":["GET"]}}],"collection":[{"href":"https:\/\/nauticacentelles.cat\/fr\/wp-json\/wp\/v2\/product"}],"about":[{"href":"https:\/\/nauticacentelles.cat\/fr\/wp-json\/wp\/v2\/types\/product"}],"replies":[{"embeddable":true,"href":"https:\/\/nauticacentelles.cat\/fr\/wp-json\/wp\/v2\/comments?post=1873"}],"wp:featuredmedia":[{"embeddable":true,"href":"https:\/\/nauticacentelles.cat\/fr\/wp-json\/wp\/v2\/media\/1563"}],"wp:attachment":[{"href":"https:\/\/nauticacentelles.cat\/fr\/wp-json\/wp\/v2\/media?parent=1873"}],"wp:term":[{"taxonomy":"pwb-brand","embeddable":true,"href":"https:\/\/nauticacentelles.cat\/fr\/wp-json\/wp\/v2\/pwb-brand?post=1873"},{"taxonomy":"product_brand","embeddable":true,"href":"https:\/\/nauticacentelles.cat\/fr\/wp-json\/wp\/v2\/product_brand?post=1873"},{"taxonomy":"product_cat","embeddable":true,"href":"https:\/\/nauticacentelles.cat\/fr\/wp-json\/wp\/v2\/product_cat?post=1873"},{"taxonomy":"product_tag","embeddable":true,"href":"https:\/\/nauticacentelles.cat\/fr\/wp-json\/wp\/v2\/product_tag?post=1873"}],"curies":[{"name":"wp","href":"https:\/\/api.w.org\/{rel}","templated":true}]}}