{"id":1875,"date":"2021-12-20T13:56:42","date_gmt":"2022-03-16T12:34:19","guid":{"rendered":"https:\/\/nauticacentelles.cat\/producto\/scarani-35-day-cruiser\/"},"modified":"2022-03-16T12:34:19","modified_gmt":"2022-03-16T12:34:19","slug":"scarani-35-day-cruiser-2","status":"publish","type":"product","link":"https:\/\/nauticacentelles.cat\/fr\/produit\/scarani-35-day-cruiser-2\/","title":{"rendered":"Scarani 35 Day Cruiser"},"content":{"rendered":"<p>Un desafio es un reto como la provocaci\u00f3n que genera el papel en blanco al comienzo de cada proyecto. Los vol\u00famenes interiores propios de un yate dotado con flybridge combinados con los exteriores de una gran open. Todas las facilidades de una gran embarcaci\u00f3n abierta con unos majestuosos espacios interiores.<\/p>\n<p>El placer de reencon-trarte en tu hogar, acogedor, c\u00f3modo y que hace realidad tu gusto por la arquitectura. Un barco donde la combinaci\u00f3n sutil de colores y texturas hacen florecer los sentidos. EL ESPACIO DONDE SENTIRSE LIBRE. La disposici\u00f3n inteligente de los espacios y del mobiliario permite la creaci\u00f3n de dos cabinas dobles, un sal\u00f3n con cocina y un ba\u00f1o. Open como los paisajes a su alcance. Una sensaci\u00f3n de dominio y de seguridad amplificada por el singular dise\u00f1o de los elementos, ha creado un barco muy habitable que permite disfrutar de un contacto absoluto con la naturaleza.<\/p>\n<p>Caract\u00e9ristiques techniques:<\/p>\n<p>Eslora total(m): 11,05<br \/>\nEslora homologaci\u00f3n(m): 9,94<br \/>\nManga(m): 3,58<br \/>\nCapacidad(pax): 10<br \/>\nDep\u00f3sito combustible(l): 600<br \/>\nDep\u00f3sito agua(l): 220<br \/>\nCategor\u00eda del proyecto: B<br \/>\nPotencias aconsejada: D.F.B. Gasolina: 2 X 320 HP \/ D.F.B. T.Diesel: 2 X 260 HP<br \/>\nBa\u00f1era autovaciante: S\u00ed<br \/>\nRemolcable: S\u00ed<\/p>\n","protected":false},"excerpt":{"rendered":"<p>Todas las facilidades de una gran embarcaci\u00f3n abierta con unos majestuosos espacios interiores.<\/p>\n","protected":false},"featured_media":1561,"comment_status":"closed","ping_status":"closed","template":"","meta":{"_monsterinsights_skip_tracking":false,"_monsterinsights_sitenote_active":false,"_monsterinsights_sitenote_note":"","_monsterinsights_sitenote_category":0},"pwb-brand":[],"product_brand":[],"product_cat":[55,60],"product_tag":[],"class_list":{"0":"post-1875","1":"product","2":"type-product","3":"status-publish","4":"has-post-thumbnail","6":"product_cat-bateaux-neufs","7":"product_cat-scarani-bateaux","9":"first","10":"instock","11":"shipping-taxable","12":"product-type-simple"},"yoast_head":"<!-- This site is optimized with the Yoast SEO plugin v27.2 - https:\/\/yoast.com\/product\/yoast-seo-wordpress\/ -->\n<title>Scarani 35 Day Cruiser - Nautica Centelles - Servicios de N\u00e1utica<\/title>\n<meta name=\"robots\" content=\"index, follow, max-snippet:-1, max-image-preview:large, max-video-preview:-1\" \/>\n<link rel=\"canonical\" href=\"https:\/\/nauticacentelles.cat\/fr\/produit\/scarani-35-day-cruiser-2\/\" \/>\n<meta property=\"og:locale\" content=\"fr_FR\" \/>\n<meta property=\"og:type\" content=\"article\" \/>\n<meta property=\"og:title\" content=\"Scarani 35 Day Cruiser - Nautica Centelles - Servicios de N\u00e1utica\" \/>\n<meta property=\"og:description\" content=\"Todas las facilidades de una gran embarcaci\u00f3n abierta con unos majestuosos espacios interiores.\" \/>\n<meta property=\"og:url\" content=\"https:\/\/nauticacentelles.cat\/fr\/produit\/scarani-35-day-cruiser-2\/\" \/>\n<meta property=\"og:site_name\" content=\"Nautica Centelles - Servicios de N\u00e1utica\" \/>\n<meta property=\"og:image\" content=\"https:\/\/nauticacentelles.cat\/wp-content\/uploads\/2021\/12\/Scarani-35-Day-Cruiser-01.jpg\" \/>\n\t<meta property=\"og:image:width\" content=\"1178\" \/>\n\t<meta property=\"og:image:height\" content=\"799\" \/>\n\t<meta property=\"og:image:type\" content=\"image\/jpeg\" \/>\n<meta name=\"twitter:card\" content=\"summary_large_image\" \/>\n<meta name=\"twitter:label1\" content=\"Dur\u00e9e de lecture estim\u00e9e\" \/>\n\t<meta name=\"twitter:data1\" content=\"1 minute\" \/>\n<script type=\"application\/ld+json\" class=\"yoast-schema-graph\">{\"@context\":\"https:\/\/schema.org\",\"@graph\":[{\"@type\":\"WebPage\",\"@id\":\"https:\/\/nauticacentelles.cat\/fr\/produit\/scarani-35-day-cruiser-2\/\",\"url\":\"https:\/\/nauticacentelles.cat\/fr\/produit\/scarani-35-day-cruiser-2\/\",\"name\":\"Scarani 35 Day Cruiser - Nautica Centelles - Servicios de N\u00e1utica\",\"isPartOf\":{\"@id\":\"https:\/\/nauticacentelles.cat\/fr\/#website\"},\"primaryImageOfPage\":{\"@id\":\"https:\/\/nauticacentelles.cat\/fr\/produit\/scarani-35-day-cruiser-2\/#primaryimage\"},\"image\":{\"@id\":\"https:\/\/nauticacentelles.cat\/fr\/produit\/scarani-35-day-cruiser-2\/#primaryimage\"},\"thumbnailUrl\":\"https:\/\/nauticacentelles.cat\/wp-content\/uploads\/2021\/12\/Scarani-35-Day-Cruiser-01.jpg\",\"datePublished\":\"2022-03-16T12:34:19+00:00\",\"breadcrumb\":{\"@id\":\"https:\/\/nauticacentelles.cat\/fr\/produit\/scarani-35-day-cruiser-2\/#breadcrumb\"},\"inLanguage\":\"fr-FR\",\"potentialAction\":[{\"@type\":\"ReadAction\",\"target\":[\"https:\/\/nauticacentelles.cat\/fr\/produit\/scarani-35-day-cruiser-2\/\"]}]},{\"@type\":\"ImageObject\",\"inLanguage\":\"fr-FR\",\"@id\":\"https:\/\/nauticacentelles.cat\/fr\/produit\/scarani-35-day-cruiser-2\/#primaryimage\",\"url\":\"https:\/\/nauticacentelles.cat\/wp-content\/uploads\/2021\/12\/Scarani-35-Day-Cruiser-01.jpg\",\"contentUrl\":\"https:\/\/nauticacentelles.cat\/wp-content\/uploads\/2021\/12\/Scarani-35-Day-Cruiser-01.jpg\",\"width\":1178,\"height\":799,\"caption\":\"Scarani 35 Day Cruiser\"},{\"@type\":\"BreadcrumbList\",\"@id\":\"https:\/\/nauticacentelles.cat\/fr\/produit\/scarani-35-day-cruiser-2\/#breadcrumb\",\"itemListElement\":[{\"@type\":\"ListItem\",\"position\":1,\"name\":\"Portada\",\"item\":\"https:\/\/nauticacentelles.cat\/fr\/\"},{\"@type\":\"ListItem\",\"position\":2,\"name\":\"La Boutique\",\"item\":\"https:\/\/nauticacentelles.cat\/fr\/la-boutique\/\"},{\"@type\":\"ListItem\",\"position\":3,\"name\":\"Scarani 35 Day Cruiser\"}]},{\"@type\":\"WebSite\",\"@id\":\"https:\/\/nauticacentelles.cat\/fr\/#website\",\"url\":\"https:\/\/nauticacentelles.cat\/fr\/\",\"name\":\"Nautica Centelles - Servicios de N\u00e1utica\",\"description\":\"Empresa especializada en todo tipo de servicios n\u00e1uticos, reparaci\u00f3n y mantenimiento de embarcaciones.\",\"publisher\":{\"@id\":\"https:\/\/nauticacentelles.cat\/fr\/#organization\"},\"potentialAction\":[{\"@type\":\"SearchAction\",\"target\":{\"@type\":\"EntryPoint\",\"urlTemplate\":\"https:\/\/nauticacentelles.cat\/fr\/?s={search_term_string}\"},\"query-input\":{\"@type\":\"PropertyValueSpecification\",\"valueRequired\":true,\"valueName\":\"search_term_string\"}}],\"inLanguage\":\"fr-FR\"},{\"@type\":\"Organization\",\"@id\":\"https:\/\/nauticacentelles.cat\/fr\/#organization\",\"name\":\"Nautica Centelles\",\"url\":\"https:\/\/nauticacentelles.cat\/fr\/\",\"logo\":{\"@type\":\"ImageObject\",\"inLanguage\":\"fr-FR\",\"@id\":\"https:\/\/nauticacentelles.cat\/fr\/#\/schema\/logo\/image\/\",\"url\":\"https:\/\/nauticacentelles.cat\/wp-content\/uploads\/2021\/12\/Logo-Nautica-Centelles-1024x445-1.png\",\"contentUrl\":\"https:\/\/nauticacentelles.cat\/wp-content\/uploads\/2021\/12\/Logo-Nautica-Centelles-1024x445-1.png\",\"width\":1024,\"height\":445,\"caption\":\"Nautica Centelles\"},\"image\":{\"@id\":\"https:\/\/nauticacentelles.cat\/fr\/#\/schema\/logo\/image\/\"}}]}<\/script>\n<!-- \/ Yoast SEO plugin. -->","yoast_head_json":{"title":"Scarani 35 Day Cruiser - Nautica Centelles - Servicios de N\u00e1utica","robots":{"index":"index","follow":"follow","max-snippet":"max-snippet:-1","max-image-preview":"max-image-preview:large","max-video-preview":"max-video-preview:-1"},"canonical":"https:\/\/nauticacentelles.cat\/fr\/produit\/scarani-35-day-cruiser-2\/","og_locale":"fr_FR","og_type":"article","og_title":"Scarani 35 Day Cruiser - Nautica Centelles - Servicios de N\u00e1utica","og_description":"Todas las facilidades de una gran embarcaci\u00f3n abierta con unos majestuosos espacios interiores.","og_url":"https:\/\/nauticacentelles.cat\/fr\/produit\/scarani-35-day-cruiser-2\/","og_site_name":"Nautica Centelles - Servicios de N\u00e1utica","og_image":[{"width":1178,"height":799,"url":"https:\/\/nauticacentelles.cat\/wp-content\/uploads\/2021\/12\/Scarani-35-Day-Cruiser-01.jpg","type":"image\/jpeg"}],"twitter_card":"summary_large_image","twitter_misc":{"Dur\u00e9e de lecture estim\u00e9e":"1 minute"},"schema":{"@context":"https:\/\/schema.org","@graph":[{"@type":"WebPage","@id":"https:\/\/nauticacentelles.cat\/fr\/produit\/scarani-35-day-cruiser-2\/","url":"https:\/\/nauticacentelles.cat\/fr\/produit\/scarani-35-day-cruiser-2\/","name":"Scarani 35 Day Cruiser - Nautica Centelles - Servicios de N\u00e1utica","isPartOf":{"@id":"https:\/\/nauticacentelles.cat\/fr\/#website"},"primaryImageOfPage":{"@id":"https:\/\/nauticacentelles.cat\/fr\/produit\/scarani-35-day-cruiser-2\/#primaryimage"},"image":{"@id":"https:\/\/nauticacentelles.cat\/fr\/produit\/scarani-35-day-cruiser-2\/#primaryimage"},"thumbnailUrl":"https:\/\/nauticacentelles.cat\/wp-content\/uploads\/2021\/12\/Scarani-35-Day-Cruiser-01.jpg","datePublished":"2022-03-16T12:34:19+00:00","breadcrumb":{"@id":"https:\/\/nauticacentelles.cat\/fr\/produit\/scarani-35-day-cruiser-2\/#breadcrumb"},"inLanguage":"fr-FR","potentialAction":[{"@type":"ReadAction","target":["https:\/\/nauticacentelles.cat\/fr\/produit\/scarani-35-day-cruiser-2\/"]}]},{"@type":"ImageObject","inLanguage":"fr-FR","@id":"https:\/\/nauticacentelles.cat\/fr\/produit\/scarani-35-day-cruiser-2\/#primaryimage","url":"https:\/\/nauticacentelles.cat\/wp-content\/uploads\/2021\/12\/Scarani-35-Day-Cruiser-01.jpg","contentUrl":"https:\/\/nauticacentelles.cat\/wp-content\/uploads\/2021\/12\/Scarani-35-Day-Cruiser-01.jpg","width":1178,"height":799,"caption":"Scarani 35 Day Cruiser"},{"@type":"BreadcrumbList","@id":"https:\/\/nauticacentelles.cat\/fr\/produit\/scarani-35-day-cruiser-2\/#breadcrumb","itemListElement":[{"@type":"ListItem","position":1,"name":"Portada","item":"https:\/\/nauticacentelles.cat\/fr\/"},{"@type":"ListItem","position":2,"name":"La Boutique","item":"https:\/\/nauticacentelles.cat\/fr\/la-boutique\/"},{"@type":"ListItem","position":3,"name":"Scarani 35 Day Cruiser"}]},{"@type":"WebSite","@id":"https:\/\/nauticacentelles.cat\/fr\/#website","url":"https:\/\/nauticacentelles.cat\/fr\/","name":"Nautica Centelles - Servicios de N\u00e1utica","description":"Empresa especializada en todo tipo de servicios n\u00e1uticos, reparaci\u00f3n y mantenimiento de embarcaciones.","publisher":{"@id":"https:\/\/nauticacentelles.cat\/fr\/#organization"},"potentialAction":[{"@type":"SearchAction","target":{"@type":"EntryPoint","urlTemplate":"https:\/\/nauticacentelles.cat\/fr\/?s={search_term_string}"},"query-input":{"@type":"PropertyValueSpecification","valueRequired":true,"valueName":"search_term_string"}}],"inLanguage":"fr-FR"},{"@type":"Organization","@id":"https:\/\/nauticacentelles.cat\/fr\/#organization","name":"Nautica Centelles","url":"https:\/\/nauticacentelles.cat\/fr\/","logo":{"@type":"ImageObject","inLanguage":"fr-FR","@id":"https:\/\/nauticacentelles.cat\/fr\/#\/schema\/logo\/image\/","url":"https:\/\/nauticacentelles.cat\/wp-content\/uploads\/2021\/12\/Logo-Nautica-Centelles-1024x445-1.png","contentUrl":"https:\/\/nauticacentelles.cat\/wp-content\/uploads\/2021\/12\/Logo-Nautica-Centelles-1024x445-1.png","width":1024,"height":445,"caption":"Nautica Centelles"},"image":{"@id":"https:\/\/nauticacentelles.cat\/fr\/#\/schema\/logo\/image\/"}}]}},"brands":[],"_links":{"self":[{"href":"https:\/\/nauticacentelles.cat\/fr\/wp-json\/wp\/v2\/product\/1875","targetHints":{"allow":["GET"]}}],"collection":[{"href":"https:\/\/nauticacentelles.cat\/fr\/wp-json\/wp\/v2\/product"}],"about":[{"href":"https:\/\/nauticacentelles.cat\/fr\/wp-json\/wp\/v2\/types\/product"}],"replies":[{"embeddable":true,"href":"https:\/\/nauticacentelles.cat\/fr\/wp-json\/wp\/v2\/comments?post=1875"}],"wp:featuredmedia":[{"embeddable":true,"href":"https:\/\/nauticacentelles.cat\/fr\/wp-json\/wp\/v2\/media\/1561"}],"wp:attachment":[{"href":"https:\/\/nauticacentelles.cat\/fr\/wp-json\/wp\/v2\/media?parent=1875"}],"wp:term":[{"taxonomy":"pwb-brand","embeddable":true,"href":"https:\/\/nauticacentelles.cat\/fr\/wp-json\/wp\/v2\/pwb-brand?post=1875"},{"taxonomy":"product_brand","embeddable":true,"href":"https:\/\/nauticacentelles.cat\/fr\/wp-json\/wp\/v2\/product_brand?post=1875"},{"taxonomy":"product_cat","embeddable":true,"href":"https:\/\/nauticacentelles.cat\/fr\/wp-json\/wp\/v2\/product_cat?post=1875"},{"taxonomy":"product_tag","embeddable":true,"href":"https:\/\/nauticacentelles.cat\/fr\/wp-json\/wp\/v2\/product_tag?post=1875"}],"curies":[{"name":"wp","href":"https:\/\/api.w.org\/{rel}","templated":true}]}}