{"id":1876,"date":"2021-12-20T13:54:39","date_gmt":"2022-03-16T12:36:06","guid":{"rendered":"https:\/\/nauticacentelles.cat\/producto\/scarani-cruiser-31\/"},"modified":"2022-03-16T12:36:06","modified_gmt":"2022-03-16T12:36:06","slug":"scarani-cruiser-31-2","status":"publish","type":"product","link":"https:\/\/nauticacentelles.cat\/fr\/produit\/scarani-cruiser-31-2\/","title":{"rendered":"Scarani Cruiser 31"},"content":{"rendered":"<p>Su potente imagen, su gran volumen interior, su amplia ba\u00f1era cautivar\u00e1n a su familia y amigos. Imag\u00ednese una semana en las islas fondeado en el lugar de su mayor agrado a bordo de su propia embarcaci\u00f3n.<\/p>\n<p>En el exterior una mesa de pic-nic transformable en solarium as\u00ed como una espectacular plataforma de ba\u00f1o, forman parte de su encanto. La noche, las luces del arco de radar iluminar\u00e1n el cena en familia. La gran plataforma de ba\u00f1o, equipada con un alojamiento para las defensas, escala de ba\u00f1o, ducha y puerta de acceso a la ba\u00f1era le asegura una zona de ba\u00f1o privilegiada. Un mueble exterior con lavabo y frigor\u00edfico aumentar\u00e1 su confort.<\/p>\n<p>En el interior, un cuarto de ba\u00f1o completo con una entrada independiente para cada camarote as\u00ed como una cocina en \u00e1ngulo totalmente equipada forman el espacio interior. Una disposici\u00f3n inteligente que ofrece confort, y dos cabinas totalmente independientes. El trabajo de ebanister\u00eda de los mueble se laborado con zumo cuidado dando al ambiente una atm\u00f3sfera calurosa y acogedora.<\/p>\n<p>Caract\u00e9ristiques techniques:<\/p>\n<p>Eslora total(m): 9,47<br \/>\nEslora homologaci\u00f3n(m): 7,95<br \/>\nManga(m): 2,95<br \/>\nCapacidad(pax): 8<br \/>\nDep\u00f3sito combustible(l): 330<br \/>\nDep\u00f3sito agua(l): 190<br \/>\nCategor\u00eda del proyecto: B<br \/>\nPotencias aconsejada: D.F.B. Gasolina: 440 HP \/ D.F.B. T.Diesel: 320-380 HP<br \/>\nBa\u00f1era autovaciante: S\u00ed<br \/>\nRemolcable: S\u00ed<\/p>\n","protected":false},"excerpt":{"rendered":"<p>Su potente imagen, su gran volumen interior, su amplia ba\u00f1era cautivar\u00e1n a su familia y amigos.<\/p>\n","protected":false},"featured_media":1519,"comment_status":"closed","ping_status":"closed","template":"","meta":{"_monsterinsights_skip_tracking":false,"_monsterinsights_sitenote_active":false,"_monsterinsights_sitenote_note":"","_monsterinsights_sitenote_category":0},"pwb-brand":[],"product_brand":[],"product_cat":[55,60],"product_tag":[],"class_list":{"0":"post-1876","1":"product","2":"type-product","3":"status-publish","4":"has-post-thumbnail","6":"product_cat-bateaux-neufs","7":"product_cat-scarani-bateaux","9":"first","10":"instock","11":"shipping-taxable","12":"product-type-simple"},"yoast_head":"<!-- This site is optimized with the Yoast SEO plugin v27.2 - https:\/\/yoast.com\/product\/yoast-seo-wordpress\/ -->\n<title>Scarani Cruiser 31 - Nautica Centelles - Servicios de N\u00e1utica<\/title>\n<meta name=\"robots\" content=\"index, follow, max-snippet:-1, max-image-preview:large, max-video-preview:-1\" \/>\n<link rel=\"canonical\" href=\"https:\/\/nauticacentelles.cat\/fr\/produit\/scarani-cruiser-31-2\/\" \/>\n<meta property=\"og:locale\" content=\"fr_FR\" \/>\n<meta property=\"og:type\" content=\"article\" \/>\n<meta property=\"og:title\" content=\"Scarani Cruiser 31 - Nautica Centelles - Servicios de N\u00e1utica\" \/>\n<meta property=\"og:description\" content=\"Su potente imagen, su gran volumen interior, su amplia ba\u00f1era cautivar\u00e1n a su familia y amigos.\" \/>\n<meta property=\"og:url\" content=\"https:\/\/nauticacentelles.cat\/fr\/produit\/scarani-cruiser-31-2\/\" \/>\n<meta property=\"og:site_name\" content=\"Nautica Centelles - Servicios de N\u00e1utica\" \/>\n<meta property=\"og:image\" content=\"https:\/\/nauticacentelles.cat\/wp-content\/uploads\/2021\/12\/Scarani-Cruiser-31-01.jpg\" \/>\n\t<meta property=\"og:image:width\" content=\"913\" \/>\n\t<meta property=\"og:image:height\" content=\"662\" \/>\n\t<meta property=\"og:image:type\" content=\"image\/jpeg\" \/>\n<meta name=\"twitter:card\" content=\"summary_large_image\" \/>\n<meta name=\"twitter:label1\" content=\"Dur\u00e9e de lecture estim\u00e9e\" \/>\n\t<meta name=\"twitter:data1\" content=\"1 minute\" \/>\n<script type=\"application\/ld+json\" class=\"yoast-schema-graph\">{\"@context\":\"https:\/\/schema.org\",\"@graph\":[{\"@type\":\"WebPage\",\"@id\":\"https:\/\/nauticacentelles.cat\/fr\/produit\/scarani-cruiser-31-2\/\",\"url\":\"https:\/\/nauticacentelles.cat\/fr\/produit\/scarani-cruiser-31-2\/\",\"name\":\"Scarani Cruiser 31 - Nautica Centelles - Servicios de N\u00e1utica\",\"isPartOf\":{\"@id\":\"https:\/\/nauticacentelles.cat\/fr\/#website\"},\"primaryImageOfPage\":{\"@id\":\"https:\/\/nauticacentelles.cat\/fr\/produit\/scarani-cruiser-31-2\/#primaryimage\"},\"image\":{\"@id\":\"https:\/\/nauticacentelles.cat\/fr\/produit\/scarani-cruiser-31-2\/#primaryimage\"},\"thumbnailUrl\":\"https:\/\/nauticacentelles.cat\/wp-content\/uploads\/2021\/12\/Scarani-Cruiser-31-01.jpg\",\"datePublished\":\"2022-03-16T12:36:06+00:00\",\"breadcrumb\":{\"@id\":\"https:\/\/nauticacentelles.cat\/fr\/produit\/scarani-cruiser-31-2\/#breadcrumb\"},\"inLanguage\":\"fr-FR\",\"potentialAction\":[{\"@type\":\"ReadAction\",\"target\":[\"https:\/\/nauticacentelles.cat\/fr\/produit\/scarani-cruiser-31-2\/\"]}]},{\"@type\":\"ImageObject\",\"inLanguage\":\"fr-FR\",\"@id\":\"https:\/\/nauticacentelles.cat\/fr\/produit\/scarani-cruiser-31-2\/#primaryimage\",\"url\":\"https:\/\/nauticacentelles.cat\/wp-content\/uploads\/2021\/12\/Scarani-Cruiser-31-01.jpg\",\"contentUrl\":\"https:\/\/nauticacentelles.cat\/wp-content\/uploads\/2021\/12\/Scarani-Cruiser-31-01.jpg\",\"width\":913,\"height\":662,\"caption\":\"Scarani Cruiser 31\"},{\"@type\":\"BreadcrumbList\",\"@id\":\"https:\/\/nauticacentelles.cat\/fr\/produit\/scarani-cruiser-31-2\/#breadcrumb\",\"itemListElement\":[{\"@type\":\"ListItem\",\"position\":1,\"name\":\"Portada\",\"item\":\"https:\/\/nauticacentelles.cat\/fr\/\"},{\"@type\":\"ListItem\",\"position\":2,\"name\":\"La Boutique\",\"item\":\"https:\/\/nauticacentelles.cat\/fr\/la-boutique\/\"},{\"@type\":\"ListItem\",\"position\":3,\"name\":\"Scarani Cruiser 31\"}]},{\"@type\":\"WebSite\",\"@id\":\"https:\/\/nauticacentelles.cat\/fr\/#website\",\"url\":\"https:\/\/nauticacentelles.cat\/fr\/\",\"name\":\"Nautica Centelles - Servicios de N\u00e1utica\",\"description\":\"Empresa especializada en todo tipo de servicios n\u00e1uticos, reparaci\u00f3n y mantenimiento de embarcaciones.\",\"publisher\":{\"@id\":\"https:\/\/nauticacentelles.cat\/fr\/#organization\"},\"potentialAction\":[{\"@type\":\"SearchAction\",\"target\":{\"@type\":\"EntryPoint\",\"urlTemplate\":\"https:\/\/nauticacentelles.cat\/fr\/?s={search_term_string}\"},\"query-input\":{\"@type\":\"PropertyValueSpecification\",\"valueRequired\":true,\"valueName\":\"search_term_string\"}}],\"inLanguage\":\"fr-FR\"},{\"@type\":\"Organization\",\"@id\":\"https:\/\/nauticacentelles.cat\/fr\/#organization\",\"name\":\"Nautica Centelles\",\"url\":\"https:\/\/nauticacentelles.cat\/fr\/\",\"logo\":{\"@type\":\"ImageObject\",\"inLanguage\":\"fr-FR\",\"@id\":\"https:\/\/nauticacentelles.cat\/fr\/#\/schema\/logo\/image\/\",\"url\":\"https:\/\/nauticacentelles.cat\/wp-content\/uploads\/2021\/12\/Logo-Nautica-Centelles-1024x445-1.png\",\"contentUrl\":\"https:\/\/nauticacentelles.cat\/wp-content\/uploads\/2021\/12\/Logo-Nautica-Centelles-1024x445-1.png\",\"width\":1024,\"height\":445,\"caption\":\"Nautica Centelles\"},\"image\":{\"@id\":\"https:\/\/nauticacentelles.cat\/fr\/#\/schema\/logo\/image\/\"}}]}<\/script>\n<!-- \/ Yoast SEO plugin. -->","yoast_head_json":{"title":"Scarani Cruiser 31 - Nautica Centelles - Servicios de N\u00e1utica","robots":{"index":"index","follow":"follow","max-snippet":"max-snippet:-1","max-image-preview":"max-image-preview:large","max-video-preview":"max-video-preview:-1"},"canonical":"https:\/\/nauticacentelles.cat\/fr\/produit\/scarani-cruiser-31-2\/","og_locale":"fr_FR","og_type":"article","og_title":"Scarani Cruiser 31 - Nautica Centelles - Servicios de N\u00e1utica","og_description":"Su potente imagen, su gran volumen interior, su amplia ba\u00f1era cautivar\u00e1n a su familia y amigos.","og_url":"https:\/\/nauticacentelles.cat\/fr\/produit\/scarani-cruiser-31-2\/","og_site_name":"Nautica Centelles - Servicios de N\u00e1utica","og_image":[{"width":913,"height":662,"url":"https:\/\/nauticacentelles.cat\/wp-content\/uploads\/2021\/12\/Scarani-Cruiser-31-01.jpg","type":"image\/jpeg"}],"twitter_card":"summary_large_image","twitter_misc":{"Dur\u00e9e de lecture estim\u00e9e":"1 minute"},"schema":{"@context":"https:\/\/schema.org","@graph":[{"@type":"WebPage","@id":"https:\/\/nauticacentelles.cat\/fr\/produit\/scarani-cruiser-31-2\/","url":"https:\/\/nauticacentelles.cat\/fr\/produit\/scarani-cruiser-31-2\/","name":"Scarani Cruiser 31 - Nautica Centelles - Servicios de N\u00e1utica","isPartOf":{"@id":"https:\/\/nauticacentelles.cat\/fr\/#website"},"primaryImageOfPage":{"@id":"https:\/\/nauticacentelles.cat\/fr\/produit\/scarani-cruiser-31-2\/#primaryimage"},"image":{"@id":"https:\/\/nauticacentelles.cat\/fr\/produit\/scarani-cruiser-31-2\/#primaryimage"},"thumbnailUrl":"https:\/\/nauticacentelles.cat\/wp-content\/uploads\/2021\/12\/Scarani-Cruiser-31-01.jpg","datePublished":"2022-03-16T12:36:06+00:00","breadcrumb":{"@id":"https:\/\/nauticacentelles.cat\/fr\/produit\/scarani-cruiser-31-2\/#breadcrumb"},"inLanguage":"fr-FR","potentialAction":[{"@type":"ReadAction","target":["https:\/\/nauticacentelles.cat\/fr\/produit\/scarani-cruiser-31-2\/"]}]},{"@type":"ImageObject","inLanguage":"fr-FR","@id":"https:\/\/nauticacentelles.cat\/fr\/produit\/scarani-cruiser-31-2\/#primaryimage","url":"https:\/\/nauticacentelles.cat\/wp-content\/uploads\/2021\/12\/Scarani-Cruiser-31-01.jpg","contentUrl":"https:\/\/nauticacentelles.cat\/wp-content\/uploads\/2021\/12\/Scarani-Cruiser-31-01.jpg","width":913,"height":662,"caption":"Scarani Cruiser 31"},{"@type":"BreadcrumbList","@id":"https:\/\/nauticacentelles.cat\/fr\/produit\/scarani-cruiser-31-2\/#breadcrumb","itemListElement":[{"@type":"ListItem","position":1,"name":"Portada","item":"https:\/\/nauticacentelles.cat\/fr\/"},{"@type":"ListItem","position":2,"name":"La Boutique","item":"https:\/\/nauticacentelles.cat\/fr\/la-boutique\/"},{"@type":"ListItem","position":3,"name":"Scarani Cruiser 31"}]},{"@type":"WebSite","@id":"https:\/\/nauticacentelles.cat\/fr\/#website","url":"https:\/\/nauticacentelles.cat\/fr\/","name":"Nautica Centelles - Servicios de N\u00e1utica","description":"Empresa especializada en todo tipo de servicios n\u00e1uticos, reparaci\u00f3n y mantenimiento de embarcaciones.","publisher":{"@id":"https:\/\/nauticacentelles.cat\/fr\/#organization"},"potentialAction":[{"@type":"SearchAction","target":{"@type":"EntryPoint","urlTemplate":"https:\/\/nauticacentelles.cat\/fr\/?s={search_term_string}"},"query-input":{"@type":"PropertyValueSpecification","valueRequired":true,"valueName":"search_term_string"}}],"inLanguage":"fr-FR"},{"@type":"Organization","@id":"https:\/\/nauticacentelles.cat\/fr\/#organization","name":"Nautica Centelles","url":"https:\/\/nauticacentelles.cat\/fr\/","logo":{"@type":"ImageObject","inLanguage":"fr-FR","@id":"https:\/\/nauticacentelles.cat\/fr\/#\/schema\/logo\/image\/","url":"https:\/\/nauticacentelles.cat\/wp-content\/uploads\/2021\/12\/Logo-Nautica-Centelles-1024x445-1.png","contentUrl":"https:\/\/nauticacentelles.cat\/wp-content\/uploads\/2021\/12\/Logo-Nautica-Centelles-1024x445-1.png","width":1024,"height":445,"caption":"Nautica Centelles"},"image":{"@id":"https:\/\/nauticacentelles.cat\/fr\/#\/schema\/logo\/image\/"}}]}},"brands":[],"_links":{"self":[{"href":"https:\/\/nauticacentelles.cat\/fr\/wp-json\/wp\/v2\/product\/1876","targetHints":{"allow":["GET"]}}],"collection":[{"href":"https:\/\/nauticacentelles.cat\/fr\/wp-json\/wp\/v2\/product"}],"about":[{"href":"https:\/\/nauticacentelles.cat\/fr\/wp-json\/wp\/v2\/types\/product"}],"replies":[{"embeddable":true,"href":"https:\/\/nauticacentelles.cat\/fr\/wp-json\/wp\/v2\/comments?post=1876"}],"wp:featuredmedia":[{"embeddable":true,"href":"https:\/\/nauticacentelles.cat\/fr\/wp-json\/wp\/v2\/media\/1519"}],"wp:attachment":[{"href":"https:\/\/nauticacentelles.cat\/fr\/wp-json\/wp\/v2\/media?parent=1876"}],"wp:term":[{"taxonomy":"pwb-brand","embeddable":true,"href":"https:\/\/nauticacentelles.cat\/fr\/wp-json\/wp\/v2\/pwb-brand?post=1876"},{"taxonomy":"product_brand","embeddable":true,"href":"https:\/\/nauticacentelles.cat\/fr\/wp-json\/wp\/v2\/product_brand?post=1876"},{"taxonomy":"product_cat","embeddable":true,"href":"https:\/\/nauticacentelles.cat\/fr\/wp-json\/wp\/v2\/product_cat?post=1876"},{"taxonomy":"product_tag","embeddable":true,"href":"https:\/\/nauticacentelles.cat\/fr\/wp-json\/wp\/v2\/product_tag?post=1876"}],"curies":[{"name":"wp","href":"https:\/\/api.w.org\/{rel}","templated":true}]}}