{"id":3884,"date":"2024-02-26T12:45:42","date_gmt":"2024-03-01T12:31:38","guid":{"rendered":"https:\/\/nauticacentelles.cat\/producto\/cire-evase-en-polyurethane-100-waterproof-et-coutures-thermoscellees\/"},"modified":"2024-03-07T12:04:19","modified_gmt":"2024-03-07T12:04:19","slug":"cire-evase-en-polyurethane-100-waterproof-et-coutures-thermoscellees","status":"publish","type":"product","link":"https:\/\/nauticacentelles.cat\/fr\/produit\/cire-evase-en-polyurethane-100-waterproof-et-coutures-thermoscellees\/","title":{"rendered":"Cir\u00e9 \u00e9vas\u00e9 en polyur\u00e9thane, 100% waterproof et coutures thermoscell\u00e9es"},"content":{"rendered":"<p>Cir\u00e9 avec coupe \u00e9vas\u00e9e, confectionn\u00e9 en polyur\u00e9thane, 100% imperm\u00e9able.<\/p>\n<p>Disign en forme de A, avec l&rsquo;ourlet arrondi et de petites ouvertures lat\u00e9rales qui facilitent la mobilit\u00e9.<\/p>\n<p>Un style tr\u00e8s \u00e9pur\u00e9 et f\u00e9minin pour un usage quotidien.<\/p>\n<p>Ce mod\u00e8le pr\u00e9sente toutes les coutures thermoscell\u00e9es, des fermetures \u00e9clair \u00e9tanches et une capuche \u00e0 cordon ajustable, munie d&rsquo;une visi\u00e8re qui prot\u00e8ge de la pluie.<\/p>\n<p>La mannequin mesure 1,75m et porte une taille 38.<\/p>\n","protected":false},"excerpt":{"rendered":"<p>Cir\u00e9 avec coupe \u00e9vas\u00e9e, confectionn\u00e9 en polyur\u00e9thane, 100% imperm\u00e9able. Disign en forme de A, avec l&rsquo;ourlet arrondi et de petites ouvertures lat\u00e9rales qui facilitent la mobilit\u00e9. Un style tr\u00e8s \u00e9pur\u00e9 et f\u00e9minin pour un usage quotidien. Ce mod\u00e8le pr\u00e9sente toutes les coutures thermoscell\u00e9es, des fermetures \u00e9clair \u00e9tanches et une capuche \u00e0 cordon ajustable, munie d&rsquo;une [&#8230;]\n","protected":false},"featured_media":3883,"comment_status":"closed","ping_status":"closed","template":"","meta":{"_monsterinsights_skip_tracking":false,"_monsterinsights_sitenote_active":false,"_monsterinsights_sitenote_note":"","_monsterinsights_sitenote_category":0},"pwb-brand":[191],"product_brand":[],"product_cat":[163,158],"product_tag":[],"class_list":{"0":"post-3884","1":"product","2":"type-product","3":"status-publish","4":"has-post-thumbnail","6":"pwb-brand-batela","7":"product_cat-femme","8":"product_cat-vetements","10":"first","11":"instock","12":"shipping-taxable","13":"purchasable","14":"product-type-variable"},"yoast_head":"<!-- This site is optimized with the Yoast SEO plugin v27.2 - https:\/\/yoast.com\/product\/yoast-seo-wordpress\/ -->\n<title>Cir\u00e9 \u00e9vas\u00e9 en polyur\u00e9thane, 100% waterproof et coutures thermoscell\u00e9es - Nautica Centelles - Servicios de N\u00e1utica<\/title>\n<meta name=\"description\" content=\"Cir\u00e9 avec coupe \u00e9vas\u00e9e, confectionn\u00e9 en polyur\u00e9thane, 100% imperm\u00e9able. Un style tr\u00e8s \u00e9pur\u00e9 et f\u00e9minin pour un usage quotidien.\" \/>\n<meta name=\"robots\" content=\"index, follow, max-snippet:-1, max-image-preview:large, max-video-preview:-1\" \/>\n<link rel=\"canonical\" href=\"https:\/\/nauticacentelles.cat\/fr\/produit\/cire-evase-en-polyurethane-100-waterproof-et-coutures-thermoscellees\/\" \/>\n<meta property=\"og:locale\" content=\"fr_FR\" \/>\n<meta property=\"og:type\" content=\"article\" \/>\n<meta property=\"og:title\" content=\"Cir\u00e9 \u00e9vas\u00e9 en polyur\u00e9thane, 100% waterproof et coutures thermoscell\u00e9es - Nautica Centelles - Servicios de N\u00e1utica\" \/>\n<meta property=\"og:description\" content=\"Cir\u00e9 avec coupe \u00e9vas\u00e9e, confectionn\u00e9 en polyur\u00e9thane, 100% imperm\u00e9able. Un style tr\u00e8s \u00e9pur\u00e9 et f\u00e9minin pour un usage quotidien.\" \/>\n<meta property=\"og:url\" content=\"https:\/\/nauticacentelles.cat\/fr\/produit\/cire-evase-en-polyurethane-100-waterproof-et-coutures-thermoscellees\/\" \/>\n<meta property=\"og:site_name\" content=\"Nautica Centelles - Servicios de N\u00e1utica\" \/>\n<meta property=\"article:modified_time\" content=\"2024-03-07T12:04:19+00:00\" \/>\n<meta property=\"og:image\" content=\"https:\/\/nauticacentelles.cat\/wp-content\/uploads\/2024\/02\/08C3092-01.jpg\" \/>\n\t<meta property=\"og:image:width\" content=\"768\" \/>\n\t<meta property=\"og:image:height\" content=\"1151\" \/>\n\t<meta property=\"og:image:type\" content=\"image\/jpeg\" \/>\n<meta name=\"twitter:card\" content=\"summary_large_image\" \/>\n<script type=\"application\/ld+json\" class=\"yoast-schema-graph\">{\"@context\":\"https:\/\/schema.org\",\"@graph\":[{\"@type\":\"WebPage\",\"@id\":\"https:\/\/nauticacentelles.cat\/fr\/produit\/cire-evase-en-polyurethane-100-waterproof-et-coutures-thermoscellees\/\",\"url\":\"https:\/\/nauticacentelles.cat\/fr\/produit\/cire-evase-en-polyurethane-100-waterproof-et-coutures-thermoscellees\/\",\"name\":\"Cir\u00e9 \u00e9vas\u00e9 en polyur\u00e9thane, 100% waterproof et coutures thermoscell\u00e9es - Nautica Centelles - Servicios de N\u00e1utica\",\"isPartOf\":{\"@id\":\"https:\/\/nauticacentelles.cat\/fr\/#website\"},\"primaryImageOfPage\":{\"@id\":\"https:\/\/nauticacentelles.cat\/fr\/produit\/cire-evase-en-polyurethane-100-waterproof-et-coutures-thermoscellees\/#primaryimage\"},\"image\":{\"@id\":\"https:\/\/nauticacentelles.cat\/fr\/produit\/cire-evase-en-polyurethane-100-waterproof-et-coutures-thermoscellees\/#primaryimage\"},\"thumbnailUrl\":\"https:\/\/nauticacentelles.cat\/wp-content\/uploads\/2024\/02\/08C3092-01.jpg\",\"datePublished\":\"2024-03-01T12:31:38+00:00\",\"dateModified\":\"2024-03-07T12:04:19+00:00\",\"description\":\"Cir\u00e9 avec coupe \u00e9vas\u00e9e, confectionn\u00e9 en polyur\u00e9thane, 100% imperm\u00e9able. Un style tr\u00e8s \u00e9pur\u00e9 et f\u00e9minin pour un usage quotidien.\",\"breadcrumb\":{\"@id\":\"https:\/\/nauticacentelles.cat\/fr\/produit\/cire-evase-en-polyurethane-100-waterproof-et-coutures-thermoscellees\/#breadcrumb\"},\"inLanguage\":\"fr-FR\",\"potentialAction\":[{\"@type\":\"ReadAction\",\"target\":[\"https:\/\/nauticacentelles.cat\/fr\/produit\/cire-evase-en-polyurethane-100-waterproof-et-coutures-thermoscellees\/\"]}]},{\"@type\":\"ImageObject\",\"inLanguage\":\"fr-FR\",\"@id\":\"https:\/\/nauticacentelles.cat\/fr\/produit\/cire-evase-en-polyurethane-100-waterproof-et-coutures-thermoscellees\/#primaryimage\",\"url\":\"https:\/\/nauticacentelles.cat\/wp-content\/uploads\/2024\/02\/08C3092-01.jpg\",\"contentUrl\":\"https:\/\/nauticacentelles.cat\/wp-content\/uploads\/2024\/02\/08C3092-01.jpg\",\"width\":768,\"height\":1151,\"caption\":\"Chubasquero 100% impermeable y costuras termoselladas\"},{\"@type\":\"BreadcrumbList\",\"@id\":\"https:\/\/nauticacentelles.cat\/fr\/produit\/cire-evase-en-polyurethane-100-waterproof-et-coutures-thermoscellees\/#breadcrumb\",\"itemListElement\":[{\"@type\":\"ListItem\",\"position\":1,\"name\":\"Portada\",\"item\":\"https:\/\/nauticacentelles.cat\/fr\/\"},{\"@type\":\"ListItem\",\"position\":2,\"name\":\"La Boutique\",\"item\":\"https:\/\/nauticacentelles.cat\/fr\/la-boutique\/\"},{\"@type\":\"ListItem\",\"position\":3,\"name\":\"Cir\u00e9 \u00e9vas\u00e9 en polyur\u00e9thane, 100% waterproof et coutures thermoscell\u00e9es\"}]},{\"@type\":\"WebSite\",\"@id\":\"https:\/\/nauticacentelles.cat\/fr\/#website\",\"url\":\"https:\/\/nauticacentelles.cat\/fr\/\",\"name\":\"Nautica Centelles - Servicios de N\u00e1utica\",\"description\":\"Empresa especializada en todo tipo de servicios n\u00e1uticos, reparaci\u00f3n y mantenimiento de embarcaciones.\",\"publisher\":{\"@id\":\"https:\/\/nauticacentelles.cat\/fr\/#organization\"},\"potentialAction\":[{\"@type\":\"SearchAction\",\"target\":{\"@type\":\"EntryPoint\",\"urlTemplate\":\"https:\/\/nauticacentelles.cat\/fr\/?s={search_term_string}\"},\"query-input\":{\"@type\":\"PropertyValueSpecification\",\"valueRequired\":true,\"valueName\":\"search_term_string\"}}],\"inLanguage\":\"fr-FR\"},{\"@type\":\"Organization\",\"@id\":\"https:\/\/nauticacentelles.cat\/fr\/#organization\",\"name\":\"Nautica Centelles\",\"url\":\"https:\/\/nauticacentelles.cat\/fr\/\",\"logo\":{\"@type\":\"ImageObject\",\"inLanguage\":\"fr-FR\",\"@id\":\"https:\/\/nauticacentelles.cat\/fr\/#\/schema\/logo\/image\/\",\"url\":\"https:\/\/nauticacentelles.cat\/wp-content\/uploads\/2021\/12\/Logo-Nautica-Centelles-1024x445-1.png\",\"contentUrl\":\"https:\/\/nauticacentelles.cat\/wp-content\/uploads\/2021\/12\/Logo-Nautica-Centelles-1024x445-1.png\",\"width\":1024,\"height\":445,\"caption\":\"Nautica Centelles\"},\"image\":{\"@id\":\"https:\/\/nauticacentelles.cat\/fr\/#\/schema\/logo\/image\/\"}}]}<\/script>\n<!-- \/ Yoast SEO plugin. -->","yoast_head_json":{"title":"Cir\u00e9 \u00e9vas\u00e9 en polyur\u00e9thane, 100% waterproof et coutures thermoscell\u00e9es - Nautica Centelles - Servicios de N\u00e1utica","description":"Cir\u00e9 avec coupe \u00e9vas\u00e9e, confectionn\u00e9 en polyur\u00e9thane, 100% imperm\u00e9able. Un style tr\u00e8s \u00e9pur\u00e9 et f\u00e9minin pour un usage quotidien.","robots":{"index":"index","follow":"follow","max-snippet":"max-snippet:-1","max-image-preview":"max-image-preview:large","max-video-preview":"max-video-preview:-1"},"canonical":"https:\/\/nauticacentelles.cat\/fr\/produit\/cire-evase-en-polyurethane-100-waterproof-et-coutures-thermoscellees\/","og_locale":"fr_FR","og_type":"article","og_title":"Cir\u00e9 \u00e9vas\u00e9 en polyur\u00e9thane, 100% waterproof et coutures thermoscell\u00e9es - Nautica Centelles - Servicios de N\u00e1utica","og_description":"Cir\u00e9 avec coupe \u00e9vas\u00e9e, confectionn\u00e9 en polyur\u00e9thane, 100% imperm\u00e9able. Un style tr\u00e8s \u00e9pur\u00e9 et f\u00e9minin pour un usage quotidien.","og_url":"https:\/\/nauticacentelles.cat\/fr\/produit\/cire-evase-en-polyurethane-100-waterproof-et-coutures-thermoscellees\/","og_site_name":"Nautica Centelles - Servicios de N\u00e1utica","article_modified_time":"2024-03-07T12:04:19+00:00","og_image":[{"width":768,"height":1151,"url":"https:\/\/nauticacentelles.cat\/wp-content\/uploads\/2024\/02\/08C3092-01.jpg","type":"image\/jpeg"}],"twitter_card":"summary_large_image","schema":{"@context":"https:\/\/schema.org","@graph":[{"@type":"WebPage","@id":"https:\/\/nauticacentelles.cat\/fr\/produit\/cire-evase-en-polyurethane-100-waterproof-et-coutures-thermoscellees\/","url":"https:\/\/nauticacentelles.cat\/fr\/produit\/cire-evase-en-polyurethane-100-waterproof-et-coutures-thermoscellees\/","name":"Cir\u00e9 \u00e9vas\u00e9 en polyur\u00e9thane, 100% waterproof et coutures thermoscell\u00e9es - Nautica Centelles - Servicios de N\u00e1utica","isPartOf":{"@id":"https:\/\/nauticacentelles.cat\/fr\/#website"},"primaryImageOfPage":{"@id":"https:\/\/nauticacentelles.cat\/fr\/produit\/cire-evase-en-polyurethane-100-waterproof-et-coutures-thermoscellees\/#primaryimage"},"image":{"@id":"https:\/\/nauticacentelles.cat\/fr\/produit\/cire-evase-en-polyurethane-100-waterproof-et-coutures-thermoscellees\/#primaryimage"},"thumbnailUrl":"https:\/\/nauticacentelles.cat\/wp-content\/uploads\/2024\/02\/08C3092-01.jpg","datePublished":"2024-03-01T12:31:38+00:00","dateModified":"2024-03-07T12:04:19+00:00","description":"Cir\u00e9 avec coupe \u00e9vas\u00e9e, confectionn\u00e9 en polyur\u00e9thane, 100% imperm\u00e9able. Un style tr\u00e8s \u00e9pur\u00e9 et f\u00e9minin pour un usage quotidien.","breadcrumb":{"@id":"https:\/\/nauticacentelles.cat\/fr\/produit\/cire-evase-en-polyurethane-100-waterproof-et-coutures-thermoscellees\/#breadcrumb"},"inLanguage":"fr-FR","potentialAction":[{"@type":"ReadAction","target":["https:\/\/nauticacentelles.cat\/fr\/produit\/cire-evase-en-polyurethane-100-waterproof-et-coutures-thermoscellees\/"]}]},{"@type":"ImageObject","inLanguage":"fr-FR","@id":"https:\/\/nauticacentelles.cat\/fr\/produit\/cire-evase-en-polyurethane-100-waterproof-et-coutures-thermoscellees\/#primaryimage","url":"https:\/\/nauticacentelles.cat\/wp-content\/uploads\/2024\/02\/08C3092-01.jpg","contentUrl":"https:\/\/nauticacentelles.cat\/wp-content\/uploads\/2024\/02\/08C3092-01.jpg","width":768,"height":1151,"caption":"Chubasquero 100% impermeable y costuras termoselladas"},{"@type":"BreadcrumbList","@id":"https:\/\/nauticacentelles.cat\/fr\/produit\/cire-evase-en-polyurethane-100-waterproof-et-coutures-thermoscellees\/#breadcrumb","itemListElement":[{"@type":"ListItem","position":1,"name":"Portada","item":"https:\/\/nauticacentelles.cat\/fr\/"},{"@type":"ListItem","position":2,"name":"La Boutique","item":"https:\/\/nauticacentelles.cat\/fr\/la-boutique\/"},{"@type":"ListItem","position":3,"name":"Cir\u00e9 \u00e9vas\u00e9 en polyur\u00e9thane, 100% waterproof et coutures thermoscell\u00e9es"}]},{"@type":"WebSite","@id":"https:\/\/nauticacentelles.cat\/fr\/#website","url":"https:\/\/nauticacentelles.cat\/fr\/","name":"Nautica Centelles - Servicios de N\u00e1utica","description":"Empresa especializada en todo tipo de servicios n\u00e1uticos, reparaci\u00f3n y mantenimiento de embarcaciones.","publisher":{"@id":"https:\/\/nauticacentelles.cat\/fr\/#organization"},"potentialAction":[{"@type":"SearchAction","target":{"@type":"EntryPoint","urlTemplate":"https:\/\/nauticacentelles.cat\/fr\/?s={search_term_string}"},"query-input":{"@type":"PropertyValueSpecification","valueRequired":true,"valueName":"search_term_string"}}],"inLanguage":"fr-FR"},{"@type":"Organization","@id":"https:\/\/nauticacentelles.cat\/fr\/#organization","name":"Nautica Centelles","url":"https:\/\/nauticacentelles.cat\/fr\/","logo":{"@type":"ImageObject","inLanguage":"fr-FR","@id":"https:\/\/nauticacentelles.cat\/fr\/#\/schema\/logo\/image\/","url":"https:\/\/nauticacentelles.cat\/wp-content\/uploads\/2021\/12\/Logo-Nautica-Centelles-1024x445-1.png","contentUrl":"https:\/\/nauticacentelles.cat\/wp-content\/uploads\/2021\/12\/Logo-Nautica-Centelles-1024x445-1.png","width":1024,"height":445,"caption":"Nautica Centelles"},"image":{"@id":"https:\/\/nauticacentelles.cat\/fr\/#\/schema\/logo\/image\/"}}]}},"brands":[{"id":191,"name":"Batela","slug":"batela"}],"_links":{"self":[{"href":"https:\/\/nauticacentelles.cat\/fr\/wp-json\/wp\/v2\/product\/3884","targetHints":{"allow":["GET"]}}],"collection":[{"href":"https:\/\/nauticacentelles.cat\/fr\/wp-json\/wp\/v2\/product"}],"about":[{"href":"https:\/\/nauticacentelles.cat\/fr\/wp-json\/wp\/v2\/types\/product"}],"replies":[{"embeddable":true,"href":"https:\/\/nauticacentelles.cat\/fr\/wp-json\/wp\/v2\/comments?post=3884"}],"wp:featuredmedia":[{"embeddable":true,"href":"https:\/\/nauticacentelles.cat\/fr\/wp-json\/wp\/v2\/media\/3883"}],"wp:attachment":[{"href":"https:\/\/nauticacentelles.cat\/fr\/wp-json\/wp\/v2\/media?parent=3884"}],"wp:term":[{"taxonomy":"pwb-brand","embeddable":true,"href":"https:\/\/nauticacentelles.cat\/fr\/wp-json\/wp\/v2\/pwb-brand?post=3884"},{"taxonomy":"product_brand","embeddable":true,"href":"https:\/\/nauticacentelles.cat\/fr\/wp-json\/wp\/v2\/product_brand?post=3884"},{"taxonomy":"product_cat","embeddable":true,"href":"https:\/\/nauticacentelles.cat\/fr\/wp-json\/wp\/v2\/product_cat?post=3884"},{"taxonomy":"product_tag","embeddable":true,"href":"https:\/\/nauticacentelles.cat\/fr\/wp-json\/wp\/v2\/product_tag?post=3884"}],"curies":[{"name":"wp","href":"https:\/\/api.w.org\/{rel}","templated":true}]}}