{"id":3977,"date":"2024-03-07T12:28:06","date_gmt":"2024-03-07T12:35:59","guid":{"rendered":"https:\/\/nauticacentelles.cat\/producto\/bebe-marin-cire\/"},"modified":"2024-03-07T12:48:36","modified_gmt":"2024-03-07T12:48:36","slug":"bebe-marin-cire","status":"publish","type":"product","link":"https:\/\/nauticacentelles.cat\/fr\/produit\/bebe-marin-cire\/","title":{"rendered":"B\u00e9b\u00e9 marin Cir\u00e9 &#8211; 2 couleurs"},"content":{"rendered":"<p>Cir\u00e9 de b\u00e9b\u00e9 marin avec ourlet asym\u00e9trique. Deux poches \u00e0 rabat sur le devant. Une ancre et une mouette sont s\u00e9rigraphi\u00e9es au dos. <\/p>\n<p>12 MOIS<br \/>\n18 MOIS<br \/>\n24 MOIS<br \/>\n36 MOIS<\/p>\n<p>EXT\u00c9RIEUR : 100 % POLYUR\u00c9THANE<br \/>\nINT\u00c9RIEUR : 100 % COTON<\/p>\n","protected":false},"excerpt":{"rendered":"<p>2 couleurs, rouge et bleu.<\/p>\n","protected":false},"featured_media":3963,"comment_status":"open","ping_status":"closed","template":"","meta":{"_monsterinsights_skip_tracking":false,"_monsterinsights_sitenote_active":false,"_monsterinsights_sitenote_note":"","_monsterinsights_sitenote_category":0},"pwb-brand":[191],"product_brand":[],"product_cat":[160,158],"product_tag":[243,244,245],"class_list":{"0":"post-3977","1":"product","2":"type-product","3":"status-publish","4":"has-post-thumbnail","6":"pwb-brand-batela","7":"product_cat-bebe-fr","8":"product_cat-vetements","9":"product_tag-bebe-marin-cire","10":"product_tag-bebe-marin-cire-fr","11":"product_tag-vetements-de-bebe","13":"first","14":"instock","15":"shipping-taxable","16":"purchasable","17":"product-type-variable"},"yoast_head":"<!-- This site is optimized with the Yoast SEO plugin v27.2 - https:\/\/yoast.com\/product\/yoast-seo-wordpress\/ -->\n<title>B\u00e9b\u00e9 marin Cir\u00e9<\/title>\n<meta name=\"description\" content=\"Cir\u00e9 de b\u00e9b\u00e9 marin avec ourlet asym\u00e9trique. Deux poches \u00e0 rabat sur le devant. Une ancre et une mouette sont s\u00e9rigraphi\u00e9es au dos.\" \/>\n<meta name=\"robots\" content=\"index, follow, max-snippet:-1, max-image-preview:large, max-video-preview:-1\" \/>\n<link rel=\"canonical\" href=\"https:\/\/nauticacentelles.cat\/fr\/produit\/bebe-marin-cire\/\" \/>\n<meta property=\"og:locale\" content=\"fr_FR\" \/>\n<meta property=\"og:type\" content=\"article\" \/>\n<meta property=\"og:title\" content=\"B\u00e9b\u00e9 marin Cir\u00e9\" \/>\n<meta property=\"og:description\" content=\"Cir\u00e9 de b\u00e9b\u00e9 marin avec ourlet asym\u00e9trique. Deux poches \u00e0 rabat sur le devant. Une ancre et une mouette sont s\u00e9rigraphi\u00e9es au dos.\" \/>\n<meta property=\"og:url\" content=\"https:\/\/nauticacentelles.cat\/fr\/produit\/bebe-marin-cire\/\" \/>\n<meta property=\"og:site_name\" content=\"Nautica Centelles - Servicios de N\u00e1utica\" \/>\n<meta property=\"article:modified_time\" content=\"2024-03-07T12:48:36+00:00\" \/>\n<meta property=\"og:image\" content=\"https:\/\/nauticacentelles.cat\/wp-content\/uploads\/2024\/03\/08C3122-02.jpg\" \/>\n\t<meta property=\"og:image:width\" content=\"768\" \/>\n\t<meta property=\"og:image:height\" content=\"834\" \/>\n\t<meta property=\"og:image:type\" content=\"image\/jpeg\" \/>\n<meta name=\"twitter:card\" content=\"summary_large_image\" \/>\n<script type=\"application\/ld+json\" class=\"yoast-schema-graph\">{\"@context\":\"https:\/\/schema.org\",\"@graph\":[{\"@type\":\"WebPage\",\"@id\":\"https:\/\/nauticacentelles.cat\/fr\/produit\/bebe-marin-cire\/\",\"url\":\"https:\/\/nauticacentelles.cat\/fr\/produit\/bebe-marin-cire\/\",\"name\":\"B\u00e9b\u00e9 marin Cir\u00e9\",\"isPartOf\":{\"@id\":\"https:\/\/nauticacentelles.cat\/fr\/#website\"},\"primaryImageOfPage\":{\"@id\":\"https:\/\/nauticacentelles.cat\/fr\/produit\/bebe-marin-cire\/#primaryimage\"},\"image\":{\"@id\":\"https:\/\/nauticacentelles.cat\/fr\/produit\/bebe-marin-cire\/#primaryimage\"},\"thumbnailUrl\":\"https:\/\/nauticacentelles.cat\/wp-content\/uploads\/2024\/03\/08C3122-02.jpg\",\"datePublished\":\"2024-03-07T12:35:59+00:00\",\"dateModified\":\"2024-03-07T12:48:36+00:00\",\"description\":\"Cir\u00e9 de b\u00e9b\u00e9 marin avec ourlet asym\u00e9trique. Deux poches \u00e0 rabat sur le devant. Une ancre et une mouette sont s\u00e9rigraphi\u00e9es au dos.\",\"breadcrumb\":{\"@id\":\"https:\/\/nauticacentelles.cat\/fr\/produit\/bebe-marin-cire\/#breadcrumb\"},\"inLanguage\":\"fr-FR\",\"potentialAction\":[{\"@type\":\"ReadAction\",\"target\":[\"https:\/\/nauticacentelles.cat\/fr\/produit\/bebe-marin-cire\/\"]}]},{\"@type\":\"ImageObject\",\"inLanguage\":\"fr-FR\",\"@id\":\"https:\/\/nauticacentelles.cat\/fr\/produit\/bebe-marin-cire\/#primaryimage\",\"url\":\"https:\/\/nauticacentelles.cat\/wp-content\/uploads\/2024\/03\/08C3122-02.jpg\",\"contentUrl\":\"https:\/\/nauticacentelles.cat\/wp-content\/uploads\/2024\/03\/08C3122-02.jpg\",\"width\":768,\"height\":834,\"caption\":\"Chubasquero con forro interior de algod\u00f3n a rayas\"},{\"@type\":\"BreadcrumbList\",\"@id\":\"https:\/\/nauticacentelles.cat\/fr\/produit\/bebe-marin-cire\/#breadcrumb\",\"itemListElement\":[{\"@type\":\"ListItem\",\"position\":1,\"name\":\"Portada\",\"item\":\"https:\/\/nauticacentelles.cat\/fr\/\"},{\"@type\":\"ListItem\",\"position\":2,\"name\":\"La Boutique\",\"item\":\"https:\/\/nauticacentelles.cat\/fr\/la-boutique\/\"},{\"@type\":\"ListItem\",\"position\":3,\"name\":\"B\u00e9b\u00e9 marin Cir\u00e9 &#8211; 2 couleurs\"}]},{\"@type\":\"WebSite\",\"@id\":\"https:\/\/nauticacentelles.cat\/fr\/#website\",\"url\":\"https:\/\/nauticacentelles.cat\/fr\/\",\"name\":\"Nautica Centelles - Servicios de N\u00e1utica\",\"description\":\"Empresa especializada en todo tipo de servicios n\u00e1uticos, reparaci\u00f3n y mantenimiento de embarcaciones.\",\"publisher\":{\"@id\":\"https:\/\/nauticacentelles.cat\/fr\/#organization\"},\"potentialAction\":[{\"@type\":\"SearchAction\",\"target\":{\"@type\":\"EntryPoint\",\"urlTemplate\":\"https:\/\/nauticacentelles.cat\/fr\/?s={search_term_string}\"},\"query-input\":{\"@type\":\"PropertyValueSpecification\",\"valueRequired\":true,\"valueName\":\"search_term_string\"}}],\"inLanguage\":\"fr-FR\"},{\"@type\":\"Organization\",\"@id\":\"https:\/\/nauticacentelles.cat\/fr\/#organization\",\"name\":\"Nautica Centelles\",\"url\":\"https:\/\/nauticacentelles.cat\/fr\/\",\"logo\":{\"@type\":\"ImageObject\",\"inLanguage\":\"fr-FR\",\"@id\":\"https:\/\/nauticacentelles.cat\/fr\/#\/schema\/logo\/image\/\",\"url\":\"https:\/\/nauticacentelles.cat\/wp-content\/uploads\/2021\/12\/Logo-Nautica-Centelles-1024x445-1.png\",\"contentUrl\":\"https:\/\/nauticacentelles.cat\/wp-content\/uploads\/2021\/12\/Logo-Nautica-Centelles-1024x445-1.png\",\"width\":1024,\"height\":445,\"caption\":\"Nautica Centelles\"},\"image\":{\"@id\":\"https:\/\/nauticacentelles.cat\/fr\/#\/schema\/logo\/image\/\"}}]}<\/script>\n<!-- \/ Yoast SEO plugin. -->","yoast_head_json":{"title":"B\u00e9b\u00e9 marin Cir\u00e9","description":"Cir\u00e9 de b\u00e9b\u00e9 marin avec ourlet asym\u00e9trique. Deux poches \u00e0 rabat sur le devant. Une ancre et une mouette sont s\u00e9rigraphi\u00e9es au dos.","robots":{"index":"index","follow":"follow","max-snippet":"max-snippet:-1","max-image-preview":"max-image-preview:large","max-video-preview":"max-video-preview:-1"},"canonical":"https:\/\/nauticacentelles.cat\/fr\/produit\/bebe-marin-cire\/","og_locale":"fr_FR","og_type":"article","og_title":"B\u00e9b\u00e9 marin Cir\u00e9","og_description":"Cir\u00e9 de b\u00e9b\u00e9 marin avec ourlet asym\u00e9trique. Deux poches \u00e0 rabat sur le devant. Une ancre et une mouette sont s\u00e9rigraphi\u00e9es au dos.","og_url":"https:\/\/nauticacentelles.cat\/fr\/produit\/bebe-marin-cire\/","og_site_name":"Nautica Centelles - Servicios de N\u00e1utica","article_modified_time":"2024-03-07T12:48:36+00:00","og_image":[{"width":768,"height":834,"url":"https:\/\/nauticacentelles.cat\/wp-content\/uploads\/2024\/03\/08C3122-02.jpg","type":"image\/jpeg"}],"twitter_card":"summary_large_image","schema":{"@context":"https:\/\/schema.org","@graph":[{"@type":"WebPage","@id":"https:\/\/nauticacentelles.cat\/fr\/produit\/bebe-marin-cire\/","url":"https:\/\/nauticacentelles.cat\/fr\/produit\/bebe-marin-cire\/","name":"B\u00e9b\u00e9 marin Cir\u00e9","isPartOf":{"@id":"https:\/\/nauticacentelles.cat\/fr\/#website"},"primaryImageOfPage":{"@id":"https:\/\/nauticacentelles.cat\/fr\/produit\/bebe-marin-cire\/#primaryimage"},"image":{"@id":"https:\/\/nauticacentelles.cat\/fr\/produit\/bebe-marin-cire\/#primaryimage"},"thumbnailUrl":"https:\/\/nauticacentelles.cat\/wp-content\/uploads\/2024\/03\/08C3122-02.jpg","datePublished":"2024-03-07T12:35:59+00:00","dateModified":"2024-03-07T12:48:36+00:00","description":"Cir\u00e9 de b\u00e9b\u00e9 marin avec ourlet asym\u00e9trique. Deux poches \u00e0 rabat sur le devant. Une ancre et une mouette sont s\u00e9rigraphi\u00e9es au dos.","breadcrumb":{"@id":"https:\/\/nauticacentelles.cat\/fr\/produit\/bebe-marin-cire\/#breadcrumb"},"inLanguage":"fr-FR","potentialAction":[{"@type":"ReadAction","target":["https:\/\/nauticacentelles.cat\/fr\/produit\/bebe-marin-cire\/"]}]},{"@type":"ImageObject","inLanguage":"fr-FR","@id":"https:\/\/nauticacentelles.cat\/fr\/produit\/bebe-marin-cire\/#primaryimage","url":"https:\/\/nauticacentelles.cat\/wp-content\/uploads\/2024\/03\/08C3122-02.jpg","contentUrl":"https:\/\/nauticacentelles.cat\/wp-content\/uploads\/2024\/03\/08C3122-02.jpg","width":768,"height":834,"caption":"Chubasquero con forro interior de algod\u00f3n a rayas"},{"@type":"BreadcrumbList","@id":"https:\/\/nauticacentelles.cat\/fr\/produit\/bebe-marin-cire\/#breadcrumb","itemListElement":[{"@type":"ListItem","position":1,"name":"Portada","item":"https:\/\/nauticacentelles.cat\/fr\/"},{"@type":"ListItem","position":2,"name":"La Boutique","item":"https:\/\/nauticacentelles.cat\/fr\/la-boutique\/"},{"@type":"ListItem","position":3,"name":"B\u00e9b\u00e9 marin Cir\u00e9 &#8211; 2 couleurs"}]},{"@type":"WebSite","@id":"https:\/\/nauticacentelles.cat\/fr\/#website","url":"https:\/\/nauticacentelles.cat\/fr\/","name":"Nautica Centelles - Servicios de N\u00e1utica","description":"Empresa especializada en todo tipo de servicios n\u00e1uticos, reparaci\u00f3n y mantenimiento de embarcaciones.","publisher":{"@id":"https:\/\/nauticacentelles.cat\/fr\/#organization"},"potentialAction":[{"@type":"SearchAction","target":{"@type":"EntryPoint","urlTemplate":"https:\/\/nauticacentelles.cat\/fr\/?s={search_term_string}"},"query-input":{"@type":"PropertyValueSpecification","valueRequired":true,"valueName":"search_term_string"}}],"inLanguage":"fr-FR"},{"@type":"Organization","@id":"https:\/\/nauticacentelles.cat\/fr\/#organization","name":"Nautica Centelles","url":"https:\/\/nauticacentelles.cat\/fr\/","logo":{"@type":"ImageObject","inLanguage":"fr-FR","@id":"https:\/\/nauticacentelles.cat\/fr\/#\/schema\/logo\/image\/","url":"https:\/\/nauticacentelles.cat\/wp-content\/uploads\/2021\/12\/Logo-Nautica-Centelles-1024x445-1.png","contentUrl":"https:\/\/nauticacentelles.cat\/wp-content\/uploads\/2021\/12\/Logo-Nautica-Centelles-1024x445-1.png","width":1024,"height":445,"caption":"Nautica Centelles"},"image":{"@id":"https:\/\/nauticacentelles.cat\/fr\/#\/schema\/logo\/image\/"}}]}},"brands":[{"id":191,"name":"Batela","slug":"batela"}],"_links":{"self":[{"href":"https:\/\/nauticacentelles.cat\/fr\/wp-json\/wp\/v2\/product\/3977","targetHints":{"allow":["GET"]}}],"collection":[{"href":"https:\/\/nauticacentelles.cat\/fr\/wp-json\/wp\/v2\/product"}],"about":[{"href":"https:\/\/nauticacentelles.cat\/fr\/wp-json\/wp\/v2\/types\/product"}],"replies":[{"embeddable":true,"href":"https:\/\/nauticacentelles.cat\/fr\/wp-json\/wp\/v2\/comments?post=3977"}],"wp:featuredmedia":[{"embeddable":true,"href":"https:\/\/nauticacentelles.cat\/fr\/wp-json\/wp\/v2\/media\/3963"}],"wp:attachment":[{"href":"https:\/\/nauticacentelles.cat\/fr\/wp-json\/wp\/v2\/media?parent=3977"}],"wp:term":[{"taxonomy":"pwb-brand","embeddable":true,"href":"https:\/\/nauticacentelles.cat\/fr\/wp-json\/wp\/v2\/pwb-brand?post=3977"},{"taxonomy":"product_brand","embeddable":true,"href":"https:\/\/nauticacentelles.cat\/fr\/wp-json\/wp\/v2\/product_brand?post=3977"},{"taxonomy":"product_cat","embeddable":true,"href":"https:\/\/nauticacentelles.cat\/fr\/wp-json\/wp\/v2\/product_cat?post=3977"},{"taxonomy":"product_tag","embeddable":true,"href":"https:\/\/nauticacentelles.cat\/fr\/wp-json\/wp\/v2\/product_tag?post=3977"}],"curies":[{"name":"wp","href":"https:\/\/api.w.org\/{rel}","templated":true}]}}