{"id":5235,"date":"2024-11-19T14:54:15","date_gmt":"2024-11-20T10:35:27","guid":{"rendered":"https:\/\/nauticacentelles.cat\/producto\/bikini-vert-avec-armatures\/"},"modified":"2024-11-20T10:36:09","modified_gmt":"2024-11-20T10:36:09","slug":"bikini-vert-avec-armatures","status":"publish","type":"product","link":"https:\/\/nauticacentelles.cat\/fr\/produit\/bikini-vert-avec-armatures\/","title":{"rendered":"Bikini vert avec armatures"},"content":{"rendered":"<p>Bas de bikini \u00e0 armatures sans rembourrage pour un soutien ferme et confortable.<\/p>\n<p>Bikini \u00e0 armatures &#8211; Culotte bikini maxi.<br \/>\nBretelles r\u00e9glables.<br \/>\nImprim\u00e9 jungle.<br \/>\nTissu \u00e9cologique au toucher frais et l\u00e9ger.<br \/>\nEnti\u00e8rement doubl\u00e9.<br \/>\nS\u00e9chage rapide.<br \/>\nProtection UPF+50.<br \/>\nHaute r\u00e9sistance au chlore.<br \/>\nAnti-peluchage.<br \/>\nFabriqu\u00e9 en Espagne.<\/p>\n","protected":false},"excerpt":{"rendered":"<p>D\u00e9finissez votre silhouette avec notre bikini Docor, con\u00e7u pour mettre en valeur votre beaut\u00e9 naturelle ! Avec des armatures non rembourr\u00e9es qui offrent un soutien exceptionnel \u00e0 votre poitrine, ce bikini assure confort et style. <\/p>\n","protected":false},"featured_media":5167,"comment_status":"closed","ping_status":"closed","template":"","meta":{"_monsterinsights_skip_tracking":false,"_monsterinsights_sitenote_active":false,"_monsterinsights_sitenote_note":"","_monsterinsights_sitenote_category":0},"pwb-brand":[291],"product_brand":[],"product_cat":[312,163,311,158],"product_tag":[319],"class_list":{"0":"post-5235","1":"product","2":"type-product","3":"status-publish","4":"has-post-thumbnail","6":"pwb-brand-docor","7":"product_cat-bikini-fr","8":"product_cat-femme","9":"product_cat-maillots-de-bain","10":"product_cat-vetements","11":"product_tag-maillot","13":"first","14":"instock","15":"sale","16":"shipping-taxable","17":"purchasable","18":"product-type-variable"},"yoast_head":"<!-- This site is optimized with the Yoast SEO plugin v27.2 - https:\/\/yoast.com\/product\/yoast-seo-wordpress\/ -->\n<title>Bikini vert avec armatures - Nautica Centelles - Servicios de N\u00e1utica<\/title>\n<meta name=\"description\" content=\"Bikini vert avec armatures non rembourr\u00e9es qui offrent un soutien exceptionnel \u00e0 votre poitrine, ce bikini assure confort et style.\" \/>\n<meta name=\"robots\" content=\"index, follow, max-snippet:-1, max-image-preview:large, max-video-preview:-1\" \/>\n<link rel=\"canonical\" href=\"https:\/\/nauticacentelles.cat\/fr\/produit\/bikini-vert-avec-armatures\/\" \/>\n<meta property=\"og:locale\" content=\"fr_FR\" \/>\n<meta property=\"og:type\" content=\"article\" \/>\n<meta property=\"og:title\" content=\"Bikini vert avec armatures - Nautica Centelles - Servicios de N\u00e1utica\" \/>\n<meta property=\"og:description\" content=\"Bikini vert avec armatures non rembourr\u00e9es qui offrent un soutien exceptionnel \u00e0 votre poitrine, ce bikini assure confort et style.\" \/>\n<meta property=\"og:url\" content=\"https:\/\/nauticacentelles.cat\/fr\/produit\/bikini-vert-avec-armatures\/\" \/>\n<meta property=\"og:site_name\" content=\"Nautica Centelles - Servicios de N\u00e1utica\" \/>\n<meta property=\"article:modified_time\" content=\"2024-11-20T10:36:09+00:00\" \/>\n<meta property=\"og:image\" content=\"https:\/\/nauticacentelles.cat\/wp-content\/uploads\/2024\/11\/docor-bikini-braga-alta-copa-d-426-1002d-3.jpg\" \/>\n\t<meta property=\"og:image:width\" content=\"452\" \/>\n\t<meta property=\"og:image:height\" content=\"452\" \/>\n\t<meta property=\"og:image:type\" content=\"image\/jpeg\" \/>\n<meta name=\"twitter:card\" content=\"summary_large_image\" \/>\n<script type=\"application\/ld+json\" class=\"yoast-schema-graph\">{\"@context\":\"https:\/\/schema.org\",\"@graph\":[{\"@type\":\"WebPage\",\"@id\":\"https:\/\/nauticacentelles.cat\/fr\/produit\/bikini-vert-avec-armatures\/\",\"url\":\"https:\/\/nauticacentelles.cat\/fr\/produit\/bikini-vert-avec-armatures\/\",\"name\":\"Bikini vert avec armatures - Nautica Centelles - Servicios de N\u00e1utica\",\"isPartOf\":{\"@id\":\"https:\/\/nauticacentelles.cat\/fr\/#website\"},\"primaryImageOfPage\":{\"@id\":\"https:\/\/nauticacentelles.cat\/fr\/produit\/bikini-vert-avec-armatures\/#primaryimage\"},\"image\":{\"@id\":\"https:\/\/nauticacentelles.cat\/fr\/produit\/bikini-vert-avec-armatures\/#primaryimage\"},\"thumbnailUrl\":\"https:\/\/nauticacentelles.cat\/wp-content\/uploads\/2024\/11\/docor-bikini-braga-alta-copa-d-426-1002d-3.jpg\",\"datePublished\":\"2024-11-20T10:35:27+00:00\",\"dateModified\":\"2024-11-20T10:36:09+00:00\",\"description\":\"Bikini vert avec armatures non rembourr\u00e9es qui offrent un soutien exceptionnel \u00e0 votre poitrine, ce bikini assure confort et style.\",\"breadcrumb\":{\"@id\":\"https:\/\/nauticacentelles.cat\/fr\/produit\/bikini-vert-avec-armatures\/#breadcrumb\"},\"inLanguage\":\"fr-FR\",\"potentialAction\":[{\"@type\":\"ReadAction\",\"target\":[\"https:\/\/nauticacentelles.cat\/fr\/produit\/bikini-vert-avec-armatures\/\"]}]},{\"@type\":\"ImageObject\",\"inLanguage\":\"fr-FR\",\"@id\":\"https:\/\/nauticacentelles.cat\/fr\/produit\/bikini-vert-avec-armatures\/#primaryimage\",\"url\":\"https:\/\/nauticacentelles.cat\/wp-content\/uploads\/2024\/11\/docor-bikini-braga-alta-copa-d-426-1002d-3.jpg\",\"contentUrl\":\"https:\/\/nauticacentelles.cat\/wp-content\/uploads\/2024\/11\/docor-bikini-braga-alta-copa-d-426-1002d-3.jpg\",\"width\":452,\"height\":452},{\"@type\":\"BreadcrumbList\",\"@id\":\"https:\/\/nauticacentelles.cat\/fr\/produit\/bikini-vert-avec-armatures\/#breadcrumb\",\"itemListElement\":[{\"@type\":\"ListItem\",\"position\":1,\"name\":\"Portada\",\"item\":\"https:\/\/nauticacentelles.cat\/fr\/\"},{\"@type\":\"ListItem\",\"position\":2,\"name\":\"La Boutique\",\"item\":\"https:\/\/nauticacentelles.cat\/fr\/la-boutique\/\"},{\"@type\":\"ListItem\",\"position\":3,\"name\":\"Bikini vert avec armatures\"}]},{\"@type\":\"WebSite\",\"@id\":\"https:\/\/nauticacentelles.cat\/fr\/#website\",\"url\":\"https:\/\/nauticacentelles.cat\/fr\/\",\"name\":\"Nautica Centelles - Servicios de N\u00e1utica\",\"description\":\"Empresa especializada en todo tipo de servicios n\u00e1uticos, reparaci\u00f3n y mantenimiento de embarcaciones.\",\"publisher\":{\"@id\":\"https:\/\/nauticacentelles.cat\/fr\/#organization\"},\"potentialAction\":[{\"@type\":\"SearchAction\",\"target\":{\"@type\":\"EntryPoint\",\"urlTemplate\":\"https:\/\/nauticacentelles.cat\/fr\/?s={search_term_string}\"},\"query-input\":{\"@type\":\"PropertyValueSpecification\",\"valueRequired\":true,\"valueName\":\"search_term_string\"}}],\"inLanguage\":\"fr-FR\"},{\"@type\":\"Organization\",\"@id\":\"https:\/\/nauticacentelles.cat\/fr\/#organization\",\"name\":\"Nautica Centelles\",\"url\":\"https:\/\/nauticacentelles.cat\/fr\/\",\"logo\":{\"@type\":\"ImageObject\",\"inLanguage\":\"fr-FR\",\"@id\":\"https:\/\/nauticacentelles.cat\/fr\/#\/schema\/logo\/image\/\",\"url\":\"https:\/\/nauticacentelles.cat\/wp-content\/uploads\/2021\/12\/Logo-Nautica-Centelles-1024x445-1.png\",\"contentUrl\":\"https:\/\/nauticacentelles.cat\/wp-content\/uploads\/2021\/12\/Logo-Nautica-Centelles-1024x445-1.png\",\"width\":1024,\"height\":445,\"caption\":\"Nautica Centelles\"},\"image\":{\"@id\":\"https:\/\/nauticacentelles.cat\/fr\/#\/schema\/logo\/image\/\"}}]}<\/script>\n<!-- \/ Yoast SEO plugin. -->","yoast_head_json":{"title":"Bikini vert avec armatures - Nautica Centelles - Servicios de N\u00e1utica","description":"Bikini vert avec armatures non rembourr\u00e9es qui offrent un soutien exceptionnel \u00e0 votre poitrine, ce bikini assure confort et style.","robots":{"index":"index","follow":"follow","max-snippet":"max-snippet:-1","max-image-preview":"max-image-preview:large","max-video-preview":"max-video-preview:-1"},"canonical":"https:\/\/nauticacentelles.cat\/fr\/produit\/bikini-vert-avec-armatures\/","og_locale":"fr_FR","og_type":"article","og_title":"Bikini vert avec armatures - Nautica Centelles - Servicios de N\u00e1utica","og_description":"Bikini vert avec armatures non rembourr\u00e9es qui offrent un soutien exceptionnel \u00e0 votre poitrine, ce bikini assure confort et style.","og_url":"https:\/\/nauticacentelles.cat\/fr\/produit\/bikini-vert-avec-armatures\/","og_site_name":"Nautica Centelles - Servicios de N\u00e1utica","article_modified_time":"2024-11-20T10:36:09+00:00","og_image":[{"width":452,"height":452,"url":"https:\/\/nauticacentelles.cat\/wp-content\/uploads\/2024\/11\/docor-bikini-braga-alta-copa-d-426-1002d-3.jpg","type":"image\/jpeg"}],"twitter_card":"summary_large_image","schema":{"@context":"https:\/\/schema.org","@graph":[{"@type":"WebPage","@id":"https:\/\/nauticacentelles.cat\/fr\/produit\/bikini-vert-avec-armatures\/","url":"https:\/\/nauticacentelles.cat\/fr\/produit\/bikini-vert-avec-armatures\/","name":"Bikini vert avec armatures - Nautica Centelles - Servicios de N\u00e1utica","isPartOf":{"@id":"https:\/\/nauticacentelles.cat\/fr\/#website"},"primaryImageOfPage":{"@id":"https:\/\/nauticacentelles.cat\/fr\/produit\/bikini-vert-avec-armatures\/#primaryimage"},"image":{"@id":"https:\/\/nauticacentelles.cat\/fr\/produit\/bikini-vert-avec-armatures\/#primaryimage"},"thumbnailUrl":"https:\/\/nauticacentelles.cat\/wp-content\/uploads\/2024\/11\/docor-bikini-braga-alta-copa-d-426-1002d-3.jpg","datePublished":"2024-11-20T10:35:27+00:00","dateModified":"2024-11-20T10:36:09+00:00","description":"Bikini vert avec armatures non rembourr\u00e9es qui offrent un soutien exceptionnel \u00e0 votre poitrine, ce bikini assure confort et style.","breadcrumb":{"@id":"https:\/\/nauticacentelles.cat\/fr\/produit\/bikini-vert-avec-armatures\/#breadcrumb"},"inLanguage":"fr-FR","potentialAction":[{"@type":"ReadAction","target":["https:\/\/nauticacentelles.cat\/fr\/produit\/bikini-vert-avec-armatures\/"]}]},{"@type":"ImageObject","inLanguage":"fr-FR","@id":"https:\/\/nauticacentelles.cat\/fr\/produit\/bikini-vert-avec-armatures\/#primaryimage","url":"https:\/\/nauticacentelles.cat\/wp-content\/uploads\/2024\/11\/docor-bikini-braga-alta-copa-d-426-1002d-3.jpg","contentUrl":"https:\/\/nauticacentelles.cat\/wp-content\/uploads\/2024\/11\/docor-bikini-braga-alta-copa-d-426-1002d-3.jpg","width":452,"height":452},{"@type":"BreadcrumbList","@id":"https:\/\/nauticacentelles.cat\/fr\/produit\/bikini-vert-avec-armatures\/#breadcrumb","itemListElement":[{"@type":"ListItem","position":1,"name":"Portada","item":"https:\/\/nauticacentelles.cat\/fr\/"},{"@type":"ListItem","position":2,"name":"La Boutique","item":"https:\/\/nauticacentelles.cat\/fr\/la-boutique\/"},{"@type":"ListItem","position":3,"name":"Bikini vert avec armatures"}]},{"@type":"WebSite","@id":"https:\/\/nauticacentelles.cat\/fr\/#website","url":"https:\/\/nauticacentelles.cat\/fr\/","name":"Nautica Centelles - Servicios de N\u00e1utica","description":"Empresa especializada en todo tipo de servicios n\u00e1uticos, reparaci\u00f3n y mantenimiento de embarcaciones.","publisher":{"@id":"https:\/\/nauticacentelles.cat\/fr\/#organization"},"potentialAction":[{"@type":"SearchAction","target":{"@type":"EntryPoint","urlTemplate":"https:\/\/nauticacentelles.cat\/fr\/?s={search_term_string}"},"query-input":{"@type":"PropertyValueSpecification","valueRequired":true,"valueName":"search_term_string"}}],"inLanguage":"fr-FR"},{"@type":"Organization","@id":"https:\/\/nauticacentelles.cat\/fr\/#organization","name":"Nautica Centelles","url":"https:\/\/nauticacentelles.cat\/fr\/","logo":{"@type":"ImageObject","inLanguage":"fr-FR","@id":"https:\/\/nauticacentelles.cat\/fr\/#\/schema\/logo\/image\/","url":"https:\/\/nauticacentelles.cat\/wp-content\/uploads\/2021\/12\/Logo-Nautica-Centelles-1024x445-1.png","contentUrl":"https:\/\/nauticacentelles.cat\/wp-content\/uploads\/2021\/12\/Logo-Nautica-Centelles-1024x445-1.png","width":1024,"height":445,"caption":"Nautica Centelles"},"image":{"@id":"https:\/\/nauticacentelles.cat\/fr\/#\/schema\/logo\/image\/"}}]}},"brands":[{"id":291,"name":"Docor","slug":"docor"}],"_links":{"self":[{"href":"https:\/\/nauticacentelles.cat\/fr\/wp-json\/wp\/v2\/product\/5235","targetHints":{"allow":["GET"]}}],"collection":[{"href":"https:\/\/nauticacentelles.cat\/fr\/wp-json\/wp\/v2\/product"}],"about":[{"href":"https:\/\/nauticacentelles.cat\/fr\/wp-json\/wp\/v2\/types\/product"}],"replies":[{"embeddable":true,"href":"https:\/\/nauticacentelles.cat\/fr\/wp-json\/wp\/v2\/comments?post=5235"}],"wp:featuredmedia":[{"embeddable":true,"href":"https:\/\/nauticacentelles.cat\/fr\/wp-json\/wp\/v2\/media\/5167"}],"wp:attachment":[{"href":"https:\/\/nauticacentelles.cat\/fr\/wp-json\/wp\/v2\/media?parent=5235"}],"wp:term":[{"taxonomy":"pwb-brand","embeddable":true,"href":"https:\/\/nauticacentelles.cat\/fr\/wp-json\/wp\/v2\/pwb-brand?post=5235"},{"taxonomy":"product_brand","embeddable":true,"href":"https:\/\/nauticacentelles.cat\/fr\/wp-json\/wp\/v2\/product_brand?post=5235"},{"taxonomy":"product_cat","embeddable":true,"href":"https:\/\/nauticacentelles.cat\/fr\/wp-json\/wp\/v2\/product_cat?post=5235"},{"taxonomy":"product_tag","embeddable":true,"href":"https:\/\/nauticacentelles.cat\/fr\/wp-json\/wp\/v2\/product_tag?post=5235"}],"curies":[{"name":"wp","href":"https:\/\/api.w.org\/{rel}","templated":true}]}}