{"id":5385,"date":"2024-11-20T13:45:40","date_gmt":"2024-11-20T14:00:24","guid":{"rendered":"https:\/\/nauticacentelles.cat\/producto\/coulotte-bruna-tres-evele\/"},"modified":"2024-11-20T14:00:24","modified_gmt":"2024-11-20T14:00:24","slug":"coulotte-bruna-tres-evele","status":"publish","type":"product","link":"https:\/\/nauticacentelles.cat\/fr\/produit\/coulotte-bruna-tres-evele\/","title":{"rendered":"Coulotte Bruna tr\u00e8s \u00e9vel\u00e9"},"content":{"rendered":"<p>Coulotte bikini pour femme en microfibre avec un imprim\u00e9 de feuilles \u00e0 pois bleus dans diff\u00e9rentes nuances de bleu.<\/p>\n<p>86% Poliamida 14% Elastan.<\/p>\n<p>R\u00e9glable par des liens lat\u00e9raux pour s&rsquo;ajuster \u00e0 la hanche pour une couverture maximale.<\/p>\n","protected":false},"excerpt":{"rendered":"<p>Coulotte bikini pour femme en microfibre avec un imprim\u00e9 de feuilles \u00e0 pois bleus dans diff\u00e9rentes nuances de bleu. Tr\u00e8s \u00e9lev\u00e9.<\/p>\n","protected":false},"featured_media":5343,"comment_status":"closed","ping_status":"closed","template":"","meta":{"_monsterinsights_skip_tracking":false,"_monsterinsights_sitenote_active":false,"_monsterinsights_sitenote_note":"","_monsterinsights_sitenote_category":0},"pwb-brand":[272],"product_brand":[],"product_cat":[312,163,311],"product_tag":[313,319],"class_list":{"0":"post-5385","1":"product","2":"type-product","3":"status-publish","4":"has-post-thumbnail","6":"pwb-brand-onades","7":"product_cat-bikini-fr","8":"product_cat-femme","9":"product_cat-maillots-de-bain","10":"product_tag-culotte-bikini","11":"product_tag-maillot","13":"first","14":"instock","15":"sale","16":"shipping-taxable","17":"purchasable","18":"product-type-variable"},"yoast_head":"<!-- This site is optimized with the Yoast SEO plugin v27.2 - https:\/\/yoast.com\/product\/yoast-seo-wordpress\/ -->\n<title>Coulotte Bruna tr\u00e8s \u00e9vel\u00e9 - Nautica Centelles - Servicios de N\u00e1utica<\/title>\n<meta name=\"description\" content=\"Coulotte bikini pour femme en microfibre avec un imprim\u00e9 de feuilles \u00e0 pois bleus dans diff\u00e9rentes nuances de bleu. Tr\u00e8s \u00e9lev\u00e9. Coulotte bikini pour femme en microfibre avec un imprim\u00e9 de feuilles \u00e0 pois bleus dans diff\u00e9rentes nuances de bleu.86% Poliamida 14% Elastan.R\u00e9glable par des liens lat\u00e9raux pour s&#039;ajuster \u00e0 la hanche pour une couverture maximale.\" \/>\n<meta name=\"robots\" content=\"index, follow, max-snippet:-1, max-image-preview:large, max-video-preview:-1\" \/>\n<link rel=\"canonical\" href=\"https:\/\/nauticacentelles.cat\/fr\/produit\/coulotte-bruna-tres-evele\/\" \/>\n<meta property=\"og:locale\" content=\"fr_FR\" \/>\n<meta property=\"og:type\" content=\"article\" \/>\n<meta property=\"og:title\" content=\"Coulotte Bruna tr\u00e8s \u00e9vel\u00e9 - Nautica Centelles - Servicios de N\u00e1utica\" \/>\n<meta property=\"og:description\" content=\"Coulotte bikini pour femme en microfibre avec un imprim\u00e9 de feuilles \u00e0 pois bleus dans diff\u00e9rentes nuances de bleu. Tr\u00e8s \u00e9lev\u00e9. Coulotte bikini pour femme en microfibre avec un imprim\u00e9 de feuilles \u00e0 pois bleus dans diff\u00e9rentes nuances de bleu.86% Poliamida 14% Elastan.R\u00e9glable par des liens lat\u00e9raux pour s&#039;ajuster \u00e0 la hanche pour une couverture maximale.\" \/>\n<meta property=\"og:url\" content=\"https:\/\/nauticacentelles.cat\/fr\/produit\/coulotte-bruna-tres-evele\/\" \/>\n<meta property=\"og:site_name\" content=\"Nautica Centelles - Servicios de N\u00e1utica\" \/>\n<meta property=\"og:image\" content=\"https:\/\/nauticacentelles.cat\/wp-content\/uploads\/2024\/11\/bruna-extra-alta-7.jpg\" \/>\n\t<meta property=\"og:image:width\" content=\"484\" \/>\n\t<meta property=\"og:image:height\" content=\"600\" \/>\n\t<meta property=\"og:image:type\" content=\"image\/jpeg\" \/>\n<meta name=\"twitter:card\" content=\"summary_large_image\" \/>\n<script type=\"application\/ld+json\" class=\"yoast-schema-graph\">{\"@context\":\"https:\/\/schema.org\",\"@graph\":[{\"@type\":\"WebPage\",\"@id\":\"https:\/\/nauticacentelles.cat\/fr\/produit\/coulotte-bruna-tres-evele\/\",\"url\":\"https:\/\/nauticacentelles.cat\/fr\/produit\/coulotte-bruna-tres-evele\/\",\"name\":\"Coulotte Bruna tr\u00e8s \u00e9vel\u00e9 - Nautica Centelles - Servicios de N\u00e1utica\",\"isPartOf\":{\"@id\":\"https:\/\/nauticacentelles.cat\/fr\/#website\"},\"primaryImageOfPage\":{\"@id\":\"https:\/\/nauticacentelles.cat\/fr\/produit\/coulotte-bruna-tres-evele\/#primaryimage\"},\"image\":{\"@id\":\"https:\/\/nauticacentelles.cat\/fr\/produit\/coulotte-bruna-tres-evele\/#primaryimage\"},\"thumbnailUrl\":\"https:\/\/nauticacentelles.cat\/wp-content\/uploads\/2024\/11\/bruna-extra-alta-7.jpg\",\"datePublished\":\"2024-11-20T14:00:24+00:00\",\"description\":\"Coulotte bikini pour femme en microfibre avec un imprim\u00e9 de feuilles \u00e0 pois bleus dans diff\u00e9rentes nuances de bleu. Tr\u00e8s \u00e9lev\u00e9. Coulotte bikini pour femme en microfibre avec un imprim\u00e9 de feuilles \u00e0 pois bleus dans diff\u00e9rentes nuances de bleu.86% Poliamida 14% Elastan.R\u00e9glable par des liens lat\u00e9raux pour s'ajuster \u00e0 la hanche pour une couverture maximale.\",\"breadcrumb\":{\"@id\":\"https:\/\/nauticacentelles.cat\/fr\/produit\/coulotte-bruna-tres-evele\/#breadcrumb\"},\"inLanguage\":\"fr-FR\",\"potentialAction\":[{\"@type\":\"ReadAction\",\"target\":[\"https:\/\/nauticacentelles.cat\/fr\/produit\/coulotte-bruna-tres-evele\/\"]}]},{\"@type\":\"ImageObject\",\"inLanguage\":\"fr-FR\",\"@id\":\"https:\/\/nauticacentelles.cat\/fr\/produit\/coulotte-bruna-tres-evele\/#primaryimage\",\"url\":\"https:\/\/nauticacentelles.cat\/wp-content\/uploads\/2024\/11\/bruna-extra-alta-7.jpg\",\"contentUrl\":\"https:\/\/nauticacentelles.cat\/wp-content\/uploads\/2024\/11\/bruna-extra-alta-7.jpg\",\"width\":484,\"height\":600},{\"@type\":\"BreadcrumbList\",\"@id\":\"https:\/\/nauticacentelles.cat\/fr\/produit\/coulotte-bruna-tres-evele\/#breadcrumb\",\"itemListElement\":[{\"@type\":\"ListItem\",\"position\":1,\"name\":\"Portada\",\"item\":\"https:\/\/nauticacentelles.cat\/fr\/\"},{\"@type\":\"ListItem\",\"position\":2,\"name\":\"La Boutique\",\"item\":\"https:\/\/nauticacentelles.cat\/fr\/la-boutique\/\"},{\"@type\":\"ListItem\",\"position\":3,\"name\":\"Coulotte Bruna tr\u00e8s \u00e9vel\u00e9\"}]},{\"@type\":\"WebSite\",\"@id\":\"https:\/\/nauticacentelles.cat\/fr\/#website\",\"url\":\"https:\/\/nauticacentelles.cat\/fr\/\",\"name\":\"Nautica Centelles - Servicios de N\u00e1utica\",\"description\":\"Empresa especializada en todo tipo de servicios n\u00e1uticos, reparaci\u00f3n y mantenimiento de embarcaciones.\",\"publisher\":{\"@id\":\"https:\/\/nauticacentelles.cat\/fr\/#organization\"},\"potentialAction\":[{\"@type\":\"SearchAction\",\"target\":{\"@type\":\"EntryPoint\",\"urlTemplate\":\"https:\/\/nauticacentelles.cat\/fr\/?s={search_term_string}\"},\"query-input\":{\"@type\":\"PropertyValueSpecification\",\"valueRequired\":true,\"valueName\":\"search_term_string\"}}],\"inLanguage\":\"fr-FR\"},{\"@type\":\"Organization\",\"@id\":\"https:\/\/nauticacentelles.cat\/fr\/#organization\",\"name\":\"Nautica Centelles\",\"url\":\"https:\/\/nauticacentelles.cat\/fr\/\",\"logo\":{\"@type\":\"ImageObject\",\"inLanguage\":\"fr-FR\",\"@id\":\"https:\/\/nauticacentelles.cat\/fr\/#\/schema\/logo\/image\/\",\"url\":\"https:\/\/nauticacentelles.cat\/wp-content\/uploads\/2021\/12\/Logo-Nautica-Centelles-1024x445-1.png\",\"contentUrl\":\"https:\/\/nauticacentelles.cat\/wp-content\/uploads\/2021\/12\/Logo-Nautica-Centelles-1024x445-1.png\",\"width\":1024,\"height\":445,\"caption\":\"Nautica Centelles\"},\"image\":{\"@id\":\"https:\/\/nauticacentelles.cat\/fr\/#\/schema\/logo\/image\/\"}}]}<\/script>\n<!-- \/ Yoast SEO plugin. -->","yoast_head_json":{"title":"Coulotte Bruna tr\u00e8s \u00e9vel\u00e9 - Nautica Centelles - Servicios de N\u00e1utica","description":"Coulotte bikini pour femme en microfibre avec un imprim\u00e9 de feuilles \u00e0 pois bleus dans diff\u00e9rentes nuances de bleu. Tr\u00e8s \u00e9lev\u00e9. Coulotte bikini pour femme en microfibre avec un imprim\u00e9 de feuilles \u00e0 pois bleus dans diff\u00e9rentes nuances de bleu.86% Poliamida 14% Elastan.R\u00e9glable par des liens lat\u00e9raux pour s'ajuster \u00e0 la hanche pour une couverture maximale.","robots":{"index":"index","follow":"follow","max-snippet":"max-snippet:-1","max-image-preview":"max-image-preview:large","max-video-preview":"max-video-preview:-1"},"canonical":"https:\/\/nauticacentelles.cat\/fr\/produit\/coulotte-bruna-tres-evele\/","og_locale":"fr_FR","og_type":"article","og_title":"Coulotte Bruna tr\u00e8s \u00e9vel\u00e9 - Nautica Centelles - Servicios de N\u00e1utica","og_description":"Coulotte bikini pour femme en microfibre avec un imprim\u00e9 de feuilles \u00e0 pois bleus dans diff\u00e9rentes nuances de bleu. Tr\u00e8s \u00e9lev\u00e9. Coulotte bikini pour femme en microfibre avec un imprim\u00e9 de feuilles \u00e0 pois bleus dans diff\u00e9rentes nuances de bleu.86% Poliamida 14% Elastan.R\u00e9glable par des liens lat\u00e9raux pour s'ajuster \u00e0 la hanche pour une couverture maximale.","og_url":"https:\/\/nauticacentelles.cat\/fr\/produit\/coulotte-bruna-tres-evele\/","og_site_name":"Nautica Centelles - Servicios de N\u00e1utica","og_image":[{"width":484,"height":600,"url":"https:\/\/nauticacentelles.cat\/wp-content\/uploads\/2024\/11\/bruna-extra-alta-7.jpg","type":"image\/jpeg"}],"twitter_card":"summary_large_image","schema":{"@context":"https:\/\/schema.org","@graph":[{"@type":"WebPage","@id":"https:\/\/nauticacentelles.cat\/fr\/produit\/coulotte-bruna-tres-evele\/","url":"https:\/\/nauticacentelles.cat\/fr\/produit\/coulotte-bruna-tres-evele\/","name":"Coulotte Bruna tr\u00e8s \u00e9vel\u00e9 - Nautica Centelles - Servicios de N\u00e1utica","isPartOf":{"@id":"https:\/\/nauticacentelles.cat\/fr\/#website"},"primaryImageOfPage":{"@id":"https:\/\/nauticacentelles.cat\/fr\/produit\/coulotte-bruna-tres-evele\/#primaryimage"},"image":{"@id":"https:\/\/nauticacentelles.cat\/fr\/produit\/coulotte-bruna-tres-evele\/#primaryimage"},"thumbnailUrl":"https:\/\/nauticacentelles.cat\/wp-content\/uploads\/2024\/11\/bruna-extra-alta-7.jpg","datePublished":"2024-11-20T14:00:24+00:00","description":"Coulotte bikini pour femme en microfibre avec un imprim\u00e9 de feuilles \u00e0 pois bleus dans diff\u00e9rentes nuances de bleu. Tr\u00e8s \u00e9lev\u00e9. Coulotte bikini pour femme en microfibre avec un imprim\u00e9 de feuilles \u00e0 pois bleus dans diff\u00e9rentes nuances de bleu.86% Poliamida 14% Elastan.R\u00e9glable par des liens lat\u00e9raux pour s'ajuster \u00e0 la hanche pour une couverture maximale.","breadcrumb":{"@id":"https:\/\/nauticacentelles.cat\/fr\/produit\/coulotte-bruna-tres-evele\/#breadcrumb"},"inLanguage":"fr-FR","potentialAction":[{"@type":"ReadAction","target":["https:\/\/nauticacentelles.cat\/fr\/produit\/coulotte-bruna-tres-evele\/"]}]},{"@type":"ImageObject","inLanguage":"fr-FR","@id":"https:\/\/nauticacentelles.cat\/fr\/produit\/coulotte-bruna-tres-evele\/#primaryimage","url":"https:\/\/nauticacentelles.cat\/wp-content\/uploads\/2024\/11\/bruna-extra-alta-7.jpg","contentUrl":"https:\/\/nauticacentelles.cat\/wp-content\/uploads\/2024\/11\/bruna-extra-alta-7.jpg","width":484,"height":600},{"@type":"BreadcrumbList","@id":"https:\/\/nauticacentelles.cat\/fr\/produit\/coulotte-bruna-tres-evele\/#breadcrumb","itemListElement":[{"@type":"ListItem","position":1,"name":"Portada","item":"https:\/\/nauticacentelles.cat\/fr\/"},{"@type":"ListItem","position":2,"name":"La Boutique","item":"https:\/\/nauticacentelles.cat\/fr\/la-boutique\/"},{"@type":"ListItem","position":3,"name":"Coulotte Bruna tr\u00e8s \u00e9vel\u00e9"}]},{"@type":"WebSite","@id":"https:\/\/nauticacentelles.cat\/fr\/#website","url":"https:\/\/nauticacentelles.cat\/fr\/","name":"Nautica Centelles - Servicios de N\u00e1utica","description":"Empresa especializada en todo tipo de servicios n\u00e1uticos, reparaci\u00f3n y mantenimiento de embarcaciones.","publisher":{"@id":"https:\/\/nauticacentelles.cat\/fr\/#organization"},"potentialAction":[{"@type":"SearchAction","target":{"@type":"EntryPoint","urlTemplate":"https:\/\/nauticacentelles.cat\/fr\/?s={search_term_string}"},"query-input":{"@type":"PropertyValueSpecification","valueRequired":true,"valueName":"search_term_string"}}],"inLanguage":"fr-FR"},{"@type":"Organization","@id":"https:\/\/nauticacentelles.cat\/fr\/#organization","name":"Nautica Centelles","url":"https:\/\/nauticacentelles.cat\/fr\/","logo":{"@type":"ImageObject","inLanguage":"fr-FR","@id":"https:\/\/nauticacentelles.cat\/fr\/#\/schema\/logo\/image\/","url":"https:\/\/nauticacentelles.cat\/wp-content\/uploads\/2021\/12\/Logo-Nautica-Centelles-1024x445-1.png","contentUrl":"https:\/\/nauticacentelles.cat\/wp-content\/uploads\/2021\/12\/Logo-Nautica-Centelles-1024x445-1.png","width":1024,"height":445,"caption":"Nautica Centelles"},"image":{"@id":"https:\/\/nauticacentelles.cat\/fr\/#\/schema\/logo\/image\/"}}]}},"brands":[{"id":272,"name":"ONADES","slug":"onades"}],"_links":{"self":[{"href":"https:\/\/nauticacentelles.cat\/fr\/wp-json\/wp\/v2\/product\/5385","targetHints":{"allow":["GET"]}}],"collection":[{"href":"https:\/\/nauticacentelles.cat\/fr\/wp-json\/wp\/v2\/product"}],"about":[{"href":"https:\/\/nauticacentelles.cat\/fr\/wp-json\/wp\/v2\/types\/product"}],"replies":[{"embeddable":true,"href":"https:\/\/nauticacentelles.cat\/fr\/wp-json\/wp\/v2\/comments?post=5385"}],"wp:featuredmedia":[{"embeddable":true,"href":"https:\/\/nauticacentelles.cat\/fr\/wp-json\/wp\/v2\/media\/5343"}],"wp:attachment":[{"href":"https:\/\/nauticacentelles.cat\/fr\/wp-json\/wp\/v2\/media?parent=5385"}],"wp:term":[{"taxonomy":"pwb-brand","embeddable":true,"href":"https:\/\/nauticacentelles.cat\/fr\/wp-json\/wp\/v2\/pwb-brand?post=5385"},{"taxonomy":"product_brand","embeddable":true,"href":"https:\/\/nauticacentelles.cat\/fr\/wp-json\/wp\/v2\/product_brand?post=5385"},{"taxonomy":"product_cat","embeddable":true,"href":"https:\/\/nauticacentelles.cat\/fr\/wp-json\/wp\/v2\/product_cat?post=5385"},{"taxonomy":"product_tag","embeddable":true,"href":"https:\/\/nauticacentelles.cat\/fr\/wp-json\/wp\/v2\/product_tag?post=5385"}],"curies":[{"name":"wp","href":"https:\/\/api.w.org\/{rel}","templated":true}]}}