{"id":6115,"date":"2024-02-26T14:33:08","date_gmt":"2025-02-19T16:18:15","guid":{"rendered":"https:\/\/nauticacentelles.cat\/producto\/saladier-de-sardines\/"},"modified":"2025-02-19T16:18:15","modified_gmt":"2025-02-19T16:18:15","slug":"saladier-de-sardines","status":"publish","type":"product","link":"https:\/\/nauticacentelles.cat\/fr\/produit\/saladier-de-sardines\/","title":{"rendered":"Saladier de sardines"},"content":{"rendered":"<p>Saladier de sardines<\/p>\n","protected":false},"excerpt":{"rendered":"<p>Saladier de sardines<\/p>\n","protected":false},"featured_media":3773,"comment_status":"closed","ping_status":"closed","template":"","meta":{"_monsterinsights_skip_tracking":false,"_monsterinsights_sitenote_active":false,"_monsterinsights_sitenote_note":"","_monsterinsights_sitenote_category":0},"pwb-brand":[],"product_brand":[],"product_cat":[155,153],"product_tag":[],"class_list":{"0":"post-6115","1":"product","2":"type-product","3":"status-publish","4":"has-post-thumbnail","6":"product_cat-cuisine","7":"product_cat-decor","9":"first","10":"instock","11":"sale","12":"shipping-taxable","13":"purchasable","14":"product-type-simple"},"yoast_head":"<!-- This site is optimized with the Yoast SEO plugin v27.2 - https:\/\/yoast.com\/product\/yoast-seo-wordpress\/ -->\n<title>Saladier de sardines - Nautica Centelles - Servicios de N\u00e1utica<\/title>\n<meta name=\"robots\" content=\"index, follow, max-snippet:-1, max-image-preview:large, max-video-preview:-1\" \/>\n<link rel=\"canonical\" href=\"https:\/\/nauticacentelles.cat\/fr\/produit\/saladier-de-sardines\/\" \/>\n<meta property=\"og:locale\" content=\"fr_FR\" \/>\n<meta property=\"og:type\" content=\"article\" \/>\n<meta property=\"og:title\" content=\"Saladier de sardines - Nautica Centelles - Servicios de N\u00e1utica\" \/>\n<meta property=\"og:description\" content=\"Saladier de sardines\" \/>\n<meta property=\"og:url\" content=\"https:\/\/nauticacentelles.cat\/fr\/produit\/saladier-de-sardines\/\" \/>\n<meta property=\"og:site_name\" content=\"Nautica Centelles - Servicios de N\u00e1utica\" \/>\n<meta property=\"og:image\" content=\"https:\/\/nauticacentelles.cat\/wp-content\/uploads\/2024\/02\/20230926_163005.jpg\" \/>\n\t<meta property=\"og:image:width\" content=\"950\" \/>\n\t<meta property=\"og:image:height\" content=\"969\" \/>\n\t<meta property=\"og:image:type\" content=\"image\/jpeg\" \/>\n<meta name=\"twitter:card\" content=\"summary_large_image\" \/>\n<script type=\"application\/ld+json\" class=\"yoast-schema-graph\">{\"@context\":\"https:\/\/schema.org\",\"@graph\":[{\"@type\":\"WebPage\",\"@id\":\"https:\/\/nauticacentelles.cat\/fr\/produit\/saladier-de-sardines\/\",\"url\":\"https:\/\/nauticacentelles.cat\/fr\/produit\/saladier-de-sardines\/\",\"name\":\"Saladier de sardines - Nautica Centelles - Servicios de N\u00e1utica\",\"isPartOf\":{\"@id\":\"https:\/\/nauticacentelles.cat\/fr\/#website\"},\"primaryImageOfPage\":{\"@id\":\"https:\/\/nauticacentelles.cat\/fr\/produit\/saladier-de-sardines\/#primaryimage\"},\"image\":{\"@id\":\"https:\/\/nauticacentelles.cat\/fr\/produit\/saladier-de-sardines\/#primaryimage\"},\"thumbnailUrl\":\"https:\/\/nauticacentelles.cat\/wp-content\/uploads\/2024\/02\/20230926_163005.jpg\",\"datePublished\":\"2025-02-19T16:18:15+00:00\",\"breadcrumb\":{\"@id\":\"https:\/\/nauticacentelles.cat\/fr\/produit\/saladier-de-sardines\/#breadcrumb\"},\"inLanguage\":\"fr-FR\",\"potentialAction\":[{\"@type\":\"ReadAction\",\"target\":[\"https:\/\/nauticacentelles.cat\/fr\/produit\/saladier-de-sardines\/\"]}]},{\"@type\":\"ImageObject\",\"inLanguage\":\"fr-FR\",\"@id\":\"https:\/\/nauticacentelles.cat\/fr\/produit\/saladier-de-sardines\/#primaryimage\",\"url\":\"https:\/\/nauticacentelles.cat\/wp-content\/uploads\/2024\/02\/20230926_163005.jpg\",\"contentUrl\":\"https:\/\/nauticacentelles.cat\/wp-content\/uploads\/2024\/02\/20230926_163005.jpg\",\"width\":950,\"height\":969,\"caption\":\"Ensaladera \\\"Sardinas\\\"\"},{\"@type\":\"BreadcrumbList\",\"@id\":\"https:\/\/nauticacentelles.cat\/fr\/produit\/saladier-de-sardines\/#breadcrumb\",\"itemListElement\":[{\"@type\":\"ListItem\",\"position\":1,\"name\":\"Portada\",\"item\":\"https:\/\/nauticacentelles.cat\/fr\/\"},{\"@type\":\"ListItem\",\"position\":2,\"name\":\"La Boutique\",\"item\":\"https:\/\/nauticacentelles.cat\/fr\/la-boutique\/\"},{\"@type\":\"ListItem\",\"position\":3,\"name\":\"Saladier de sardines\"}]},{\"@type\":\"WebSite\",\"@id\":\"https:\/\/nauticacentelles.cat\/fr\/#website\",\"url\":\"https:\/\/nauticacentelles.cat\/fr\/\",\"name\":\"Nautica Centelles - Servicios de N\u00e1utica\",\"description\":\"Empresa especializada en todo tipo de servicios n\u00e1uticos, reparaci\u00f3n y mantenimiento de embarcaciones.\",\"publisher\":{\"@id\":\"https:\/\/nauticacentelles.cat\/fr\/#organization\"},\"potentialAction\":[{\"@type\":\"SearchAction\",\"target\":{\"@type\":\"EntryPoint\",\"urlTemplate\":\"https:\/\/nauticacentelles.cat\/fr\/?s={search_term_string}\"},\"query-input\":{\"@type\":\"PropertyValueSpecification\",\"valueRequired\":true,\"valueName\":\"search_term_string\"}}],\"inLanguage\":\"fr-FR\"},{\"@type\":\"Organization\",\"@id\":\"https:\/\/nauticacentelles.cat\/fr\/#organization\",\"name\":\"Nautica Centelles\",\"url\":\"https:\/\/nauticacentelles.cat\/fr\/\",\"logo\":{\"@type\":\"ImageObject\",\"inLanguage\":\"fr-FR\",\"@id\":\"https:\/\/nauticacentelles.cat\/fr\/#\/schema\/logo\/image\/\",\"url\":\"https:\/\/nauticacentelles.cat\/wp-content\/uploads\/2021\/12\/Logo-Nautica-Centelles-1024x445-1.png\",\"contentUrl\":\"https:\/\/nauticacentelles.cat\/wp-content\/uploads\/2021\/12\/Logo-Nautica-Centelles-1024x445-1.png\",\"width\":1024,\"height\":445,\"caption\":\"Nautica Centelles\"},\"image\":{\"@id\":\"https:\/\/nauticacentelles.cat\/fr\/#\/schema\/logo\/image\/\"}}]}<\/script>\n<!-- \/ Yoast SEO plugin. -->","yoast_head_json":{"title":"Saladier de sardines - Nautica Centelles - Servicios de N\u00e1utica","robots":{"index":"index","follow":"follow","max-snippet":"max-snippet:-1","max-image-preview":"max-image-preview:large","max-video-preview":"max-video-preview:-1"},"canonical":"https:\/\/nauticacentelles.cat\/fr\/produit\/saladier-de-sardines\/","og_locale":"fr_FR","og_type":"article","og_title":"Saladier de sardines - Nautica Centelles - Servicios de N\u00e1utica","og_description":"Saladier de sardines","og_url":"https:\/\/nauticacentelles.cat\/fr\/produit\/saladier-de-sardines\/","og_site_name":"Nautica Centelles - Servicios de N\u00e1utica","og_image":[{"width":950,"height":969,"url":"https:\/\/nauticacentelles.cat\/wp-content\/uploads\/2024\/02\/20230926_163005.jpg","type":"image\/jpeg"}],"twitter_card":"summary_large_image","schema":{"@context":"https:\/\/schema.org","@graph":[{"@type":"WebPage","@id":"https:\/\/nauticacentelles.cat\/fr\/produit\/saladier-de-sardines\/","url":"https:\/\/nauticacentelles.cat\/fr\/produit\/saladier-de-sardines\/","name":"Saladier de sardines - Nautica Centelles - Servicios de N\u00e1utica","isPartOf":{"@id":"https:\/\/nauticacentelles.cat\/fr\/#website"},"primaryImageOfPage":{"@id":"https:\/\/nauticacentelles.cat\/fr\/produit\/saladier-de-sardines\/#primaryimage"},"image":{"@id":"https:\/\/nauticacentelles.cat\/fr\/produit\/saladier-de-sardines\/#primaryimage"},"thumbnailUrl":"https:\/\/nauticacentelles.cat\/wp-content\/uploads\/2024\/02\/20230926_163005.jpg","datePublished":"2025-02-19T16:18:15+00:00","breadcrumb":{"@id":"https:\/\/nauticacentelles.cat\/fr\/produit\/saladier-de-sardines\/#breadcrumb"},"inLanguage":"fr-FR","potentialAction":[{"@type":"ReadAction","target":["https:\/\/nauticacentelles.cat\/fr\/produit\/saladier-de-sardines\/"]}]},{"@type":"ImageObject","inLanguage":"fr-FR","@id":"https:\/\/nauticacentelles.cat\/fr\/produit\/saladier-de-sardines\/#primaryimage","url":"https:\/\/nauticacentelles.cat\/wp-content\/uploads\/2024\/02\/20230926_163005.jpg","contentUrl":"https:\/\/nauticacentelles.cat\/wp-content\/uploads\/2024\/02\/20230926_163005.jpg","width":950,"height":969,"caption":"Ensaladera \"Sardinas\""},{"@type":"BreadcrumbList","@id":"https:\/\/nauticacentelles.cat\/fr\/produit\/saladier-de-sardines\/#breadcrumb","itemListElement":[{"@type":"ListItem","position":1,"name":"Portada","item":"https:\/\/nauticacentelles.cat\/fr\/"},{"@type":"ListItem","position":2,"name":"La Boutique","item":"https:\/\/nauticacentelles.cat\/fr\/la-boutique\/"},{"@type":"ListItem","position":3,"name":"Saladier de sardines"}]},{"@type":"WebSite","@id":"https:\/\/nauticacentelles.cat\/fr\/#website","url":"https:\/\/nauticacentelles.cat\/fr\/","name":"Nautica Centelles - Servicios de N\u00e1utica","description":"Empresa especializada en todo tipo de servicios n\u00e1uticos, reparaci\u00f3n y mantenimiento de embarcaciones.","publisher":{"@id":"https:\/\/nauticacentelles.cat\/fr\/#organization"},"potentialAction":[{"@type":"SearchAction","target":{"@type":"EntryPoint","urlTemplate":"https:\/\/nauticacentelles.cat\/fr\/?s={search_term_string}"},"query-input":{"@type":"PropertyValueSpecification","valueRequired":true,"valueName":"search_term_string"}}],"inLanguage":"fr-FR"},{"@type":"Organization","@id":"https:\/\/nauticacentelles.cat\/fr\/#organization","name":"Nautica Centelles","url":"https:\/\/nauticacentelles.cat\/fr\/","logo":{"@type":"ImageObject","inLanguage":"fr-FR","@id":"https:\/\/nauticacentelles.cat\/fr\/#\/schema\/logo\/image\/","url":"https:\/\/nauticacentelles.cat\/wp-content\/uploads\/2021\/12\/Logo-Nautica-Centelles-1024x445-1.png","contentUrl":"https:\/\/nauticacentelles.cat\/wp-content\/uploads\/2021\/12\/Logo-Nautica-Centelles-1024x445-1.png","width":1024,"height":445,"caption":"Nautica Centelles"},"image":{"@id":"https:\/\/nauticacentelles.cat\/fr\/#\/schema\/logo\/image\/"}}]}},"brands":[],"_links":{"self":[{"href":"https:\/\/nauticacentelles.cat\/fr\/wp-json\/wp\/v2\/product\/6115","targetHints":{"allow":["GET"]}}],"collection":[{"href":"https:\/\/nauticacentelles.cat\/fr\/wp-json\/wp\/v2\/product"}],"about":[{"href":"https:\/\/nauticacentelles.cat\/fr\/wp-json\/wp\/v2\/types\/product"}],"replies":[{"embeddable":true,"href":"https:\/\/nauticacentelles.cat\/fr\/wp-json\/wp\/v2\/comments?post=6115"}],"wp:featuredmedia":[{"embeddable":true,"href":"https:\/\/nauticacentelles.cat\/fr\/wp-json\/wp\/v2\/media\/3773"}],"wp:attachment":[{"href":"https:\/\/nauticacentelles.cat\/fr\/wp-json\/wp\/v2\/media?parent=6115"}],"wp:term":[{"taxonomy":"pwb-brand","embeddable":true,"href":"https:\/\/nauticacentelles.cat\/fr\/wp-json\/wp\/v2\/pwb-brand?post=6115"},{"taxonomy":"product_brand","embeddable":true,"href":"https:\/\/nauticacentelles.cat\/fr\/wp-json\/wp\/v2\/product_brand?post=6115"},{"taxonomy":"product_cat","embeddable":true,"href":"https:\/\/nauticacentelles.cat\/fr\/wp-json\/wp\/v2\/product_cat?post=6115"},{"taxonomy":"product_tag","embeddable":true,"href":"https:\/\/nauticacentelles.cat\/fr\/wp-json\/wp\/v2\/product_tag?post=6115"}],"curies":[{"name":"wp","href":"https:\/\/api.w.org\/{rel}","templated":true}]}}